{"id":965,"date":"2016-11-01T19:48:53","date_gmt":"2016-11-01T19:48:53","guid":{"rendered":"http:\/\/localhost\/wordpress\/?page_id=965"},"modified":"2019-06-27T20:12:13","modified_gmt":"2019-06-27T20:12:13","slug":"presidente-de-la-asociacion-nacional-de-ciegos-de-cuba-visita-el-centro-de-linguistica-aplicada","status":"publish","type":"page","link":"https:\/\/www.cla.cu\/es\/presidente-de-la-asociacion-nacional-de-ciegos-de-cuba-visita-el-centro-de-linguistica-aplicada\/","title":{"rendered":"Presidente de la Asociaci\u00f3n Nacional de Ciegos de Cuba visita el Centro de Ling\u00fc\u00edstica Aplicada"},"content":{"rendered":"<div class=\"art-PostContent\">\r\n<div class=\"art-article\">\r\n<p style=\"text-align: justify;\">El 30 de junio del 2013 el presidente de la Asociaci\u00f3n Nacional de Ciegos de Cuba (ANCI), Dr. Jos\u00e9 Blanch Ferrer, visit\u00f3 el Centro de Ling\u00fc\u00edstica Aplicada acompa\u00f1ado de varios presidentes provinciales de la asociaci\u00f3n con el objetivo de conocer las labores de este centro de investigaciones.<\/p>\r\n<p style=\"text-align: justify;\">El Dr. Vitelio Ruiz Hern\u00e1ndez y la Dra. Elo\u00edna Miyares Berm\u00fadez, fundadores del CLA, junto al Dr. Leonel Ruiz Miyares, director de la instituci\u00f3n, explicaron a los visitantes los estudios que realizan en la actualidad, entre los cuales se encuentra el primer <strong>diccionario auditivo para invidentes<\/strong>. Los especialistas explicaron a los visitantes que se trata de confeccionar la versi\u00f3n auditiva del <em>Diccionario B\u00e1sico Escolar<\/em>, obra del CLA, lo que motiv\u00f3 sobremanera a los directivos de la ANCI por la ayuda que brindar\u00e1 a sus miembros ese novedoso resultado. <strong>(30 de junio del 2013).<\/strong><\/p>\r\n\r\n<\/div>\r\n<\/div>","protected":false},"excerpt":{"rendered":"<p>El 30 de junio del 2013 el presidente de la Asociaci\u00f3n Nacional de Ciegos de Cuba (ANCI), Dr. Jos\u00e9 Blanch Ferrer, visit\u00f3 el Centro de Ling\u00fc\u00edstica Aplicada acompa\u00f1ado de varios presidentes provinciales de la asociaci\u00f3n con el objetivo de conocer <a href=\"https:\/\/www.cla.cu\/es\/presidente-de-la-asociacion-nacional-de-ciegos-de-cuba-visita-el-centro-de-linguistica-aplicada\/\" class=\"read-more\">Seguir leyendo &#8230;<\/a><\/p>\n","protected":false},"author":1,"featured_media":0,"parent":0,"menu_order":0,"comment_status":"closed","ping_status":"closed","template":"","meta":[],"_links":{"self":[{"href":"https:\/\/www.cla.cu\/es\/wp-json\/wp\/v2\/pages\/965"}],"collection":[{"href":"https:\/\/www.cla.cu\/es\/wp-json\/wp\/v2\/pages"}],"about":[{"href":"https:\/\/www.cla.cu\/es\/wp-json\/wp\/v2\/types\/page"}],"author":[{"embeddable":true,"href":"https:\/\/www.cla.cu\/es\/wp-json\/wp\/v2\/users\/1"}],"replies":[{"embeddable":true,"href":"https:\/\/www.cla.cu\/es\/wp-json\/wp\/v2\/comments?post=965"}],"version-history":[{"count":2,"href":"https:\/\/www.cla.cu\/es\/wp-json\/wp\/v2\/pages\/965\/revisions"}],"predecessor-version":[{"id":1644,"href":"https:\/\/www.cla.cu\/es\/wp-json\/wp\/v2\/pages\/965\/revisions\/1644"}],"wp:attachment":[{"href":"https:\/\/www.cla.cu\/es\/wp-json\/wp\/v2\/media?parent=965"}],"curies":[{"name":"wp","href":"https:\/\/api.w.org\/{rel}","templated":true}]}}