{"id":959,"date":"2016-11-01T19:46:29","date_gmt":"2016-11-01T19:46:29","guid":{"rendered":"http:\/\/localhost\/wordpress\/?page_id=959"},"modified":"2019-06-27T20:08:10","modified_gmt":"2019-06-27T20:08:10","slug":"centro-de-linguistica-aplicada-recibe-certificado-de-excelencia-cientifica","status":"publish","type":"page","link":"https:\/\/www.cla.cu\/es\/centro-de-linguistica-aplicada-recibe-certificado-de-excelencia-cientifica\/","title":{"rendered":"Centro de Ling\u00fc\u00edstica Aplicada recibe certificado de excelencia cient\u00edfica"},"content":{"rendered":"<p style=\"text-align: justify;\"><a href=\"http:\/\/www.cla.cu\/clanuevo\/wp-content\/uploads\/2016\/11\/CIMG2341.jpg\"><img class=\"alignleft wp-image-960 size-medium\" src=\"http:\/\/www.cla.cu\/clanuevo\/wp-content\/uploads\/2016\/11\/CIMG2341-300x230.jpg\" alt=\"CIMG2341\" width=\"300\" height=\"230\" \/><\/a>El lunes 8 de julio del 2013 el Centro de Ling\u00fc\u00edstica Aplicada recibi\u00f3 de manos de la Lic. Georgina Bonilla Pimentel, miembro del secretariado nacional de la CTC y secretaria general de nuestro Sindicato Nacional de Trabajadores de las Ciencias el certificado de <strong>Excelencia Cient\u00edfica<\/strong>.<\/p>\r\n<p style=\"text-align: justify;\">Este acontecimiento estuvo presidido por la Lic. Georgina Bonilla, la compa\u00f1era Tania Medina Barrientos, secretaria general del comit\u00e9 provincial del Sindicato de las Ciencias, junto a nuestros H\u00e9roes del Trabajo de la Rep\u00fablica de Cuba y fundadores del Centro de Ling\u00fc\u00edstica Aplicada, doctores Elo\u00edna Miyares Berm\u00fadez y Vitelio Ruiz Hern\u00e1ndez, y el director del mismo, Leonel Ruiz Miyares. Luego de entonar las notas del Himno Nacional, los presentes recibieron el \u201casalto\u201d de nuestra asesora jur\u00eddica, Lic. D\u00e1marys N\u00fa\u00f1ez Garc\u00eda quien nos declam\u00f3 \u201cEra la ma\u00f1ana de la Santa Ana\u201d, de Jes\u00fas Orta Ruiz, el Indio Nabor\u00ed. Este reconocimiento, m\u00e1s que el homenaje al trabajo realizado, fue el compromiso para el trabajo venidero. <strong>(8 de julio del 2013).<\/strong><\/p>\r\n<a href=\"http:\/\/www.cla.cu\/clanuevo\/wp-content\/uploads\/2016\/11\/CIMG2347.jpg\"><img class=\"alignnone wp-image-962 size-medium\" src=\"http:\/\/www.cla.cu\/clanuevo\/wp-content\/uploads\/2016\/11\/CIMG2347-300x225.jpg\" alt=\"CIMG2347\" width=\"300\" height=\"225\" \/><\/a> <a href=\"http:\/\/www.cla.cu\/clanuevo\/wp-content\/uploads\/2016\/11\/CIMG2354.jpg\"><img class=\"alignnone wp-image-963 size-medium\" src=\"http:\/\/www.cla.cu\/clanuevo\/wp-content\/uploads\/2016\/11\/CIMG2354-300x225.jpg\" alt=\"CIMG2354\" width=\"300\" height=\"225\" \/><\/a> <a href=\"http:\/\/www.cla.cu\/clanuevo\/wp-content\/uploads\/2016\/11\/CIMG2346.jpg\"><img class=\"alignnone wp-image-961 size-medium\" src=\"http:\/\/www.cla.cu\/clanuevo\/wp-content\/uploads\/2016\/11\/CIMG2346-300x225.jpg\" alt=\"CIMG2346\" width=\"300\" height=\"225\" \/><\/a>","protected":false},"excerpt":{"rendered":"<p>El lunes 8 de julio del 2013 el Centro de Ling\u00fc\u00edstica Aplicada recibi\u00f3 de manos de la Lic. Georgina Bonilla Pimentel, miembro del secretariado nacional de la CTC y secretaria general de nuestro Sindicato Nacional de Trabajadores de las Ciencias <a href=\"https:\/\/www.cla.cu\/es\/centro-de-linguistica-aplicada-recibe-certificado-de-excelencia-cientifica\/\" class=\"read-more\">Seguir leyendo &#8230;<\/a><\/p>\n","protected":false},"author":1,"featured_media":0,"parent":0,"menu_order":0,"comment_status":"closed","ping_status":"closed","template":"","meta":[],"_links":{"self":[{"href":"https:\/\/www.cla.cu\/es\/wp-json\/wp\/v2\/pages\/959"}],"collection":[{"href":"https:\/\/www.cla.cu\/es\/wp-json\/wp\/v2\/pages"}],"about":[{"href":"https:\/\/www.cla.cu\/es\/wp-json\/wp\/v2\/types\/page"}],"author":[{"embeddable":true,"href":"https:\/\/www.cla.cu\/es\/wp-json\/wp\/v2\/users\/1"}],"replies":[{"embeddable":true,"href":"https:\/\/www.cla.cu\/es\/wp-json\/wp\/v2\/comments?post=959"}],"version-history":[{"count":2,"href":"https:\/\/www.cla.cu\/es\/wp-json\/wp\/v2\/pages\/959\/revisions"}],"predecessor-version":[{"id":1642,"href":"https:\/\/www.cla.cu\/es\/wp-json\/wp\/v2\/pages\/959\/revisions\/1642"}],"wp:attachment":[{"href":"https:\/\/www.cla.cu\/es\/wp-json\/wp\/v2\/media?parent=959"}],"curies":[{"name":"wp","href":"https:\/\/api.w.org\/{rel}","templated":true}]}}