{"id":954,"date":"2016-11-01T19:34:37","date_gmt":"2016-11-01T19:34:37","guid":{"rendered":"http:\/\/localhost\/wordpress\/?page_id=954"},"modified":"2019-06-27T20:07:31","modified_gmt":"2019-06-27T20:07:31","slug":"celebra-el-centro-de-linguistica-aplicada-forum-btj-brigadas-tecnicas-juveniles","status":"publish","type":"page","link":"https:\/\/www.cla.cu\/es\/celebra-el-centro-de-linguistica-aplicada-forum-btj-brigadas-tecnicas-juveniles\/","title":{"rendered":"Celebra el Centro de Ling\u00fc\u00edstica Aplicada F\u00f3rum-BTJ (Brigadas T\u00e9cnicas Juveniles)"},"content":{"rendered":"<p style=\"text-align: justify;\"><a href=\"http:\/\/www.cla.cu\/clanuevo\/wp-content\/uploads\/2016\/06\/3.jpg\"><img class=\"alignleft wp-image-752 size-medium\" src=\"http:\/\/www.cla.cu\/clanuevo\/wp-content\/uploads\/2016\/06\/3-300x225.jpg\" alt=\"3\" width=\"300\" height=\"225\" \/><\/a>Los trabajadores del CLA se reunieron este martes 9 de julio del 2013 en la sede de la instituci\u00f3n con el prop\u00f3sito de dar a conocer sus principales resultados cient\u00edficos. Esta vez fueron convocados para la realizaci\u00f3n del F\u00f3rum-BTJ, evento que se realiza anualmente, con el objetivo de intercambiar y debatir ponencias sobre diversas tem\u00e1ticas, entre ellas: Lexicolog\u00eda, Morfolog\u00eda, Afijaci\u00f3n y L\u00e9xico. Tambi\u00e9n se presentaron trabajos de divulgaci\u00f3n relacionados con la labor del Centro.<\/p>\r\n<p style=\"text-align: justify;\">Tuvimos el honor de contar con la participaci\u00f3n del presidente provincial de las Brigadas T\u00e9cnicas Juveniles, Maikel de la Fe L\u00f3pez y de su vicepresidente Ra\u00fal Mill\u00e1n, as\u00ed como con una representaci\u00f3n de la Delegaci\u00f3n Territorial del CITMA en Santiago de Cuba. El jurado estuvo formado por el Dr. Vitelio Ruiz Hern\u00e1ndez como presidente, la MSc. Mileidis Quintana Polanco como secretaria y la Lic. Fidelia Pozo Pozo como miembro.<\/p>\r\n<p style=\"text-align: justify;\">Resultaron premiados los trabajos <em>El Centro de Ling\u00fc\u00edstica Aplicada y su influencia en el idioma a trav\u00e9s de los medios de difusi\u00f3n masiva<\/em> de las autoras Dra. Elo\u00edna Miyares Berm\u00fadez y Lic. Yamilka P\u00e9rez Joa, los juegos did\u00e1cticos <em>Isla del saber y Por la ruta del saber, <\/em>presentados y dirigidos por la Dra Celia P\u00e9rez Marqu\u00e9s, y que es producto de un colectivo de autores del CLA y del equipo de software de Universidad Pedag\u00f3gica \u201cFrank Pa\u00eds Garc\u00eda\u201d, <em>Diccionario Escolar Ilustrado, versi\u00f3n electr\u00f3nica<\/em> de la Dra. Elo\u00edna Miyares Berm\u00fadez, Lic. Nancy \u00c1lamo Su\u00e1rez, Dra. Celia P\u00e9rez Marqu\u00e9s, Dr. Leonel Ruiz Miyares y Lic. Roberto Heredia Gonz\u00e1lez y el trabajo<em>Sitio web biling\u00fce del Centro de Ling\u00fc\u00edstica Aplicada <\/em>del Dr. Leonel Ruiz Miyares, T\u00e9c. Rafael Acosta S\u00e1nchez, Lic. Bladimir Cuello La O y Lic. Roberto Heredia Gonz\u00e1lez. <strong>(9 de julio del 2013)<\/strong>.<\/p>\r\n<a href=\"http:\/\/www.cla.cu\/clanuevo\/wp-content\/uploads\/2016\/06\/DSC05615.jpg\"><img class=\"alignnone wp-image-345 size-medium\" src=\"http:\/\/www.cla.cu\/clanuevo\/wp-content\/uploads\/2016\/06\/DSC05615-300x225.jpg\" alt=\"DSC05615\" width=\"300\" height=\"225\" \/><\/a><a href=\"http:\/\/www.cla.cu\/clanuevo\/wp-content\/uploads\/2016\/11\/DSC05636.jpg\"><img class=\"alignnone wp-image-956 size-medium\" src=\"http:\/\/www.cla.cu\/clanuevo\/wp-content\/uploads\/2016\/11\/DSC05636-300x225.jpg\" alt=\"DSC05636\" width=\"300\" height=\"225\" \/><\/a> <a href=\"http:\/\/www.cla.cu\/clanuevo\/wp-content\/uploads\/2016\/11\/DSC05661.jpg\"><img class=\"alignnone wp-image-957 size-medium\" src=\"http:\/\/www.cla.cu\/clanuevo\/wp-content\/uploads\/2016\/11\/DSC05661-300x225.jpg\" alt=\"DSC05661\" width=\"300\" height=\"225\" \/><\/a>","protected":false},"excerpt":{"rendered":"<p>Los trabajadores del CLA se reunieron este martes 9 de julio del 2013 en la sede de la instituci\u00f3n con el prop\u00f3sito de dar a conocer sus principales resultados cient\u00edficos. Esta vez fueron convocados para la realizaci\u00f3n del F\u00f3rum-BTJ, evento <a href=\"https:\/\/www.cla.cu\/es\/celebra-el-centro-de-linguistica-aplicada-forum-btj-brigadas-tecnicas-juveniles\/\" class=\"read-more\">Seguir leyendo &#8230;<\/a><\/p>\n","protected":false},"author":1,"featured_media":0,"parent":0,"menu_order":0,"comment_status":"closed","ping_status":"closed","template":"","meta":[],"_links":{"self":[{"href":"https:\/\/www.cla.cu\/es\/wp-json\/wp\/v2\/pages\/954"}],"collection":[{"href":"https:\/\/www.cla.cu\/es\/wp-json\/wp\/v2\/pages"}],"about":[{"href":"https:\/\/www.cla.cu\/es\/wp-json\/wp\/v2\/types\/page"}],"author":[{"embeddable":true,"href":"https:\/\/www.cla.cu\/es\/wp-json\/wp\/v2\/users\/1"}],"replies":[{"embeddable":true,"href":"https:\/\/www.cla.cu\/es\/wp-json\/wp\/v2\/comments?post=954"}],"version-history":[{"count":3,"href":"https:\/\/www.cla.cu\/es\/wp-json\/wp\/v2\/pages\/954\/revisions"}],"predecessor-version":[{"id":1641,"href":"https:\/\/www.cla.cu\/es\/wp-json\/wp\/v2\/pages\/954\/revisions\/1641"}],"wp:attachment":[{"href":"https:\/\/www.cla.cu\/es\/wp-json\/wp\/v2\/media?parent=954"}],"curies":[{"name":"wp","href":"https:\/\/api.w.org\/{rel}","templated":true}]}}