{"id":950,"date":"2016-11-01T19:31:45","date_gmt":"2016-11-01T19:31:45","guid":{"rendered":"http:\/\/localhost\/wordpress\/?page_id=950"},"modified":"2019-06-27T20:02:42","modified_gmt":"2019-06-27T20:02:42","slug":"investigadora-del-cla-participa-en-festival-provincial-juvenil","status":"publish","type":"page","link":"https:\/\/www.cla.cu\/es\/investigadora-del-cla-participa-en-festival-provincial-juvenil\/","title":{"rendered":"Investigadora del CLA participa en Festival Provincial Juvenil"},"content":{"rendered":"<div class=\"art-PostContent\">\r\n<div class=\"art-article\">\r\n<p style=\"text-align: justify;\">Como parte de los preparativos de Cuba para participar en el <strong>XVIII Festival Mundial de la Juventud y los Estudiantes<\/strong>, a celebrarse en diciembre pr\u00f3ximo en Quito, Ecuador, se realiz\u00f3 en Santiago de Cuba el <strong>Festival Provincial Juvenil<\/strong>, donde la Lic. Yamilka P\u00e9rez Joa, joven investigadora del CLA, fue seleccionada para que nos representara en tan importante evento.<\/p>\r\n<p style=\"text-align: justify;\">Los principales asuntos que interesan y ocupan a los j\u00f3venes cubanos estuvieron en las sesiones de debate: la formaci\u00f3n de valores, las transformaciones econ\u00f3micas en marcha, el protagonismo juvenil en la vida nacional y del territorio y el alcance y uso de los medios de comunicaci\u00f3n y las nuevas tecnolog\u00edas en nuestra sociedad. <strong>(Noviembre del 2013)<\/strong><\/p>\r\n\r\n<\/div>\r\n<\/div>","protected":false},"excerpt":{"rendered":"<p>Como parte de los preparativos de Cuba para participar en el XVIII Festival Mundial de la Juventud y los Estudiantes, a celebrarse en diciembre pr\u00f3ximo en Quito, Ecuador, se realiz\u00f3 en Santiago de Cuba el Festival Provincial Juvenil, donde la <a href=\"https:\/\/www.cla.cu\/es\/investigadora-del-cla-participa-en-festival-provincial-juvenil\/\" class=\"read-more\">Seguir leyendo &#8230;<\/a><\/p>\n","protected":false},"author":1,"featured_media":0,"parent":0,"menu_order":0,"comment_status":"closed","ping_status":"closed","template":"","meta":[],"_links":{"self":[{"href":"https:\/\/www.cla.cu\/es\/wp-json\/wp\/v2\/pages\/950"}],"collection":[{"href":"https:\/\/www.cla.cu\/es\/wp-json\/wp\/v2\/pages"}],"about":[{"href":"https:\/\/www.cla.cu\/es\/wp-json\/wp\/v2\/types\/page"}],"author":[{"embeddable":true,"href":"https:\/\/www.cla.cu\/es\/wp-json\/wp\/v2\/users\/1"}],"replies":[{"embeddable":true,"href":"https:\/\/www.cla.cu\/es\/wp-json\/wp\/v2\/comments?post=950"}],"version-history":[{"count":2,"href":"https:\/\/www.cla.cu\/es\/wp-json\/wp\/v2\/pages\/950\/revisions"}],"predecessor-version":[{"id":1639,"href":"https:\/\/www.cla.cu\/es\/wp-json\/wp\/v2\/pages\/950\/revisions\/1639"}],"wp:attachment":[{"href":"https:\/\/www.cla.cu\/es\/wp-json\/wp\/v2\/media?parent=950"}],"curies":[{"name":"wp","href":"https:\/\/api.w.org\/{rel}","templated":true}]}}