{"id":905,"date":"2016-10-24T17:55:37","date_gmt":"2016-10-24T17:55:37","guid":{"rendered":"http:\/\/localhost\/wordpress\/?page_id=905"},"modified":"2016-10-25T15:32:57","modified_gmt":"2016-10-25T15:32:57","slug":"generacion-automatizada-de-diccionarios","status":"publish","type":"page","link":"https:\/\/www.cla.cu\/es\/generacion-automatizada-de-diccionarios\/","title":{"rendered":"Generaci\u00f3n automatizada de diccionarios"},"content":{"rendered":"<div class=\"art-PostContent\">\r\n<div class=\"art-article\">\r\n<p class=\"rtejustify\" style=\"text-align: justify;\"><strong>Resumen: <\/strong>Los diccionarios son herramientas ling\u00fc\u00edsticas muy importantes, en ellas se guardan\u00a0 y explican\u00a0 de forma ordenada las definiciones y las formas de uso de las palabras. Para la edici\u00f3n de diccionarios los lexic\u00f3grafos hace un tiempo utilizaban los editores de textos, siendo esta una herramienta inadecuada para desempe\u00f1ar exitosamente esta tarea. En los \u00faltimos a\u00f1os la lexicograf\u00eda ha vivido cambios importantes, motivados por la incorporaci\u00f3n de todo tipo de aplicaciones inform\u00e1ticas. El Centro de Ling\u00fc\u00edstica Aplicada y la Universidad del Pa\u00eds Vasco, en cooperaci\u00f3n, crearon un sistema para generar el <em>Diccionario B\u00e1sico Escolar<\/em>, sin embargo, el sistema no permite de una forma sencilla generar diccionarios de diversas tipolog\u00edas, ni\u00a0 personalizables.\u00a0Contando con este antecedente, nuestro objetivo es implementar una herramienta mejorada que permita a los lexic\u00f3grafos generar y editar diccionarios de diversas tipolog\u00edas, generales y personalizables de manera sencilla. Adem\u00e1s de adicionar la funcionalidad de publicar los mismos en forma impresa y\/o digital.<\/p>\r\n<p class=\"rtejustify\" style=\"text-align: justify;\">La creaci\u00f3n de este sistema tiene como perspectiva proporcionarles a los lexic\u00f3grafos una herramienta que les permita de una forma f\u00e1cil y din\u00e1mica la creaci\u00f3n, edici\u00f3n y publicaci\u00f3n de los distintos tipos de diccionarios, contribuyendo al incentivo de que se generen una mayor cantidad y diversidad de diccionarios.<\/p>\r\n<p style=\"text-align: justify;\"><strong>Jefe del proyecto:<\/strong><\/p>\r\n\r\n<ul style=\"text-align: justify;\">\r\n\t<li><a href=\".\/clanuevo\/leonel-ruiz-miyares\/\" target=\"_blank\">Dr. Leonel Ruiz Miyares<\/a><\/li>\r\n<\/ul>\r\n<p style=\"text-align: justify;\"><strong>Integrante:<\/strong><\/p>\r\n\r\n<ul>\r\n\t<li style=\"text-align: justify;\">Lic. Roberto Amed Heredia Gonz\u00e1lez<\/li>\r\n<\/ul>\r\n<\/div>\r\n<\/div>","protected":false},"excerpt":{"rendered":"<p>Resumen: Los diccionarios son herramientas ling\u00fc\u00edsticas muy importantes, en ellas se guardan\u00a0 y explican\u00a0 de forma ordenada las definiciones y las formas de uso de las palabras. Para la edici\u00f3n de diccionarios los lexic\u00f3grafos hace un tiempo utilizaban los editores <a href=\"https:\/\/www.cla.cu\/es\/generacion-automatizada-de-diccionarios\/\" class=\"read-more\">Seguir leyendo &#8230;<\/a><\/p>\n","protected":false},"author":1,"featured_media":0,"parent":0,"menu_order":0,"comment_status":"closed","ping_status":"closed","template":"","meta":[],"_links":{"self":[{"href":"https:\/\/www.cla.cu\/es\/wp-json\/wp\/v2\/pages\/905"}],"collection":[{"href":"https:\/\/www.cla.cu\/es\/wp-json\/wp\/v2\/pages"}],"about":[{"href":"https:\/\/www.cla.cu\/es\/wp-json\/wp\/v2\/types\/page"}],"author":[{"embeddable":true,"href":"https:\/\/www.cla.cu\/es\/wp-json\/wp\/v2\/users\/1"}],"replies":[{"embeddable":true,"href":"https:\/\/www.cla.cu\/es\/wp-json\/wp\/v2\/comments?post=905"}],"version-history":[{"count":3,"href":"https:\/\/www.cla.cu\/es\/wp-json\/wp\/v2\/pages\/905\/revisions"}],"predecessor-version":[{"id":923,"href":"https:\/\/www.cla.cu\/es\/wp-json\/wp\/v2\/pages\/905\/revisions\/923"}],"wp:attachment":[{"href":"https:\/\/www.cla.cu\/es\/wp-json\/wp\/v2\/media?parent=905"}],"curies":[{"name":"wp","href":"https:\/\/api.w.org\/{rel}","templated":true}]}}