{"id":903,"date":"2016-10-24T17:54:24","date_gmt":"2016-10-24T17:54:24","guid":{"rendered":"http:\/\/localhost\/wordpress\/?page_id=903"},"modified":"2016-10-25T15:31:57","modified_gmt":"2016-10-25T15:31:57","slug":"la-entonacion-en-el-habla-culta-de-la-ciudad-de-santiago-de-cuba","status":"publish","type":"page","link":"https:\/\/www.cla.cu\/es\/la-entonacion-en-el-habla-culta-de-la-ciudad-de-santiago-de-cuba\/","title":{"rendered":"La entonaci\u00f3n en el habla culta de la ciudad de Santiago de Cuba"},"content":{"rendered":"<div class=\"art-PostContent\">\r\n<div class=\"art-article\">\r\n<p style=\"text-align: justify;\"><strong>Resumen:<\/strong> La inexistencia de estudios sobre la entonaci\u00f3n propia del geolecto de Santiago de Cuba fue la motivaci\u00f3n para emprender este proyecto, con el que se persigue describir y explicar el funcionamiento del sistema y la norma entonativos en dicha variante geogr\u00e1fica de habla. Constituye el primer acercamiento al tema con el uso de medios instrumentales. Se trata de un tema actual que responde a una necesidad de las investigaciones ling\u00fc\u00edsticas en el territorio nacional y que se integra al auge de la entonolog\u00eda hisp\u00e1nica en el mundo.<\/p>\r\n<p style=\"text-align: justify;\">La metodolog\u00eda empleada se sustenta en el <em>enfoque fonol\u00f3gico estructural<\/em> y se apoya, desde el punto de vista descriptivo, en el <em>an\u00e1lisis mel\u00f3dico del habla<\/em> (Cantero Serena 2002). La esencia del enfoque te\u00f3rico consiste en justipreciar y asumir coherentemente la especificidad fonol\u00f3gica del prosodema entonativo, observando la independencia de este dominio de an\u00e1lisis (el fonol\u00f3gico) de otros dominios, como el gramatical, el discursivo o el pragm\u00e1tico. En cuanto al m\u00e9todo de an\u00e1lisis formal, este se basa en una perspectiva jer\u00e1rquica del continuo mel\u00f3dico, concebido no como una sucesi\u00f3n de tonos indistintos sino como una estructura cuyos elementos relevantes se sit\u00faan en puntos determinados de la cadena hablada (a saber, en los n\u00facleos sil\u00e1bicos), y son, por tanto, estos elementos los que se toman en consideraci\u00f3n.<\/p>\r\n<p style=\"text-align: justify;\">Los resultados de la investigaci\u00f3n son, fundamentalmente, de car\u00e1cter cient\u00edfico y social. Los resultados cient\u00edficos consisten en una descripci\u00f3n y explicaci\u00f3n funcional del sistema y la norma entonativos del habla santiaguera, una tipolog\u00eda de unidades entonativas del geolecto estudiado y una multimedia did\u00e1ctica sobre el objeto descrito, \u00fatiles todos como informaci\u00f3n y material de apoyo para las asignaturas relacionadas con el estudio de la pronunciaci\u00f3n del espa\u00f1ol cubano, e igualmente en la ense\u00f1anza del espa\u00f1ol tanto como lengua materna cuanto como lengua extranjera. En el plano social, la investigaci\u00f3n puede devenir una contribuci\u00f3n a la unidad nacional, pues sus resultados ayudan a legitimar los rasgos propios de la norma entonativa de la ciudad de Santiago y a reforzar la identidad cultural de sus habitantes en lo que a este aspecto del lenguaje concierne.<\/p>\r\n<p style=\"text-align: justify;\"><strong>Jefe del proyecto:<\/strong><\/p>\r\n\r\n<ul style=\"text-align: justify;\">\r\n\t<li><a href=\".\/clanuevo\/alex-munoz-alvarado\/\" target=\"_blank\">Lic. Alex Mu\u00f1oz Alvarado<\/a><\/li>\r\n<\/ul>\r\n<p style=\"text-align: justify;\"><strong>Integrantes:<\/strong><\/p>\r\n\r\n<ul>\r\n\t<li style=\"text-align: justify;\"><a href=\".\/clanuevo\/eloina-miyares-bermudez\/\" target=\"_blank\">Dra. Elo\u00edna Miyares Berm\u00fadez<\/a><\/li>\r\n\t<li style=\"text-align: justify;\"><a href=\".\/clanuevo\/julio-vitelio-ruiz-hernandez\/\" target=\"_blank\">Dr. Julio Vitelio Ruiz Hern\u00e1ndez<\/a><\/li>\r\n\t<li style=\"text-align: justify;\">Lic. Katia Karina G\u00f3mez Lujo<\/li>\r\n\t<li style=\"text-align: justify;\">Lic. Yamilka P\u00e9rez Joa<\/li>\r\n\t<li style=\"text-align: justify;\">T\u00e9c. Rafael Acosta S\u00e1nchez<\/li>\r\n<\/ul>\r\n<\/div>\r\n<\/div>","protected":false},"excerpt":{"rendered":"<p>Resumen: La inexistencia de estudios sobre la entonaci\u00f3n propia del geolecto de Santiago de Cuba fue la motivaci\u00f3n para emprender este proyecto, con el que se persigue describir y explicar el funcionamiento del sistema y la norma entonativos en dicha <a href=\"https:\/\/www.cla.cu\/es\/la-entonacion-en-el-habla-culta-de-la-ciudad-de-santiago-de-cuba\/\" class=\"read-more\">Seguir leyendo &#8230;<\/a><\/p>\n","protected":false},"author":1,"featured_media":0,"parent":0,"menu_order":0,"comment_status":"closed","ping_status":"closed","template":"","meta":[],"_links":{"self":[{"href":"https:\/\/www.cla.cu\/es\/wp-json\/wp\/v2\/pages\/903"}],"collection":[{"href":"https:\/\/www.cla.cu\/es\/wp-json\/wp\/v2\/pages"}],"about":[{"href":"https:\/\/www.cla.cu\/es\/wp-json\/wp\/v2\/types\/page"}],"author":[{"embeddable":true,"href":"https:\/\/www.cla.cu\/es\/wp-json\/wp\/v2\/users\/1"}],"replies":[{"embeddable":true,"href":"https:\/\/www.cla.cu\/es\/wp-json\/wp\/v2\/comments?post=903"}],"version-history":[{"count":3,"href":"https:\/\/www.cla.cu\/es\/wp-json\/wp\/v2\/pages\/903\/revisions"}],"predecessor-version":[{"id":922,"href":"https:\/\/www.cla.cu\/es\/wp-json\/wp\/v2\/pages\/903\/revisions\/922"}],"wp:attachment":[{"href":"https:\/\/www.cla.cu\/es\/wp-json\/wp\/v2\/media?parent=903"}],"curies":[{"name":"wp","href":"https:\/\/api.w.org\/{rel}","templated":true}]}}