{"id":897,"date":"2016-10-24T17:51:56","date_gmt":"2016-10-24T17:51:56","guid":{"rendered":"http:\/\/localhost\/wordpress\/?page_id=897"},"modified":"2016-10-25T15:23:54","modified_gmt":"2016-10-25T15:23:54","slug":"multimedia-interactiva-para-el-desarrollo-del-vocabulario-en-los-escolares-de-ensenanza-primaria-y-secundaria-basica","status":"publish","type":"page","link":"https:\/\/www.cla.cu\/es\/multimedia-interactiva-para-el-desarrollo-del-vocabulario-en-los-escolares-de-ensenanza-primaria-y-secundaria-basica\/","title":{"rendered":"Multimedia interactiva para el desarrollo del vocabulario en los escolares de ense\u00f1anza primaria y secundaria b\u00e1sica"},"content":{"rendered":"<p style=\"text-align: justify;\">Resumen: El proyecto <strong>Multimedia interactiva para el desarrollo del vocabulario en los escolares de ense\u00f1anza primaria y secundaria b\u00e1sica<\/strong> se basa en la creaci\u00f3n de una herramienta tecnol\u00f3gica que integre los resultados de dos proyectos de investigaci\u00f3n efectuados\u00a0 por el <strong>CLA<\/strong>; con los cuales se alcanzaron interesantes resultados, entre los que destaca, fundamentalmente, la creaci\u00f3n de conjuntos de amenos e instructivos ejercicios pr\u00e1cticos para los escolares de los niveles de ense\u00f1anza se\u00f1alados.<\/p>\r\n<p style=\"text-align: justify;\">Los ejercicios van de la sencillez a la complejidad y sus valores did\u00e1cticos y psicol\u00f3gicos est\u00e1n dirigidos al entretenimiento como forma de reafirmar lo aprendido, cuesti\u00f3n que se logra por la creatividad prevaleciente en los anagramas y crucigramas, acertijos rimados, carreras de relevo, colorigramas y\u00a0 muchos otros que ejercitan la agilidad mental, permiten el conocimiento de aspectos geogr\u00e1ficos, biol\u00f3gicos, hist\u00f3ricos y de otras materias, caracter\u00edstica did\u00e1ctica importante con la que se procura la interdisciplinaridad y al tiempo se contribuye a la comprensi\u00f3n, por parte de los estudiantes, de muchas de las voces que integran sus textos escolares, con lo que enriquecer\u00e1n su vocabulario y afianzar\u00e1n sus conocimientos respecto a los contenidos de las distintas asignaturas del grado que cursan.<\/p>\r\n<p style=\"text-align: justify;\"><strong>Jefa de proyecto:<\/strong><\/p>\r\n\r\n<ul style=\"text-align: justify;\">\r\n\t<li><a href=\".\/clanuevo\/nancy-cristina-alamo-suarez\/\" target=\"_blank\">Lic. Nancy \u00c1lamo Su\u00e1rez<\/a><\/li>\r\n<\/ul>\r\n<p style=\"text-align: justify;\"><strong>Integrantes:<\/strong><\/p>\r\n\r\n<ul>\r\n\t<li style=\"text-align: justify;\"><a href=\".\/clanuevo\/eloina-miyares-bermudez\/\" target=\"_blank\">Dra. Elo\u00edna Miyares Berm\u00fadez<\/a><\/li>\r\n\t<li style=\"text-align: justify;\"><a href=\".\/clanuevo\/maria-rosa-alvarez-silva\/\" target=\"_blank\">T\u00e9c. Mar\u00eda Rosa \u00c1lvarez Silva<\/a><\/li>\r\n<\/ul>","protected":false},"excerpt":{"rendered":"<p>Resumen: El proyecto Multimedia interactiva para el desarrollo del vocabulario en los escolares de ense\u00f1anza primaria y secundaria b\u00e1sica se basa en la creaci\u00f3n de una herramienta tecnol\u00f3gica que integre los resultados de dos proyectos de investigaci\u00f3n efectuados\u00a0 por el <a href=\"https:\/\/www.cla.cu\/es\/multimedia-interactiva-para-el-desarrollo-del-vocabulario-en-los-escolares-de-ensenanza-primaria-y-secundaria-basica\/\" class=\"read-more\">Seguir leyendo &#8230;<\/a><\/p>\n","protected":false},"author":1,"featured_media":0,"parent":0,"menu_order":0,"comment_status":"closed","ping_status":"closed","template":"","meta":[],"_links":{"self":[{"href":"https:\/\/www.cla.cu\/es\/wp-json\/wp\/v2\/pages\/897"}],"collection":[{"href":"https:\/\/www.cla.cu\/es\/wp-json\/wp\/v2\/pages"}],"about":[{"href":"https:\/\/www.cla.cu\/es\/wp-json\/wp\/v2\/types\/page"}],"author":[{"embeddable":true,"href":"https:\/\/www.cla.cu\/es\/wp-json\/wp\/v2\/users\/1"}],"replies":[{"embeddable":true,"href":"https:\/\/www.cla.cu\/es\/wp-json\/wp\/v2\/comments?post=897"}],"version-history":[{"count":3,"href":"https:\/\/www.cla.cu\/es\/wp-json\/wp\/v2\/pages\/897\/revisions"}],"predecessor-version":[{"id":919,"href":"https:\/\/www.cla.cu\/es\/wp-json\/wp\/v2\/pages\/897\/revisions\/919"}],"wp:attachment":[{"href":"https:\/\/www.cla.cu\/es\/wp-json\/wp\/v2\/media?parent=897"}],"curies":[{"name":"wp","href":"https:\/\/api.w.org\/{rel}","templated":true}]}}