{"id":895,"date":"2016-10-24T13:15:08","date_gmt":"2016-10-24T13:15:08","guid":{"rendered":"http:\/\/localhost\/wordpress\/?page_id=895"},"modified":"2016-11-15T20:33:01","modified_gmt":"2016-11-15T20:33:01","slug":"simposios-internacionales-de-comunicacion-social","status":"publish","type":"page","link":"https:\/\/www.cla.cu\/es\/simposios-internacionales-de-comunicacion-social\/","title":{"rendered":"Simposios Internacionales de Comunicaci\u00f3n Social"},"content":{"rendered":"<div class=\"art-PostContent\">\r\n<div class=\"art-article\">\r\n<p class=\"rtejustify\" style=\"text-align: justify;\"><strong>Resumen: <\/strong>Evento internacional que auspicia el Centro de Ling\u00fc\u00edstica Aplicada de Santiago de Cuba y que en el per\u00edodo de 1987 al 2013 se han realizado 13 ediciones. Resalta en estos eventos la gran participaci\u00f3n de especialistas de todo el archipi\u00e9lago cubano (150) y de m\u00e1s 30 pa\u00edses de los 5 continentes (150), lo que da un promedio de 300 participantes en cada una de sus ediciones.\u00a0Un aspecto importante de estos c\u00f3nclaves es la publicaci\u00f3n de las ACTAS donde aparecen todas las ponencias y conferencias de los participantes seleccionadas por un riguroso Comit\u00e9 Cient\u00edfico integrado por especialistas nacionales y de otros pa\u00edses. Los <a href=\"http:\/\/www.cla.cu\/simposio\">Simposios Internacionales de Comunicaci\u00f3n Social<\/a> tienen car\u00e1cter multidisciplinario donde se integran las siguientes especialidades: Ling\u00fc\u00edstica, Ling\u00fc\u00edstica Aplicada, Antropolog\u00eda Ling\u00fc\u00edstica, Ling\u00fc\u00edstica Computacional, Procesamiento de Voz, Especialidades m\u00e9dicas vinculadas al habla y la voz y en general, con la Comunicaci\u00f3n Social, Medios Masivos de Comunicaci\u00f3n y Etnolog\u00eda y Folclor. El impacto de estos congresos se manifiesta en la actualizaci\u00f3n de los especialistas mediante un fruct\u00edfero intercambio cient\u00edfico entre los numerosos participantes.<\/p>\r\n<p style=\"text-align: justify;\">Sitio web: <a href=\"http:\/\/www.cla.cu\/simposio\" target=\"_blank\">http:\/\/www.cla.cu\/simposio<\/a><\/p>\r\n\r\n<\/div>\r\n<\/div>","protected":false},"excerpt":{"rendered":"<p>Resumen: Evento internacional que auspicia el Centro de Ling\u00fc\u00edstica Aplicada de Santiago de Cuba y que en el per\u00edodo de 1987 al 2013 se han realizado 13 ediciones. Resalta en estos eventos la gran participaci\u00f3n de especialistas de todo el <a href=\"https:\/\/www.cla.cu\/es\/simposios-internacionales-de-comunicacion-social\/\" class=\"read-more\">Seguir leyendo &#8230;<\/a><\/p>\n","protected":false},"author":1,"featured_media":0,"parent":0,"menu_order":0,"comment_status":"closed","ping_status":"closed","template":"","meta":[],"_links":{"self":[{"href":"https:\/\/www.cla.cu\/es\/wp-json\/wp\/v2\/pages\/895"}],"collection":[{"href":"https:\/\/www.cla.cu\/es\/wp-json\/wp\/v2\/pages"}],"about":[{"href":"https:\/\/www.cla.cu\/es\/wp-json\/wp\/v2\/types\/page"}],"author":[{"embeddable":true,"href":"https:\/\/www.cla.cu\/es\/wp-json\/wp\/v2\/users\/1"}],"replies":[{"embeddable":true,"href":"https:\/\/www.cla.cu\/es\/wp-json\/wp\/v2\/comments?post=895"}],"version-history":[{"count":4,"href":"https:\/\/www.cla.cu\/es\/wp-json\/wp\/v2\/pages\/895\/revisions"}],"predecessor-version":[{"id":1018,"href":"https:\/\/www.cla.cu\/es\/wp-json\/wp\/v2\/pages\/895\/revisions\/1018"}],"wp:attachment":[{"href":"https:\/\/www.cla.cu\/es\/wp-json\/wp\/v2\/media?parent=895"}],"curies":[{"name":"wp","href":"https:\/\/api.w.org\/{rel}","templated":true}]}}