{"id":891,"date":"2016-10-24T13:13:28","date_gmt":"2016-10-24T13:13:28","guid":{"rendered":"http:\/\/localhost\/wordpress\/?page_id=891"},"modified":"2016-11-15T20:31:59","modified_gmt":"2016-11-15T20:31:59","slug":"construccion-de-herramientas-para-el-procesamiento-del-lenguaje-natural-lematizador-desambiguador-reconocedor-de-nombres-de-entidades-y-analizador-sintactico","status":"publish","type":"page","link":"https:\/\/www.cla.cu\/es\/construccion-de-herramientas-para-el-procesamiento-del-lenguaje-natural-lematizador-desambiguador-reconocedor-de-nombres-de-entidades-y-analizador-sintactico\/","title":{"rendered":"Construcci\u00f3n de herramientas para el Procesamiento del Lenguaje Natural: lematizador, desambiguador, reconocedor de nombres de entidades y analizador sint\u00e1ctico"},"content":{"rendered":"<div class=\"art-PostContent\">\r\n<div class=\"art-article\">\r\n<p style=\"text-align: justify;\"><strong>Resumen: <\/strong>Este proyecto concluy\u00f3 exitosamente en diciembre del 2009 y se obtuvo un sistema que posee herramientas b\u00e1sicas para el procesamiento del lenguaje natural: lematizador, desambiguador, reconocedor de nombres de entidades y analizador sint\u00e1ctico.\u00a0El analizador morfol\u00f3gico reconoce un total de 14205 sustantivos, 21704 adjetivos y 10760 verbos, as\u00ed como palabras del resto de las categor\u00edas gramaticales: pronombres, adverbios, etc., todos respondiendo a la variante cubana del espa\u00f1ol seg\u00fan su frecuencia de uso. El analizador sint\u00e1ctico extiende el conjunto de reglas de la herramienta FreeLing, para agregar algunas relaciones de dependencia entre las unidades l\u00e9xicas que en la herramienta original no se manipulan. Los experimentos realizados muestran una mejora de alrededor de 10 puntos porcentuales con respecto a la versi\u00f3n original del FreeLing. Adicionalmente, se present\u00f3 un m\u00e9todo mediante el cual se obtiene el \u00e1rbol de constituyentes profundo realizando movimientos en el \u00e1rbol superficial guiados por el \u00e1rbol de dependencias. Con las herramientas propuestas se beneficiar\u00e1n los estudios ling\u00fc\u00edsticos y las aplicaciones que requieran de Procesamiento del Lenguaje Natural.<\/p>\r\n<p style=\"text-align: justify;\"><strong>Director del proyecto:<\/strong> <a href=\".\/clanuevo\/leonel-ruiz-miyares\/\" target=\"_blank\">Dr. Leonel Ruiz Miyares<\/a><\/p>\r\n<p style=\"text-align: justify;\"><strong>Codirectora del proyecto:<\/strong> Dra. Aurora Pons Porrata<\/p>\r\n<p style=\"text-align: justify;\"><strong>Integrantes:<\/strong> MsC. Yunior Ram\u00edrez Cruz, Lic. Ren\u00e9 A. Viant Mor\u00e1n, Lic. Carlos A. Fern\u00e1ndez Cair\u00f3, Lic. Camilo Acosta Arafet, Lic. Jorge A. R\u00edos Garc\u00eda, Lic. Yamila Cobos Castillo, <a href=\".\/clanuevo\/eloina-miyares-bermudez\/\" target=\"_blank\">Dra. Elo\u00edna Miyares Berm\u00fadez<\/a>, Dr. Reynaldo J. Gil Garc\u00eda, <a href=\".\/clanuevo\/maria-rosa-alvarez-silva\/\" target=\"_blank\">T\u00e9c. Mar\u00eda Rosa \u00c1lvarez Silva<\/a>, <a href=\".\/clanuevo\/mileidis-quintana-polanco\/\" target=\"_blank\">MsC. Mileidis Quintana Polanco<\/a>, MsC. Lisette Garc\u00eda Moya y Lic. Henry Anaya S\u00e1nchez<\/p>\r\n\r\n<\/div>\r\n<\/div>","protected":false},"excerpt":{"rendered":"<p>Resumen: Este proyecto concluy\u00f3 exitosamente en diciembre del 2009 y se obtuvo un sistema que posee herramientas b\u00e1sicas para el procesamiento del lenguaje natural: lematizador, desambiguador, reconocedor de nombres de entidades y analizador sint\u00e1ctico.\u00a0El analizador morfol\u00f3gico reconoce un total de <a href=\"https:\/\/www.cla.cu\/es\/construccion-de-herramientas-para-el-procesamiento-del-lenguaje-natural-lematizador-desambiguador-reconocedor-de-nombres-de-entidades-y-analizador-sintactico\/\" class=\"read-more\">Seguir leyendo &#8230;<\/a><\/p>\n","protected":false},"author":1,"featured_media":0,"parent":0,"menu_order":0,"comment_status":"closed","ping_status":"closed","template":"","meta":[],"_links":{"self":[{"href":"https:\/\/www.cla.cu\/es\/wp-json\/wp\/v2\/pages\/891"}],"collection":[{"href":"https:\/\/www.cla.cu\/es\/wp-json\/wp\/v2\/pages"}],"about":[{"href":"https:\/\/www.cla.cu\/es\/wp-json\/wp\/v2\/types\/page"}],"author":[{"embeddable":true,"href":"https:\/\/www.cla.cu\/es\/wp-json\/wp\/v2\/users\/1"}],"replies":[{"embeddable":true,"href":"https:\/\/www.cla.cu\/es\/wp-json\/wp\/v2\/comments?post=891"}],"version-history":[{"count":4,"href":"https:\/\/www.cla.cu\/es\/wp-json\/wp\/v2\/pages\/891\/revisions"}],"predecessor-version":[{"id":1016,"href":"https:\/\/www.cla.cu\/es\/wp-json\/wp\/v2\/pages\/891\/revisions\/1016"}],"wp:attachment":[{"href":"https:\/\/www.cla.cu\/es\/wp-json\/wp\/v2\/media?parent=891"}],"curies":[{"name":"wp","href":"https:\/\/api.w.org\/{rel}","templated":true}]}}