{"id":889,"date":"2016-10-24T13:12:39","date_gmt":"2016-10-24T13:12:39","guid":{"rendered":"http:\/\/localhost\/wordpress\/?page_id=889"},"modified":"2016-11-15T20:31:33","modified_gmt":"2016-11-15T20:31:33","slug":"siscosor-sistema-de-computacion-para-la-comunicacion-de-sordos-e-hipoacusicos","status":"publish","type":"page","link":"https:\/\/www.cla.cu\/es\/siscosor-sistema-de-computacion-para-la-comunicacion-de-sordos-e-hipoacusicos\/","title":{"rendered":"SISCOSOR: Sistema de Computaci\u00f3n para la Comunicaci\u00f3n de Sordos e Hipoac\u00fasicos"},"content":{"rendered":"<div class=\"art-PostContent\">\r\n<div class=\"art-article\">\r\n<p class=\"rtejustify\" style=\"text-align: justify;\"><strong>Resumen<\/strong>: Sistema que posibilita el aprendizaje del lenguaje de se\u00f1as a trav\u00e9s de im\u00e1genes en movimiento, l\u00e1minas en colores y la definici\u00f3n sencilla de la palabra a estudiar. Estimula la lecto-escritura de los sordos e hipoac\u00fasicos, mejora la ortograf\u00eda de estos estudiantes y los familiariza con el uso de las t\u00e9cnicas computacionales.Este sistema se aplic\u00f3 en la escuela provincial de sordos de Santiago de Cuba \"Eduardo Mesa Llul\". Obtuvo el <strong>Premio Anual<\/strong> a la investigaci\u00f3n de <strong>Mayor Aporte Social<\/strong> que otorg\u00f3 el Rector de la Universidad de Oriente en el a\u00f1o 1995 y fue <strong>premio<\/strong> en la <strong>V Conferencia<\/strong><strong> Cient\u00edfica Latinoamericana de Educaci\u00f3n Especial <\/strong>celebrada en La Habana en 1996. Se public\u00f3 un art\u00edculo cient\u00edfico sobre el mismo. Esta obra est\u00e1 registrada en el CENDA (Centro Nacional de Derecho de Autor).<\/p>\r\n<p class=\"rtejustify\" style=\"text-align: justify;\"><strong>Autores: <\/strong><a href=\".\/clanuevo\/eloina-miyares-bermudez\/\" target=\"_blank\">Elo\u00edna Miyares Berm\u00fadez<\/a>, <a href=\".\/clanuevo\/leonel-ruiz-miyares\/\" target=\"_blank\">Leonel Ruiz Miyares<\/a>, Francisco Palacios Fern\u00e1ndez<\/p>\r\n\r\n<\/div>\r\n<\/div>","protected":false},"excerpt":{"rendered":"<p>Resumen: Sistema que posibilita el aprendizaje del lenguaje de se\u00f1as a trav\u00e9s de im\u00e1genes en movimiento, l\u00e1minas en colores y la definici\u00f3n sencilla de la palabra a estudiar. Estimula la lecto-escritura de los sordos e hipoac\u00fasicos, mejora la ortograf\u00eda de <a href=\"https:\/\/www.cla.cu\/es\/siscosor-sistema-de-computacion-para-la-comunicacion-de-sordos-e-hipoacusicos\/\" class=\"read-more\">Seguir leyendo &#8230;<\/a><\/p>\n","protected":false},"author":1,"featured_media":0,"parent":0,"menu_order":0,"comment_status":"closed","ping_status":"closed","template":"","meta":[],"_links":{"self":[{"href":"https:\/\/www.cla.cu\/es\/wp-json\/wp\/v2\/pages\/889"}],"collection":[{"href":"https:\/\/www.cla.cu\/es\/wp-json\/wp\/v2\/pages"}],"about":[{"href":"https:\/\/www.cla.cu\/es\/wp-json\/wp\/v2\/types\/page"}],"author":[{"embeddable":true,"href":"https:\/\/www.cla.cu\/es\/wp-json\/wp\/v2\/users\/1"}],"replies":[{"embeddable":true,"href":"https:\/\/www.cla.cu\/es\/wp-json\/wp\/v2\/comments?post=889"}],"version-history":[{"count":3,"href":"https:\/\/www.cla.cu\/es\/wp-json\/wp\/v2\/pages\/889\/revisions"}],"predecessor-version":[{"id":1015,"href":"https:\/\/www.cla.cu\/es\/wp-json\/wp\/v2\/pages\/889\/revisions\/1015"}],"wp:attachment":[{"href":"https:\/\/www.cla.cu\/es\/wp-json\/wp\/v2\/media?parent=889"}],"curies":[{"name":"wp","href":"https:\/\/api.w.org\/{rel}","templated":true}]}}