{"id":887,"date":"2016-10-24T13:11:49","date_gmt":"2016-10-24T13:11:49","guid":{"rendered":"http:\/\/localhost\/wordpress\/?page_id=887"},"modified":"2018-09-25T20:13:40","modified_gmt":"2018-09-25T20:13:40","slug":"prefijos-y-sufijos-ejercicios-practicos","status":"publish","type":"page","link":"https:\/\/www.cla.cu\/es\/prefijos-y-sufijos-ejercicios-practicos\/","title":{"rendered":"Prefijos y sufijos. Ejercicios pr\u00e1cticos"},"content":{"rendered":"<p style=\"text-align: justify;\"><strong><a href=\"http:\/\/www.cla.cu\/clanuevo\/wp-content\/uploads\/2016\/06\/cubierta-prefijos-sufijos_0.jpg\"><img class=\"alignleft wp-image-691 size-full\" src=\"http:\/\/www.cla.cu\/clanuevo\/wp-content\/uploads\/2016\/06\/cubierta-prefijos-sufijos_0.jpg\" alt=\"\" width=\"89\" height=\"120\" \/><\/a>Resumen: <\/strong>El presente trabajo, dirigido a los estudiantes y profesores de secundaria b\u00e1sica, pretende ayudar a resolver una necesidad de la ense\u00f1anza en nuestro pa\u00eds: contribuir al conocimiento de la lengua materna en los escolares. A trav\u00e9s\u00a0 de variados, amenos e instructivos ejercicios, sobre el empleo de la prefijaci\u00f3n y sufijaci\u00f3n, la mayor\u00eda de ellos en forma de juegos, se conduce a la ampliaci\u00f3n del vocabulario y de los conocimientos de los educandos sobre la lengua materna, enmarcada en el enriquecedor proceso de la derivaci\u00f3n, en espec\u00edfico en el empleo de prefijos y sufijos.\u00a0Los ejercicios, caracterizados por sus valores did\u00e1cticos y psicol\u00f3gicos, van de los simple a lo complejo, procurando lograr los distintos niveles de desarrollo en lo estudiantes y a la ves integrar algunos componentes de la lengua. Su variedad permite desarrollar la agilidad mental y ampliar los conocimientos sobre los contenidos de las diversas materias del curr\u00edculum del grado, ya que se crearon sobre la base de un corpus de t\u00e9rminos derivados seleccionados en los textos escolares. Interesante resulta tambi\u00e9n la informaci\u00f3n te\u00f3rica que se ofrece sobre aspectos importantes de la morfolog\u00eda y el corpus de t\u00e9rminos que aparece en los anexos, todo lo cual puede ser de utilidad para los docentes en su labor.<\/p>\r\n<p style=\"text-align: justify;\"><strong>Autora:<\/strong><a href=\".\/clanuevo\/nancy-cristina-alamo-suarez\/\" target=\"_blank\"> Nancy Cristina \u00c1lamo Su\u00e1rez<\/a><strong>.<\/strong><\/p>","protected":false},"excerpt":{"rendered":"<p>Resumen: El presente trabajo, dirigido a los estudiantes y profesores de secundaria b\u00e1sica, pretende ayudar a resolver una necesidad de la ense\u00f1anza en nuestro pa\u00eds: contribuir al conocimiento de la lengua materna en los escolares. A trav\u00e9s\u00a0 de variados, amenos <a href=\"https:\/\/www.cla.cu\/es\/prefijos-y-sufijos-ejercicios-practicos\/\" class=\"read-more\">Seguir leyendo &#8230;<\/a><\/p>\n","protected":false},"author":1,"featured_media":0,"parent":0,"menu_order":0,"comment_status":"closed","ping_status":"closed","template":"","meta":[],"_links":{"self":[{"href":"https:\/\/www.cla.cu\/es\/wp-json\/wp\/v2\/pages\/887"}],"collection":[{"href":"https:\/\/www.cla.cu\/es\/wp-json\/wp\/v2\/pages"}],"about":[{"href":"https:\/\/www.cla.cu\/es\/wp-json\/wp\/v2\/types\/page"}],"author":[{"embeddable":true,"href":"https:\/\/www.cla.cu\/es\/wp-json\/wp\/v2\/users\/1"}],"replies":[{"embeddable":true,"href":"https:\/\/www.cla.cu\/es\/wp-json\/wp\/v2\/comments?post=887"}],"version-history":[{"count":4,"href":"https:\/\/www.cla.cu\/es\/wp-json\/wp\/v2\/pages\/887\/revisions"}],"predecessor-version":[{"id":1306,"href":"https:\/\/www.cla.cu\/es\/wp-json\/wp\/v2\/pages\/887\/revisions\/1306"}],"wp:attachment":[{"href":"https:\/\/www.cla.cu\/es\/wp-json\/wp\/v2\/media?parent=887"}],"curies":[{"name":"wp","href":"https:\/\/api.w.org\/{rel}","templated":true}]}}