{"id":885,"date":"2016-10-24T13:10:17","date_gmt":"2016-10-24T13:10:17","guid":{"rendered":"http:\/\/localhost\/wordpress\/?page_id=885"},"modified":"2018-09-25T20:14:45","modified_gmt":"2018-09-25T20:14:45","slug":"desarrollo-lexico-en-escolares-de-primaria-ejercicios-para-su-perfeccionamiento","status":"publish","type":"page","link":"https:\/\/www.cla.cu\/es\/desarrollo-lexico-en-escolares-de-primaria-ejercicios-para-su-perfeccionamiento\/","title":{"rendered":"Desarrollo l\u00e9xico en escolares de primaria. Ejercicios para su perfeccionamiento"},"content":{"rendered":"<p style=\"text-align: justify;\"><strong><a href=\"http:\/\/www.cla.cu\/clanuevo\/wp-content\/uploads\/2016\/06\/cubierta-vocabulario-guama_0.jpg\"><img class=\"alignleft wp-image-692 size-full\" src=\"http:\/\/www.cla.cu\/clanuevo\/wp-content\/uploads\/2016\/06\/cubierta-vocabulario-guama_0.jpg\" alt=\"\" width=\"89\" height=\"120\" \/><\/a>Resumen<\/strong>: Esta obra contiene un estudio l\u00e9xico-estad\u00edstico de la producci\u00f3n escrita de escolares de primaria del municipio Guam\u00e1, provincia Santiago de Cuba, complementado por un profundo an\u00e1lisis cualitativo. Los resultados obtenidos ponen de manifiesto el impacto de la revoluci\u00f3n educacional no solo en el vocabulario de estos escolares sino tambi\u00e9n en su universo nocional y su cultura general. Los ejercicios did\u00e1cticos que se presentan en este libro, aunque est\u00e1n concebidos a partir de las facultades observadas en la actuaci\u00f3n l\u00e9xica escrita de dichos alumnos, son tambi\u00e9n \u00fatiles para potenciar el desarrollo l\u00e9xico de los estudiantes de cualquier zona del pa\u00eds.<\/p>\r\n<p style=\"text-align: justify;\">De gran utilidad resultar\u00e1n para los maestros, adem\u00e1s, las listas de vocablos contenidas en los anexos, ya que ofrecen informaci\u00f3n sobre la influencia de uso de cada una de las palabras y les permitir\u00e1n trazar l\u00edneas de trabajo para estimular a\u00fan mas la competencia l\u00e9xica de sus educandos.<\/p>\r\n<p style=\"text-align: justify;\"><strong>Autora principal:<\/strong> Celia P\u00e9rez Marqu\u00e9s<\/p>\r\n<p style=\"text-align: justify;\"><strong>Otros autores: <\/strong><a href=\".\/clanuevo\/mileidis-quintana-polanco\/\" target=\"_blank\">Mileidis Quintana Polanco<\/a>\u00a0 y <a href=\".\/clanuevo\/leonel-ruiz-miyares\/\" target=\"_blank\">Leonel Ruiz Miyares<\/a><\/p>","protected":false},"excerpt":{"rendered":"<p>Resumen: Esta obra contiene un estudio l\u00e9xico-estad\u00edstico de la producci\u00f3n escrita de escolares de primaria del municipio Guam\u00e1, provincia Santiago de Cuba, complementado por un profundo an\u00e1lisis cualitativo. Los resultados obtenidos ponen de manifiesto el impacto de la revoluci\u00f3n educacional <a href=\"https:\/\/www.cla.cu\/es\/desarrollo-lexico-en-escolares-de-primaria-ejercicios-para-su-perfeccionamiento\/\" class=\"read-more\">Seguir leyendo &#8230;<\/a><\/p>\n","protected":false},"author":1,"featured_media":0,"parent":0,"menu_order":0,"comment_status":"closed","ping_status":"closed","template":"","meta":[],"_links":{"self":[{"href":"https:\/\/www.cla.cu\/es\/wp-json\/wp\/v2\/pages\/885"}],"collection":[{"href":"https:\/\/www.cla.cu\/es\/wp-json\/wp\/v2\/pages"}],"about":[{"href":"https:\/\/www.cla.cu\/es\/wp-json\/wp\/v2\/types\/page"}],"author":[{"embeddable":true,"href":"https:\/\/www.cla.cu\/es\/wp-json\/wp\/v2\/users\/1"}],"replies":[{"embeddable":true,"href":"https:\/\/www.cla.cu\/es\/wp-json\/wp\/v2\/comments?post=885"}],"version-history":[{"count":4,"href":"https:\/\/www.cla.cu\/es\/wp-json\/wp\/v2\/pages\/885\/revisions"}],"predecessor-version":[{"id":1307,"href":"https:\/\/www.cla.cu\/es\/wp-json\/wp\/v2\/pages\/885\/revisions\/1307"}],"wp:attachment":[{"href":"https:\/\/www.cla.cu\/es\/wp-json\/wp\/v2\/media?parent=885"}],"curies":[{"name":"wp","href":"https:\/\/api.w.org\/{rel}","templated":true}]}}