{"id":881,"date":"2016-10-24T13:08:11","date_gmt":"2016-10-24T13:08:11","guid":{"rendered":"http:\/\/localhost\/wordpress\/?page_id=881"},"modified":"2016-11-15T20:23:27","modified_gmt":"2016-11-15T20:23:27","slug":"diccionario-escolar-del-espanol-caribeno","status":"publish","type":"page","link":"https:\/\/www.cla.cu\/es\/diccionario-escolar-del-espanol-caribeno\/","title":{"rendered":"Diccionario Escolar del Espa\u00f1ol Caribe\u00f1o"},"content":{"rendered":"<div class=\"art-PostContent\">\r\n<div class=\"art-article\">\r\n<p style=\"text-align: justify;\"><strong>Resumen:<\/strong> Este diccionario se hizo tomando el corpus de uso general de palabras del habla com\u00fan, est\u00e1ndar del espa\u00f1ol general, al cual se a\u00f1adieron las variantes m\u00e1s frecuentes en el uso del idioma en los pa\u00edses del \u00e1rea del Caribe: Rep\u00fablica Dominicana, Puerto Rico, Venezuela, Colombia y Cuba, sobre la base de investigaciones efectuadas en diversos diccionarios y l\u00e9xicos de los pa\u00edses mencionados y las encuestas realizadas a profesionales y otros hablantes de esos pa\u00edses.\u00a0Se hizo una selecci\u00f3n cuidadosa de vocablos de acuerdo con su importancia y vigencia, as\u00ed como de las locuciones nominales, verbales y adverbiales, y algunos fraseologismos de esos pa\u00edses. Este diccionario cuenta con 9 000 entradas y 22 000 acepciones y en cada una de estas aparece una oraci\u00f3n donde pueden observarse la funci\u00f3n y el significado preciso de todos los vocablos y de las variantes por cada pa\u00eds del \u00e1rea. El Diccionario Escolar del Espa\u00f1ol Caribe\u00f1o es general, sincr\u00f3nico y, hasta cierto punto, contrastivo, pues incluye una extensa tabla de los diferentes vocablos que se expresan en estos pa\u00edses y que responden al mismo significado.<\/p>\r\n<p style=\"text-align: justify;\"><strong>Directora<\/strong>: <a href=\".\/clanuevo\/eloina-miyares-bermudez\/\" target=\"_blank\">Elo\u00edna Miyares Berm\u00fadez<\/a><\/p>\r\n<p style=\"text-align: justify;\"><strong>Coordinador general: <\/strong><a href=\".\/clanuevo\/julio-vitelio-ruiz-hernandez\/\" target=\"_blank\">Julio Vitelio Ruiz Hern\u00e1ndez<\/a><\/p>\r\n<p style=\"text-align: justify;\"><strong>Equipo lexicogr\u00e1fico: <\/strong><a href=\".\/clanuevo\/eloina-miyares-bermudez\/\" target=\"_blank\">Elo\u00edna Miyares Berm\u00fadez<\/a>, <a href=\".\/clanuevo\/nancy-cristina-alamo-suarez\/\" target=\"_blank\">Nancy \u00c1lamo Su\u00e1rez<\/a>, <a href=\".\/clanuevo\/alex-munoz-alvarado\/\" target=\"_blank\">Alex Mu\u00f1oz Alvarado<\/a>, <a href=\".\/clanuevo\/leonel-ruiz-miyares\/\" target=\"_blank\">Leonel Ruiz Miyares<\/a>, Celia P\u00e9rez Marqu\u00e9s y <a href=\".\/clanuevo\/mileidis-quintana-polanco\/\" target=\"_blank\">Mileidis Quintana Polanco<\/a><\/p>\r\n<p style=\"text-align: justify;\"><strong>Ling\u00fc\u00edstica computacional<\/strong>: <a href=\".\/clanuevo\/leonel-ruiz-miyares\/\" target=\"_blank\">Leonel Ruiz Miyares<\/a> y Celia \u00c1lvarez Moreno<\/p>\r\n\r\n<\/div>\r\n<\/div>","protected":false},"excerpt":{"rendered":"<p>Resumen: Este diccionario se hizo tomando el corpus de uso general de palabras del habla com\u00fan, est\u00e1ndar del espa\u00f1ol general, al cual se a\u00f1adieron las variantes m\u00e1s frecuentes en el uso del idioma en los pa\u00edses del \u00e1rea del Caribe: <a href=\"https:\/\/www.cla.cu\/es\/diccionario-escolar-del-espanol-caribeno\/\" class=\"read-more\">Seguir leyendo &#8230;<\/a><\/p>\n","protected":false},"author":1,"featured_media":0,"parent":0,"menu_order":0,"comment_status":"closed","ping_status":"closed","template":"","meta":[],"_links":{"self":[{"href":"https:\/\/www.cla.cu\/es\/wp-json\/wp\/v2\/pages\/881"}],"collection":[{"href":"https:\/\/www.cla.cu\/es\/wp-json\/wp\/v2\/pages"}],"about":[{"href":"https:\/\/www.cla.cu\/es\/wp-json\/wp\/v2\/types\/page"}],"author":[{"embeddable":true,"href":"https:\/\/www.cla.cu\/es\/wp-json\/wp\/v2\/users\/1"}],"replies":[{"embeddable":true,"href":"https:\/\/www.cla.cu\/es\/wp-json\/wp\/v2\/comments?post=881"}],"version-history":[{"count":4,"href":"https:\/\/www.cla.cu\/es\/wp-json\/wp\/v2\/pages\/881\/revisions"}],"predecessor-version":[{"id":1005,"href":"https:\/\/www.cla.cu\/es\/wp-json\/wp\/v2\/pages\/881\/revisions\/1005"}],"wp:attachment":[{"href":"https:\/\/www.cla.cu\/es\/wp-json\/wp\/v2\/media?parent=881"}],"curies":[{"name":"wp","href":"https:\/\/api.w.org\/{rel}","templated":true}]}}