{"id":877,"date":"2016-10-24T13:03:17","date_gmt":"2016-10-24T13:03:17","guid":{"rendered":"http:\/\/localhost\/wordpress\/?page_id=877"},"modified":"2018-09-25T20:16:38","modified_gmt":"2018-09-25T20:16:38","slug":"diccionario-ortografico-del-espanol","status":"publish","type":"page","link":"https:\/\/www.cla.cu\/es\/diccionario-ortografico-del-espanol\/","title":{"rendered":"Diccionario Ortogr\u00e1fico del Espa\u00f1ol"},"content":{"rendered":"<p style=\"text-align: justify;\"><strong><a href=\"http:\/\/www.cla.cu\/clanuevo\/wp-content\/uploads\/2016\/06\/cubierta-diccionario-ortografico_0.jpg\"><img class=\"alignleft wp-image-695 size-full\" src=\"http:\/\/www.cla.cu\/clanuevo\/wp-content\/uploads\/2016\/06\/cubierta-diccionario-ortografico_0.jpg\" alt=\"\" width=\"75\" height=\"120\" \/><\/a>Resumen<\/strong>: Diccionario basado en el <em>L\u00e9xico Activo Funcional del Escolar Cubano<\/em>. Libro de consulta para escolares, maestros y pueblo en general que beneficia la Ortograf\u00eda, los usos verbales regulares e irregulares y otros aspectos gramaticales de inter\u00e9s. Posee las principales reglas ortogr\u00e1ficas del espa\u00f1ol.\u00a0Esta obra distingue los morfemas que aparecen en cada palabra del cuerpo del diccionario. Se imprimi\u00f3 en Italia en 1999 y tuvo una segunda impresi\u00f3n en el 2001. Su impacto estriba en la rapidez en que se han agotado sus dos impresiones por su aceptaci\u00f3n entre los profesores, maestros y la poblaci\u00f3n en general. Se redactaron y publicaron dos art\u00edculos cient\u00edficos sobre este libro.\u00a0 Esta obra se realiz\u00f3 en colaboraci\u00f3n con hispanistas del Instituto de Ling\u00fc\u00edstica Computacional de Pisa, Italia, filial de G\u00e9nova (<a href=\"http:\/\/www.ge.ilc.cnr.it\/page.php?ID=dic-cubano&amp;lingua=it\" target=\"_blank\">http:\/\/www.ge.ilc.cnr.it\/page.php?ID=dic-cubano&amp;lingua=it<\/a>).<\/p>\r\n<p style=\"text-align: justify;\"><strong>Proyecto y coordinaci\u00f3n:<\/strong> Luc\u00eda Marconi, <a href=\".\/clanuevo\/eloina-miyares-bermudez\/\" target=\"_blank\">Elo\u00edna Miyares Berm\u00fadez<\/a>, Daniela Ratti y\u00a0 Claudia Rolando<\/p>\r\n<p style=\"text-align: justify;\"><strong>Equipo lexicogr\u00e1fico:<\/strong> Luc\u00eda Marconi, <a href=\".\/clanuevo\/eloina-miyares-bermudez\/\" target=\"_blank\">Elo\u00edna Miyares Berm\u00fadez<\/a>, Daniela Ratti, Claudia Rolando y <a href=\".\/clanuevo\/leonel-ruiz-miyares\/\" target=\"_blank\">Leonel Ruiz Miyares<\/a><\/p>","protected":false},"excerpt":{"rendered":"<p>Resumen: Diccionario basado en el L\u00e9xico Activo Funcional del Escolar Cubano. Libro de consulta para escolares, maestros y pueblo en general que beneficia la Ortograf\u00eda, los usos verbales regulares e irregulares y otros aspectos gramaticales de inter\u00e9s. Posee las principales <a href=\"https:\/\/www.cla.cu\/es\/diccionario-ortografico-del-espanol\/\" class=\"read-more\">Seguir leyendo &#8230;<\/a><\/p>\n","protected":false},"author":1,"featured_media":0,"parent":0,"menu_order":0,"comment_status":"closed","ping_status":"closed","template":"","meta":[],"_links":{"self":[{"href":"https:\/\/www.cla.cu\/es\/wp-json\/wp\/v2\/pages\/877"}],"collection":[{"href":"https:\/\/www.cla.cu\/es\/wp-json\/wp\/v2\/pages"}],"about":[{"href":"https:\/\/www.cla.cu\/es\/wp-json\/wp\/v2\/types\/page"}],"author":[{"embeddable":true,"href":"https:\/\/www.cla.cu\/es\/wp-json\/wp\/v2\/users\/1"}],"replies":[{"embeddable":true,"href":"https:\/\/www.cla.cu\/es\/wp-json\/wp\/v2\/comments?post=877"}],"version-history":[{"count":5,"href":"https:\/\/www.cla.cu\/es\/wp-json\/wp\/v2\/pages\/877\/revisions"}],"predecessor-version":[{"id":1309,"href":"https:\/\/www.cla.cu\/es\/wp-json\/wp\/v2\/pages\/877\/revisions\/1309"}],"wp:attachment":[{"href":"https:\/\/www.cla.cu\/es\/wp-json\/wp\/v2\/media?parent=877"}],"curies":[{"name":"wp","href":"https:\/\/api.w.org\/{rel}","templated":true}]}}