{"id":871,"date":"2016-10-24T12:59:41","date_gmt":"2016-10-24T12:59:41","guid":{"rendered":"http:\/\/localhost\/wordpress\/?page_id=871"},"modified":"2018-09-25T20:28:56","modified_gmt":"2018-09-25T20:28:56","slug":"diccionario-escolar-ilustrado","status":"publish","type":"page","link":"https:\/\/www.cla.cu\/es\/diccionario-escolar-ilustrado\/","title":{"rendered":"Diccionario Escolar Ilustrado"},"content":{"rendered":"<p style=\"text-align: justify;\"><strong><a href=\"http:\/\/www.cla.cu\/clanuevo\/wp-content\/uploads\/2016\/06\/cubierta-diccionario-escolar-ilustrado_0.jpg\"><img class=\"alignleft wp-image-697 size-full\" src=\"http:\/\/www.cla.cu\/clanuevo\/wp-content\/uploads\/2016\/06\/cubierta-diccionario-escolar-ilustrado_0.jpg\" alt=\"\" width=\"82\" height=\"120\" \/><\/a>Resumen<\/strong>: Diccionario confeccionado sobre la base de la investigaci\u00f3n denominada <em>L\u00e9xico Activo Funcional del Escolar Cubano <\/em>(corpus de 700 000 palabras en 7000 composiciones de toda Cuba). Destinado a la familiarizaci\u00f3n de los ni\u00f1os de 2do. a 4to. grados con el uso de este necesario instrumento pedag\u00f3gico muy importante para el desarrollo de su l\u00e9xico. En las entradas, las letras de posible motivo de error aparecen en rojo para ayudar, mediante la percepci\u00f3n visual, a la mejor fijaci\u00f3n de patrones ortogr\u00e1ficos correctos.Cuenta con cerca de 2 000 entradas cuyas definiciones son sencillas y asequibles a los ni\u00f1os. Posee m\u00e1s de 500 ilustraciones en colores que permiten fijar el significado de cada uno de los vocablos. Fue publicado en 1998 por la Editorial Oriente de Santiago de Cuba y Ediciones Libertarias de Madrid, Espa\u00f1a. Este diccionario fue <strong>Premio Relevante <\/strong>en el <strong>XII F\u00f3rum Nacional de Ciencia y T\u00e9cnica <\/strong>del a\u00f1o 1998 y se publicaron cinco art\u00edculos cient\u00edficos en distintas revistas especializadas.<\/p>\r\n<p style=\"text-align: justify;\"><strong>Directora<\/strong>: <a href=\".\/clanuevo\/eloina-miyares-bermudez\/\" target=\"_blank\">Elo\u00edna Miyares Berm\u00fadez<\/a><\/p>\r\n<p style=\"text-align: justify;\"><strong>Coordinador general: <\/strong><a href=\".\/clanuevo\/julio-vitelio-ruiz-hernandez\/\" target=\"_blank\">Julio Vitelio Ruiz Hern\u00e1ndez<\/a><\/p>\r\n<p style=\"text-align: justify;\"><strong>Equipo lexicogr\u00e1fico: <\/strong><a href=\".\/clanuevo\/eloina-miyares-bermudez\/\" target=\"_blank\">Elo\u00edna Miyares Berm\u00fadez<\/a>, <a href=\".\/clanuevo\/nancy-cristina-alamo-suarez\/\" target=\"_blank\">Nancy \u00c1lamo Su\u00e1rez<\/a>, Celia P\u00e9rez Marqu\u00e9s y Katia Gonz\u00e1lez Heredia<\/p>\r\n<p style=\"text-align: justify;\"><strong>Ling\u00fc\u00edstica computacional<\/strong>: <a href=\".\/clanuevo\/leonel-ruiz-miyares\/\" target=\"_blank\">Leonel Ruiz Miyares<\/a> y Celia \u00c1lvarez Moreno<\/p>","protected":false},"excerpt":{"rendered":"<p>Resumen: Diccionario confeccionado sobre la base de la investigaci\u00f3n denominada L\u00e9xico Activo Funcional del Escolar Cubano (corpus de 700 000 palabras en 7000 composiciones de toda Cuba). Destinado a la familiarizaci\u00f3n de los ni\u00f1os de 2do. a 4to. grados con <a href=\"https:\/\/www.cla.cu\/es\/diccionario-escolar-ilustrado\/\" class=\"read-more\">Seguir leyendo &#8230;<\/a><\/p>\n","protected":false},"author":1,"featured_media":0,"parent":0,"menu_order":0,"comment_status":"closed","ping_status":"closed","template":"","meta":[],"_links":{"self":[{"href":"https:\/\/www.cla.cu\/es\/wp-json\/wp\/v2\/pages\/871"}],"collection":[{"href":"https:\/\/www.cla.cu\/es\/wp-json\/wp\/v2\/pages"}],"about":[{"href":"https:\/\/www.cla.cu\/es\/wp-json\/wp\/v2\/types\/page"}],"author":[{"embeddable":true,"href":"https:\/\/www.cla.cu\/es\/wp-json\/wp\/v2\/users\/1"}],"replies":[{"embeddable":true,"href":"https:\/\/www.cla.cu\/es\/wp-json\/wp\/v2\/comments?post=871"}],"version-history":[{"count":3,"href":"https:\/\/www.cla.cu\/es\/wp-json\/wp\/v2\/pages\/871\/revisions"}],"predecessor-version":[{"id":1310,"href":"https:\/\/www.cla.cu\/es\/wp-json\/wp\/v2\/pages\/871\/revisions\/1310"}],"wp:attachment":[{"href":"https:\/\/www.cla.cu\/es\/wp-json\/wp\/v2\/media?parent=871"}],"curies":[{"name":"wp","href":"https:\/\/api.w.org\/{rel}","templated":true}]}}