{"id":855,"date":"2016-10-19T21:22:34","date_gmt":"2016-10-19T21:22:34","guid":{"rendered":"http:\/\/localhost\/wordpress\/?page_id=855"},"modified":"2018-09-25T20:50:53","modified_gmt":"2018-09-25T20:50:53","slug":"vacuna-ortografica-val-cuba-nivel-primario","status":"publish","type":"page","link":"https:\/\/www.cla.cu\/es\/vacuna-ortografica-val-cuba-nivel-primario\/","title":{"rendered":"Vacuna Ortogr\u00e1fica VAL-CUBA (nivel primario)"},"content":{"rendered":"<p class=\"rtejustify\" style=\"text-align: justify;\"><em>\u00a0<a href=\"http:\/\/www.cla.cu\/clanuevo\/wp-content\/uploads\/2016\/06\/Val-Cuba_0.jpg\"><img class=\"wp-image-699 size-full alignleft\" src=\"http:\/\/www.cla.cu\/clanuevo\/wp-content\/uploads\/2016\/06\/Val-Cuba_0.jpg\" alt=\"\" width=\"78\" height=\"120\" \/><\/a><\/em><strong>Resumen<\/strong>: Metodolog\u00eda para el estudio sistem\u00e1tico de la Ortograf\u00eda que contribuye a prevenir y tratar de erradicar los errores ortogr\u00e1ficos presentes en los alumnos del nivel primario de ense\u00f1anza. Se confeccion\u00f3 sobre la base del inventario de lapsogramas o errores ortogr\u00e1ficos recogidos en las 5800 composiciones escritas del estudio <em>L\u00e9xico Activo Funcional del Escolar Cubano<\/em>. Esta innovadora y efectiva obra est\u00e1 basada en tres s\u00f3lidos principios cient\u00edficos: ling\u00fc\u00edsticos, psicol\u00f3gicos y pedag\u00f3gicos. El libro se public\u00f3 en 1995 y se reimprimi\u00f3 en 1999.Se han publicado dos art\u00edculos cient\u00edficos sobre este resultado y varios especialistas de otras instituciones del pa\u00eds han presentado ponencias en diferentes eventos sobre sus experiencias en la aplicaci\u00f3n de esta metodolog\u00eda. El impacto socio-educativo de esta obra ha tenido amplia repercusi\u00f3n nacional y fue generalizada en el estado Lara de la Rep\u00fablica Bolivariana de Venezuela, donde adem\u00e1s de su aplicaci\u00f3n, se realizaron dos estudios que culminaron en sendas tesis para la obtenci\u00f3n del t\u00edtulo de Licenciado en Pedagog\u00eda en el Instituto Pedag\u00f3gico de Barquisimeto. Este resultado ha obtenido varios premios provinciales del F\u00f3rum de Ciencia y T\u00e9cnica por sus generalizaciones. Esta obra est\u00e1 registrada en el CENDA (Centro Nacional de Derecho de Autor).<\/p>\r\n\r\n<div class=\"art-contentLayout\">\r\n<div class=\"art-content-wide\">\r\n<div class=\"art-Post\">\r\n<div class=\"art-Post-body\">\r\n<div class=\"art-Post-inner\">\r\n<div class=\"art-PostContent\">\r\n<div class=\"art-article\">\r\n<p class=\"rtejustify\" style=\"text-align: justify;\"><strong>Autores<\/strong>: <a href=\".\/clanuevo\/julio-vitelio-ruiz-hernandez\/\" target=\"_blank\">Julio Vitelio Ruiz Hern\u00e1ndez<\/a> y <a href=\".\/clanuevo\/eloina-miyares-bermudez\/\" target=\"_blank\">Elo\u00edna Miyares Berm\u00fadez<\/a><\/p>\r\n\r\n<\/div>\r\n<\/div>\r\n<\/div>\r\n<\/div>\r\n<\/div>\r\n<\/div>\r\n<\/div>\r\n<p class=\"rtejustify\"><em>\u00a0<\/em><\/p>","protected":false},"excerpt":{"rendered":"<p>\u00a0Resumen: Metodolog\u00eda para el estudio sistem\u00e1tico de la Ortograf\u00eda que contribuye a prevenir y tratar de erradicar los errores ortogr\u00e1ficos presentes en los alumnos del nivel primario de ense\u00f1anza. Se confeccion\u00f3 sobre la base del inventario de lapsogramas o errores <a href=\"https:\/\/www.cla.cu\/es\/vacuna-ortografica-val-cuba-nivel-primario\/\" class=\"read-more\">Seguir leyendo &#8230;<\/a><\/p>\n","protected":false},"author":1,"featured_media":0,"parent":0,"menu_order":0,"comment_status":"closed","ping_status":"closed","template":"","meta":[],"_links":{"self":[{"href":"https:\/\/www.cla.cu\/es\/wp-json\/wp\/v2\/pages\/855"}],"collection":[{"href":"https:\/\/www.cla.cu\/es\/wp-json\/wp\/v2\/pages"}],"about":[{"href":"https:\/\/www.cla.cu\/es\/wp-json\/wp\/v2\/types\/page"}],"author":[{"embeddable":true,"href":"https:\/\/www.cla.cu\/es\/wp-json\/wp\/v2\/users\/1"}],"replies":[{"embeddable":true,"href":"https:\/\/www.cla.cu\/es\/wp-json\/wp\/v2\/comments?post=855"}],"version-history":[{"count":5,"href":"https:\/\/www.cla.cu\/es\/wp-json\/wp\/v2\/pages\/855\/revisions"}],"predecessor-version":[{"id":1313,"href":"https:\/\/www.cla.cu\/es\/wp-json\/wp\/v2\/pages\/855\/revisions\/1313"}],"wp:attachment":[{"href":"https:\/\/www.cla.cu\/es\/wp-json\/wp\/v2\/media?parent=855"}],"curies":[{"name":"wp","href":"https:\/\/api.w.org\/{rel}","templated":true}]}}