{"id":617,"date":"2016-09-05T19:37:27","date_gmt":"2016-09-05T19:37:27","guid":{"rendered":"http:\/\/localhost\/wordpress\/?page_id=617"},"modified":"2016-10-17T14:10:54","modified_gmt":"2016-10-17T14:10:54","slug":"rolando-urrutia-cleger","status":"publish","type":"page","link":"https:\/\/www.cla.cu\/es\/rolando-urrutia-cleger\/","title":{"rendered":"Rolando Urrutia Cleger"},"content":{"rendered":"<div class=\"art-Post\">\r\n<div class=\"art-Post-body\">\r\n<div class=\"art-Post-inner\">\r\n<div class=\"art-PostContent\">\r\n<div class=\"art-article\">\r\n<div class=\"field field-type-text field-field-email\" style=\"text-align: justify;\">\r\n<div class=\"field-label\">Correo electr\u00f3nico:<\/div>\r\n<div class=\"field-items\">\r\n<div class=\"field-item odd\">\r\n\r\n<a href=\"mailto:rafael@cla.ciges.inf.cu\">rolando@cla.ciges.inf.cu<\/a>\r\n\r\n<\/div>\r\n<\/div>\r\n<\/div>\r\n<div class=\"field field-type-text field-field-titulo-anno\">\r\n<div class=\"field-label\" style=\"text-align: justify;\">T\u00edtulos:<\/div>\r\n<div class=\"field-items\">\r\n<div class=\"field-item odd\">\r\n<ul>\r\n\t<li class=\"rtejustify\" style=\"text-align: justify;\">T\u00e9cnico en Ciencias Inform\u00e1ticas, 2008<\/li>\r\n<\/ul>\r\n<\/div>\r\n<\/div>\r\n<\/div>\r\n<\/div>\r\n<\/div>\r\n<\/div>\r\n<\/div>\r\n<\/div>","protected":false},"excerpt":{"rendered":"<p>Correo electr\u00f3nico: rolando@cla.ciges.inf.cu T\u00edtulos: T\u00e9cnico en Ciencias Inform\u00e1ticas, 2008<\/p>\n","protected":false},"author":1,"featured_media":0,"parent":0,"menu_order":0,"comment_status":"closed","ping_status":"closed","template":"","meta":[],"_links":{"self":[{"href":"https:\/\/www.cla.cu\/es\/wp-json\/wp\/v2\/pages\/617"}],"collection":[{"href":"https:\/\/www.cla.cu\/es\/wp-json\/wp\/v2\/pages"}],"about":[{"href":"https:\/\/www.cla.cu\/es\/wp-json\/wp\/v2\/types\/page"}],"author":[{"embeddable":true,"href":"https:\/\/www.cla.cu\/es\/wp-json\/wp\/v2\/users\/1"}],"replies":[{"embeddable":true,"href":"https:\/\/www.cla.cu\/es\/wp-json\/wp\/v2\/comments?post=617"}],"version-history":[{"count":2,"href":"https:\/\/www.cla.cu\/es\/wp-json\/wp\/v2\/pages\/617\/revisions"}],"predecessor-version":[{"id":842,"href":"https:\/\/www.cla.cu\/es\/wp-json\/wp\/v2\/pages\/617\/revisions\/842"}],"wp:attachment":[{"href":"https:\/\/www.cla.cu\/es\/wp-json\/wp\/v2\/media?parent=617"}],"curies":[{"name":"wp","href":"https:\/\/api.w.org\/{rel}","templated":true}]}}