{"id":595,"date":"2016-09-05T19:18:53","date_gmt":"2016-09-05T19:18:53","guid":{"rendered":"http:\/\/localhost\/wordpress\/?page_id=595"},"modified":"2019-12-18T20:23:01","modified_gmt":"2019-12-18T20:23:01","slug":"alex-munoz-alvarado","status":"publish","type":"page","link":"https:\/\/www.cla.cu\/es\/alex-munoz-alvarado\/","title":{"rendered":"Alex Mu\u00f1oz Alvarado"},"content":{"rendered":"<div class=\"art-PostContent\">\r\n<div class=\"art-article\">\r\n<div class=\"field field-type-filefield field-field-foto\">\r\n<div class=\"field-items\">\r\n<div class=\"field-item odd\"><img class=\"alignnone wp-image-725 \" src=\"http:\/\/www.cla.cu\/clanuevo\/wp-content\/uploads\/2016\/06\/Alex1_0.jpg\" alt=\"\" width=\"147\" height=\"112\" \/><\/div>\r\n<\/div>\r\n<\/div>\r\n<div class=\"field field-type-text field-field-email\">\r\n<div class=\"field-label\" style=\"text-align: justify;\">Correo electr\u00f3nico:<\/div>\r\n<div class=\"field-items\" style=\"text-align: justify;\">\r\n<div class=\"field-item odd\">\r\n\r\n<a href=\"mailto:alex@cla.ciges.inf.cu\">alex@cla.ciges.inf.cu<\/a>\r\n\r\n<\/div>\r\n<\/div>\r\n<\/div>\r\n<div class=\"field field-type-text field-field-titulo-anno\" style=\"text-align: justify;\">\r\n<div class=\"field-label\">T\u00edtulos:<\/div>\r\n<div class=\"field-items\">\r\n<div class=\"field-item odd\">\r\n<ul>\r\n\t<li class=\"rtejustify\">- Licenciado en Letras, 1998.<\/li>\r\n\t<li class=\"rtejustify\">- Investigador Auxiliar, 2011.<\/li>\r\n\t<li class=\"rtejustify\">-Doctor en Ciencias Ling\u00fc\u00edsticas, 2014<\/li>\r\n<\/ul>\r\n<\/div>\r\n<\/div>\r\n<\/div>\r\n<div class=\"field field-type-text field-field-main-course\" style=\"text-align: justify;\">\r\n<div class=\"field-label\">Principales cursos:<\/div>\r\n<div class=\"field-items\">\r\n<div class=\"field-item odd\">\r\n<ul>\r\n\t<li class=\"rtejustify\">- Cursos de espa\u00f1ol para extranjeros.<\/li>\r\n\t<li class=\"rtejustify\">- Fon\u00e9tica ac\u00fastica.<\/li>\r\n<\/ul>\r\n<\/div>\r\n<\/div>\r\n<\/div>\r\n<div class=\"field field-type-text field-field-main-project\" style=\"text-align: justify;\">\r\n<div class=\"field-label\">Principales proyectos:<\/div>\r\n<div class=\"field-items\">\r\n<div class=\"field-item odd\">\r\n<ul>\r\n\t<li class=\"rtejustify\">- Ep\u00edtome del medio ambiente.<\/li>\r\n\t<li class=\"rtejustify\">- Diccionario b\u00e1sico escolar<\/li>\r\n\t<li class=\"rtejustify\">- Diccionario escolar del espa\u00f1ol caribe\u00f1o<\/li>\r\n\t<li class=\"rtejustify\">- La entonaci\u00f3n en el habla culta de la ciudad de Santiago de Cuba<\/li>\r\n<\/ul>\r\n<\/div>\r\n<\/div>\r\n<\/div>\r\n<div class=\"field field-type-text field-field-main-publication\" style=\"text-align: justify;\">\r\n<div class=\"field-label\">Principales publicaciones:<\/div>\r\n<div class=\"field-items\">\r\n<div class=\"field-item odd\">\r\n<ul>\r\n\t<li class=\"rtejustify\">- Diccionario b\u00e1sico escolar.<\/li>\r\n\t<li class=\"rtejustify\">- Segmentabilidad de la entonaci\u00f3n desde la perspectiva comunicativa, Actas del Congreso de ABRALIN, Jo\u00e3o Pessoa, Brasil.<\/li>\r\n\t<li class=\"rtejustify\">- Reflejo de la lengua de la pugna entre la emancipaci\u00f3n femenina y el androcentrismo, en actas del Simposio internacional de comunicaci\u00f3n social 2001.<\/li>\r\n\t<li class=\"rtejustify\">- Manifestaciones de autorreferencia en la narrativa de Rafael Soler, en Vi\u00f1a joven, 2005, Santiago de Cuba.<\/li>\r\n\t<li class=\"rtejustify\">- La variaci\u00f3n geogr\u00e1fica del l\u00e9xico cubano en diccionarios y mapas. Bosquejo del desarrollo de una disciplina, en Vi\u00f1a joven, 2005, Santiago de Cuba.<\/li>\r\n<\/ul>\r\n<\/div>\r\n<\/div>\r\n<\/div>\r\n<div class=\"field field-type-text field-field-main-event\" style=\"text-align: justify;\">\r\n<div class=\"field-label\">Principales eventos:<\/div>\r\n<div class=\"field-items\">\r\n<div class=\"field-item odd\">\r\n<ul>\r\n\t<li class=\"rtejustify\">- Simposios Internacionales de Comunicaci\u00f3n Social, Santiago de Cuba.<\/li>\r\n\t<li class=\"rtejustify\">- Conferencias Internacionales de Ling\u00fc\u00edstica, La Habana.<\/li>\r\n<\/ul>\r\n<\/div>\r\n<\/div>\r\n<\/div>\r\n<div class=\"field field-type-text field-field-other-interest\">\r\n<div class=\"field-label\" style=\"text-align: justify;\">Otros aspectos de inter\u00e9s:<\/div>\r\n<div class=\"field-items\">\r\n<div class=\"field-item odd\">\r\n<ul>\r\n\t<li class=\"rtejustify\" style=\"text-align: justify;\">- Fue distinguido en el 2001 y en el 2010 con el Sello Forjadores del Futuro, que otorga el Consejo de Estado a propuesta de las Brigadas T\u00e9cnicas Juveniles.<\/li>\r\n\t<li class=\"rtejustify\" style=\"text-align: justify;\">- 2004 - 2005: Particip\u00f3 en un intercambio cient\u00edfico entre su instituci\u00f3n y el Departamento de Ling\u00fc\u00edstica de la Universidad de Gotemburgo, Suecia, instituci\u00f3n esta en la cual recibi\u00f3 varios cursos de superaci\u00f3n profesional.<\/li>\r\n\t<li class=\"rtejustify\" style=\"text-align: justify;\">- Recibi\u00f3 el Premio Nacional para J\u00f3venes Investigadores, Cuba, 2010.<\/li>\r\n<\/ul>\r\n<\/div>\r\n<\/div>\r\n<\/div>\r\n<\/div>\r\n<\/div>","protected":false},"excerpt":{"rendered":"<p>Correo electr\u00f3nico: alex@cla.ciges.inf.cu T\u00edtulos: &#8211; Licenciado en Letras, 1998. &#8211; Investigador Auxiliar, 2011. -Doctor en Ciencias Ling\u00fc\u00edsticas, 2014 Principales cursos: &#8211; Cursos de espa\u00f1ol para extranjeros. &#8211; Fon\u00e9tica ac\u00fastica. Principales proyectos: &#8211; Ep\u00edtome del medio ambiente. &#8211; Diccionario b\u00e1sico escolar <a href=\"https:\/\/www.cla.cu\/es\/alex-munoz-alvarado\/\" class=\"read-more\">Seguir leyendo &#8230;<\/a><\/p>\n","protected":false},"author":1,"featured_media":0,"parent":0,"menu_order":0,"comment_status":"closed","ping_status":"closed","template":"","meta":[],"_links":{"self":[{"href":"https:\/\/www.cla.cu\/es\/wp-json\/wp\/v2\/pages\/595"}],"collection":[{"href":"https:\/\/www.cla.cu\/es\/wp-json\/wp\/v2\/pages"}],"about":[{"href":"https:\/\/www.cla.cu\/es\/wp-json\/wp\/v2\/types\/page"}],"author":[{"embeddable":true,"href":"https:\/\/www.cla.cu\/es\/wp-json\/wp\/v2\/users\/1"}],"replies":[{"embeddable":true,"href":"https:\/\/www.cla.cu\/es\/wp-json\/wp\/v2\/comments?post=595"}],"version-history":[{"count":6,"href":"https:\/\/www.cla.cu\/es\/wp-json\/wp\/v2\/pages\/595\/revisions"}],"predecessor-version":[{"id":1779,"href":"https:\/\/www.cla.cu\/es\/wp-json\/wp\/v2\/pages\/595\/revisions\/1779"}],"wp:attachment":[{"href":"https:\/\/www.cla.cu\/es\/wp-json\/wp\/v2\/media?parent=595"}],"curies":[{"name":"wp","href":"https:\/\/api.w.org\/{rel}","templated":true}]}}