{"id":294,"date":"2016-06-13T15:43:40","date_gmt":"2016-06-13T15:43:40","guid":{"rendered":"http:\/\/localhost\/wordpress\/?page_id=294"},"modified":"2023-10-11T15:18:10","modified_gmt":"2023-10-11T15:18:10","slug":"investigadores-2","status":"publish","type":"page","link":"https:\/\/www.cla.cu\/es\/investigadores-2\/","title":{"rendered":"Investigadores"},"content":{"rendered":"<div class=\"art-Post\" style=\"text-align: justify;\">\r\n<div class=\"art-Post-body\">\r\n<div class=\"art-Post-cc\">\r\n<div class=\"art-PostMetadataHeader\">\r\n<h2 class=\"art-PostHeaderIcon-wrapper\"><span class=\"art-PostHeader\"><a href=\".\/clanuevo\/leonel-ruiz-miyares\/\">Leonel Ruiz Miyares<\/a><\/span><\/h2>\r\n<\/div>\r\n<div class=\"art-PostContent\">\r\n<div class=\"art-article\">\r\n<div class=\"field field-type-filefield field-field-foto\">\r\n<div class=\"field-items\">\r\n<div class=\"field-item odd\"><a href=\"http:\/\/www.cla.cu\/clanuevo\/wp-content\/uploads\/2016\/06\/Leonel1_0.jpg\"><img class=\"alignnone wp-image-731\" src=\"http:\/\/www.cla.cu\/clanuevo\/wp-content\/uploads\/2016\/06\/Leonel1_0.jpg\" alt=\"\" width=\"150\" height=\"153\" \/><\/a><\/div>\r\n<\/div>\r\n<\/div>\r\n<div class=\"field field-type-text field-field-email\">\r\n<div class=\"field-label\">Correo electr\u00f3nico:<\/div>\r\n<div class=\"field-items\">\r\n<div class=\"field-item odd\">\r\n\r\n<a href=\"mailto:leonel@lingapli.ciges.inf.cu\">leonel@lingapli.ciges.inf.cu<\/a>\r\n\r\n<\/div>\r\n<\/div>\r\n<\/div>\r\n<div class=\"field field-type-text field-field-occupy\">\r\n<div class=\"field-items\">\r\n<div class=\"field-item odd\">\r\n<div class=\"field-label-inline-first\">Cargo:<\/div>\r\nDirector\r\n\r\n<\/div>\r\n<\/div>\r\n<\/div>\r\n<div class=\"field field-type-text field-field-titulo-anno\">\r\n<div class=\"field-label\">T\u00edtulos:<\/div>\r\n<div class=\"field-items\">\r\n<div class=\"field-item odd\">\r\n<ul>\r\n\t<li class=\"rtejustify\">Ingeniero en M\u00e1quinas Computadoras Electr\u00f3nicas, 1986.<\/li>\r\n\t<li class=\"rtejustify\">Doctor en Ciencias T\u00e9cnicas, 2001.<\/li>\r\n\t<li class=\"rtejustify\">Investigador Titular, 2005.<\/li>\r\n<\/ul>\r\n<\/div>\r\n<\/div>\r\n<\/div>\r\n<\/div>\r\n<\/div>\r\n<h2 class=\"art-PostHeaderIcon-wrapper\"><span class=\"art-PostHeader\"><a href=\".\/clanuevo\/nancy-cristina-alamo-suarez\/\">Nancy Cristina \u00c1lamo Su\u00e1rez<\/a><\/span><\/h2>\r\n<\/div>\r\n<\/div>\r\n<\/div>\r\n<div class=\"art-Post\">\r\n<div class=\"art-Post-body\">\r\n<div class=\"art-Post\">\r\n<div class=\"art-PostContent\" style=\"text-align: justify;\">\r\n<div class=\"art-article\">\r\n<div class=\"field field-type-filefield field-field-foto\">\r\n<div class=\"field-items\">\r\n<div class=\"field-item odd\"><a href=\"http:\/\/www.cla.cu\/clanuevo\/wp-content\/uploads\/2016\/06\/nancy1_0.jpg\"><img class=\"alignnone wp-image-736\" src=\"http:\/\/www.cla.cu\/clanuevo\/wp-content\/uploads\/2016\/06\/nancy1_0.jpg\" alt=\"\" width=\"117\" height=\"171\" \/><\/a><\/div>\r\n<\/div>\r\n<\/div>\r\n<div class=\"field field-type-text field-field-email\">\r\n<div class=\"field-label\">Correo electr\u00f3nico:<\/div>\r\n<div class=\"field-items\">\r\n<div class=\"field-item odd\">\r\n\r\n<a href=\"mailto:alamo@cla.ciges.inf.cu\">alamo@cla.ciges.inf.cu<\/a>\r\n\r\n<\/div>\r\n<\/div>\r\n<\/div>\r\n<div class=\"field field-type-text field-field-titulo-anno\">\r\n<div class=\"field-label\">T\u00edtulos:<\/div>\r\n<div class=\"field-items\">\r\n<div class=\"field-item odd\">\r\n<ul>\r\n\t<li>Profesora de Secundaria B\u00e1sica, 1970.<\/li>\r\n\t<li>Profesora de Nivel Secundario Superior, 1981.<\/li>\r\n\t<li>Investigadora Auxiliar, 1999.<\/li>\r\n<\/ul>\r\n<\/div>\r\n<\/div>\r\n<\/div>\r\n<\/div>\r\n<\/div>\r\n<h2 class=\"art-PostHeaderIcon-wrapper\" style=\"text-align: justify;\"><span class=\"art-PostHeader\"><a href=\".\/clanuevo\/alex-munoz-alvarado\/\">Alex Mu\u00f1oz Alvarado<\/a><\/span><\/h2>\r\n<div class=\"art-Post-body\">\r\n<div class=\"art-Post-inner\">\r\n<div class=\"art-PostContent\" style=\"text-align: justify;\">\r\n<div class=\"art-article\">\r\n<div class=\"field field-type-filefield field-field-foto\">\r\n<div class=\"field-items\">\r\n<div class=\"field-item odd\"><img class=\"alignnone wp-image-1525 \" src=\"http:\/\/www.cla.cu\/clanuevo\/wp-content\/uploads\/2016\/06\/20171106_145020-212x270-1.jpg\" alt=\"\" width=\"144\" height=\"183\" \/><\/div>\r\n<\/div>\r\n<\/div>\r\n<div class=\"field field-type-text field-field-email\">\r\n<div class=\"field-label\">Correo electr\u00f3nico:<\/div>\r\n<div class=\"field-items\">\r\n<div class=\"field-item odd\">\r\n\r\n<a href=\"mailto:alex@cla.ciges.inf.cu\">alex@cla.ciges.inf.cu<\/a>\r\n\r\n<\/div>\r\n<\/div>\r\n<\/div>\r\n<div class=\"field field-type-text field-field-titulo-anno\">\r\n<div class=\"field-label\">T\u00edtulos:<\/div>\r\n<div class=\"field-items\">\r\n<div class=\"field-item odd\">\r\n<ul>\r\n\t<li class=\"rtejustify\">Licenciado en Letras, 1998.<\/li>\r\n\t<li class=\"rtejustify\">Investigador Auxiliar, 2011.<\/li>\r\n\t<li class=\"rtejustify\">Doctor en Ciencias Ling\u00fc\u00edsticas, 2014.<\/li>\r\n<\/ul>\r\n<\/div>\r\n<\/div>\r\n<\/div>\r\n<\/div>\r\n<\/div>\r\n<div class=\"art-Post\">\r\n<h2 class=\"art-PostHeaderIcon-wrapper\"><span class=\"art-PostHeader\"><a href=\".\/clanuevo\/javier-tamayo-lozada\/\">Javier Tamayo Lozada<\/a><\/span><\/h2>\r\n<div class=\"art-Post-body\">\r\n<div class=\"art-Post-inner\">\r\n<div class=\"cleared\">\r\n<div class=\"art-Post-body\">\r\n<div class=\"art-Post-inner\">\r\n<div class=\"art-PostContent\">\r\n<div class=\"art-article\">\r\n<div class=\"field field-type-text field-field-titulo-anno\">\r\n<div class=\"art-Post\">\r\n<div class=\"art-Post-body\">\r\n<div class=\"art-Post-inner\">\r\n<div class=\"art-PostContent\">\r\n<div class=\"art-article\">\r\n<div class=\"field field-type-text field-field-email\" style=\"text-align: justify;\">\r\n<div class=\"field-label\"><img class=\"alignnone wp-image-1528\" src=\"http:\/\/www.cla.cu\/clanuevo\/wp-content\/uploads\/2016\/06\/DSC_1695-214x300.jpg\" alt=\"DSC_1695\" width=\"136\" height=\"191\" \/><\/div>\r\n<div class=\"field-label\">Correo electr\u00f3nico:<\/div>\r\n<div class=\"field-items\">\r\n<div class=\"field-item odd\">\r\n\r\n<a href=\"mailto:javier@cla.ciges.inf.cu\">javier@cla.ciges.inf.cu<\/a>\r\n\r\n<\/div>\r\n<\/div>\r\n<\/div>\r\n<div class=\"field field-type-text field-field-titulo-anno\">\r\n<div class=\"field-label\" style=\"text-align: justify;\">T\u00edtulos:<\/div>\r\n<div class=\"field-items\">\r\n<div class=\"field-item odd\">\r\n<ul>\r\n\t<li class=\"rtejustify\" style=\"text-align: justify;\">Ingeniero en Inform\u00e1tica, 2009<\/li>\r\n<\/ul>\r\n<div class=\"art-Post\">\r\n<div class=\"art-Post-body\">\r\n<div class=\"art-Post-inner\">\r\n<div class=\"art-PostMetadataHeader\">\r\n<h2 class=\"art-PostHeaderIcon-wrapper\" style=\"text-align: justify;\"><span class=\"art-PostHeader\"><a href=\".\/clanuevo\/maria-rosa-alvarez-silva\/\">Maria Rosa Alvarez Silva<\/a><\/span><\/h2>\r\n<\/div>\r\n<div class=\"art-PostContent\" style=\"text-align: justify;\">\r\n<div class=\"art-article\">\r\n<div class=\"field field-type-filefield field-field-foto\">\r\n<div class=\"field-items\">\r\n<div class=\"field-item odd\"><img class=\"alignnone wp-image-732 size-full\" src=\"http:\/\/www.cla.cu\/clanuevo\/wp-content\/uploads\/2016\/06\/Maria1_0.jpg\" alt=\"\" width=\"198\" height=\"150\" \/><\/div>\r\n<\/div>\r\n<\/div>\r\n<div class=\"field field-type-text field-field-email\">\r\n<div class=\"field-label\">Correo electr\u00f3nico:<\/div>\r\n<div class=\"field-items\">\r\n<div class=\"field-item odd\">\r\n\r\n<a href=\"mailto:mrosa@cla.ciges.inf.cu\">mrosa@cla.ciges.inf.cu<\/a>\r\n\r\n<\/div>\r\n<\/div>\r\n<\/div>\r\n<div class=\"field field-type-text field-field-titulo-anno\">\r\n<div class=\"field-label\">T\u00edtulos:<\/div>\r\n<div class=\"field-items\">\r\n<div class=\"field-item odd\">\r\n<ul>\r\n\t<li>Licenciada en Sociolog\u00eda (2014)<\/li>\r\n\t<li>Expresi\u00f3n oral. Ingl\u00e9s (1995)<\/li>\r\n\t<li>T\u00e9cnica en Ciencias Inform\u00e1ticas (2003)<\/li>\r\n<\/ul>\r\n<\/div>\r\n<\/div>\r\n<\/div>\r\n<\/div>\r\n<\/div>\r\n<\/div>\r\n<\/div>\r\n<\/div>\r\n<div class=\"art-PostContent\">\r\n<div class=\"field field-type-text field-field-titulo-anno\">\r\n<div class=\"field-items\">\r\n<div class=\"field-item odd\">\r\n<div class=\"art-PostContent\">\r\n<div class=\"art-article\">\r\n<div class=\"field field-type-text field-field-email\">\r\n<div class=\"field-label\">\r\n<div class=\"art-Post-cc\">\r\n<div class=\"art-Post-inner\">\r\n<div class=\"art-PostMetadataHeader\">\r\n<div class=\"field field-type-text field-field-titulo-anno\">\r\n<div class=\"field-items\">\r\n<div class=\"field-item odd\">\r\n<div class=\"art-PostContent\">\r\n<div class=\"art-article\">\r\n<div class=\"field field-type-text field-field-email\">\r\n<div class=\"field-label\">\r\n<div class=\"art-Post-cc\">\r\n<div class=\"art-Post-inner\">\r\n<div class=\"art-PostMetadataHeader\">\r\n<h2 class=\"art-PostHeaderIcon-wrapper\"><span class=\"art-PostHeader\"><a href=\"http:\/\/www.cla.cu\/clanuevo\/2019\/05\/27\/alejandro-miyares-pena\/\">Alejandro Miyares Pe\u00f1a<\/a><\/span><\/h2>\r\n<a href=\"http:\/\/www.cla.cu\/clanuevo\/wp-content\/uploads\/2016\/06\/foto-alejandro.jpg\"><img class=\"alignnone wp-image-1559\" src=\"http:\/\/www.cla.cu\/clanuevo\/wp-content\/uploads\/2016\/06\/foto-alejandro-225x300.jpg\" alt=\"\" width=\"137\" height=\"183\" \/><\/a>\r\n<div class=\"field-label\">Correo electr\u00f3nico:<\/div>\r\n<div class=\"field-items\">\r\n<div class=\"field-item odd\">\r\n\r\n<a href=\"mailto:amiyares@cla.ciges.inf.cu\">amiyares@cla.ciges.inf.cu<\/a>\r\n\r\nT\u00edtulos:\r\n<ul>\r\n\t<li>Profesor de Espa\u00f1ol como Lengua Extranjera (2008)<\/li>\r\n\t<li>Licenciado en Historia del Arte (2008)<\/li>\r\n<\/ul>\r\n<\/div>\r\n<\/div>\r\n<h2><a href=\"http:\/\/www.cla.cu\/clanuevo\/2019\/05\/27\/yanisbel-rios-laborde\/\">Yanisbel Rios Laborde<\/a><\/h2>\r\n<\/div>\r\n<\/div>\r\n<\/div>\r\n<\/div>\r\n<\/div>\r\n<\/div>\r\n<\/div>\r\n<\/div>\r\n<\/div>\r\n<\/div>\r\n<h2 class=\"art-PostHeaderIcon-wrapper\"><span class=\"art-PostHeader\">\u00a0<img class=\"alignnone wp-image-1530\" src=\"http:\/\/www.cla.cu\/clanuevo\/wp-content\/uploads\/2016\/06\/DSC_1697-214x300.jpg\" alt=\"DSC_1697\" width=\"127\" height=\"178\" \/><\/span><\/h2>\r\n<div class=\"field-label\">Correo electr\u00f3nico:<\/div>\r\n<div class=\"field-items\">\r\n<div class=\"field-item odd\">\r\n\r\n<a href=\"mailto:yanisbel@cla.ciges.inf.cu\">yanisbel@cla.ciges.inf.cu<\/a>\r\n<div class=\"entry-content\">\r\n<div class=\"art-Post\">\r\n<div class=\"art-Post-body\">\r\n<div class=\"art-Post-inner\">\r\n<div class=\"art-PostMetadataHeader\">\r\n<h2 class=\"art-PostHeaderIcon-wrapper\"><span class=\"art-PostHeader\"><a href=\"http:\/\/www.cla.cu\/clanuevo\/rolando-urrutia-cleger\/\">Rolando Urrutia Cleger<\/a><\/span><\/h2>\r\n<img class=\"alignnone wp-image-1529\" src=\"http:\/\/www.cla.cu\/clanuevo\/wp-content\/uploads\/2016\/06\/DSC_1696-214x300.jpg\" alt=\"DSC_1696\" width=\"138\" height=\"193\" \/>\r\n\r\n<\/div>\r\n<div class=\"art-PostContent\">\r\n<div class=\"art-article\">\r\n<div class=\"field field-type-text field-field-email\">\r\n<div class=\"field-label\">Correo electr\u00f3nico:<\/div>\r\n<div class=\"field-items\">\r\n<div class=\"field-item odd\">\r\n\r\n<a href=\"mailto:rolando@cla.ciges.inf.cu\">rolando@cla.ciges.inf.cu<\/a>\r\n\r\n<\/div>\r\n<\/div>\r\n<\/div>\r\n<div class=\"field field-type-text field-field-titulo-anno\">\r\n<div class=\"field-label\">T\u00edtulos:<\/div>\r\n<div class=\"field-items\">\r\n<div class=\"field-item odd\">\r\n<ul>\r\n\t<li class=\"rtejustify\">Ingeniero en Telecomunicaciones y Electr\u00f3nica, 2019<\/li>\r\n\t<li class=\"rtejustify\">T\u00e9cnico en Ciencias Inform\u00e1ticas, 2008<\/li>\r\n<\/ul>\r\n<\/div>\r\n<\/div>\r\n<\/div>\r\n<\/div>\r\n<\/div>\r\n<\/div>\r\n<\/div>\r\n<\/div>\r\n<\/div>\r\n<\/div>\r\n<\/div>\r\n<\/div>\r\n<\/div>\r\n<\/div>\r\n<\/div>\r\n<\/div>\r\n<\/div>\r\n<\/div>\r\n<\/div>\r\n<\/div>\r\n<\/div>\r\n<\/div>\r\n<\/div>\r\n<\/div>\r\n<\/div>\r\n<\/div>\r\n<\/div>\r\n<\/div>\r\n<\/div>\r\n<\/div>\r\n<\/div>\r\n<\/div>\r\n<\/div>\r\n<\/div>\r\n<\/div>\r\n<\/div>\r\n<\/div>\r\n<\/div>\r\n<\/div>\r\n<\/div>\r\n<\/div>\r\n<\/div>\r\n<\/div>\r\n<\/div>","protected":false},"excerpt":{"rendered":"<p>Leonel Ruiz Miyares Correo electr\u00f3nico: leonel@lingapli.ciges.inf.cu Cargo: Director T\u00edtulos: Ingeniero en M\u00e1quinas Computadoras Electr\u00f3nicas, 1986. Doctor en Ciencias T\u00e9cnicas, 2001. Investigador Titular, 2005. Nancy Cristina \u00c1lamo Su\u00e1rez Correo electr\u00f3nico: alamo@cla.ciges.inf.cu T\u00edtulos: Profesora de Secundaria B\u00e1sica, 1970. Profesora de Nivel Secundario <a href=\"https:\/\/www.cla.cu\/es\/investigadores-2\/\" class=\"read-more\">Seguir leyendo &#8230;<\/a><\/p>\n","protected":false},"author":1,"featured_media":0,"parent":0,"menu_order":0,"comment_status":"closed","ping_status":"closed","template":"","meta":[],"_links":{"self":[{"href":"https:\/\/www.cla.cu\/es\/wp-json\/wp\/v2\/pages\/294"}],"collection":[{"href":"https:\/\/www.cla.cu\/es\/wp-json\/wp\/v2\/pages"}],"about":[{"href":"https:\/\/www.cla.cu\/es\/wp-json\/wp\/v2\/types\/page"}],"author":[{"embeddable":true,"href":"https:\/\/www.cla.cu\/es\/wp-json\/wp\/v2\/users\/1"}],"replies":[{"embeddable":true,"href":"https:\/\/www.cla.cu\/es\/wp-json\/wp\/v2\/comments?post=294"}],"version-history":[{"count":36,"href":"https:\/\/www.cla.cu\/es\/wp-json\/wp\/v2\/pages\/294\/revisions"}],"predecessor-version":[{"id":1777,"href":"https:\/\/www.cla.cu\/es\/wp-json\/wp\/v2\/pages\/294\/revisions\/1777"}],"wp:attachment":[{"href":"https:\/\/www.cla.cu\/es\/wp-json\/wp\/v2\/media?parent=294"}],"curies":[{"name":"wp","href":"https:\/\/api.w.org\/{rel}","templated":true}]}}