{"id":246,"date":"2016-06-03T14:27:43","date_gmt":"2016-06-03T14:27:43","guid":{"rendered":"http:\/\/localhost\/wordpress\/?page_id=246"},"modified":"2019-06-11T19:30:25","modified_gmt":"2019-06-11T19:30:25","slug":"enlaces-de-interes","status":"publish","type":"page","link":"https:\/\/www.cla.cu\/es\/enlaces-de-interes\/","title":{"rendered":"Enlaces de inter\u00e9s"},"content":{"rendered":"<a href=\"http:\/\/www.acul.ohc.cu\/\" target=\"_blank\">Academia Cubana de la Lengua<\/a>\r\n\r\n<a href=\"http:\/\/ixa.si.ehu.es\/Ixa\" target=\"_blank\">Ixa, Grupo de Procesamiento de Lenguaje Natural<\/a>\r\n\r\n<a href=\"http:\/\/www.cla.cu\/simposio\" target=\"_blank\">Simposios Internacionales de Comunicaci\u00f3n Social<\/a>\r\n\r\nDiccionario B\u00e1sico Escolar (en construcci\u00f3n)\r\n\r\nDiccionario Escolar Ilustrado (en construcci\u00f3n)\r\n\r\n<a href=\"https:\/\/citmasantiago.wordpress.com\/\" target=\"_blank\">Delegaci\u00f3n CITMA, Santiago de Cuba<\/a>\r\n<div class=\"art-PostContent\"><\/div>","protected":false},"excerpt":{"rendered":"<p>Academia Cubana de la Lengua Ixa, Grupo de Procesamiento de Lenguaje Natural Simposios Internacionales de Comunicaci\u00f3n Social Diccionario B\u00e1sico Escolar (en construcci\u00f3n) Diccionario Escolar Ilustrado (en construcci\u00f3n) Delegaci\u00f3n CITMA, Santiago de Cuba<\/p>\n","protected":false},"author":1,"featured_media":0,"parent":0,"menu_order":0,"comment_status":"closed","ping_status":"closed","template":"","meta":[],"_links":{"self":[{"href":"https:\/\/www.cla.cu\/es\/wp-json\/wp\/v2\/pages\/246"}],"collection":[{"href":"https:\/\/www.cla.cu\/es\/wp-json\/wp\/v2\/pages"}],"about":[{"href":"https:\/\/www.cla.cu\/es\/wp-json\/wp\/v2\/types\/page"}],"author":[{"embeddable":true,"href":"https:\/\/www.cla.cu\/es\/wp-json\/wp\/v2\/users\/1"}],"replies":[{"embeddable":true,"href":"https:\/\/www.cla.cu\/es\/wp-json\/wp\/v2\/comments?post=246"}],"version-history":[{"count":16,"href":"https:\/\/www.cla.cu\/es\/wp-json\/wp\/v2\/pages\/246\/revisions"}],"predecessor-version":[{"id":1584,"href":"https:\/\/www.cla.cu\/es\/wp-json\/wp\/v2\/pages\/246\/revisions\/1584"}],"wp:attachment":[{"href":"https:\/\/www.cla.cu\/es\/wp-json\/wp\/v2\/media?parent=246"}],"curies":[{"name":"wp","href":"https:\/\/api.w.org\/{rel}","templated":true}]}}