{"id":205,"date":"2016-05-26T20:12:21","date_gmt":"2016-05-26T20:12:21","guid":{"rendered":"http:\/\/localhost\/wordpress\/?page_id=205"},"modified":"2018-09-25T19:49:14","modified_gmt":"2018-09-25T19:49:14","slug":"estructura","status":"publish","type":"page","link":"https:\/\/www.cla.cu\/es\/estructura\/","title":{"rendered":"Estructura"},"content":{"rendered":"<div class=\"art-PostContent\">\r\n<div class=\"art-article\">\r\n<p style=\"text-align: justify;\">El Centro de Ling\u00fc\u00edstica Aplicada est\u00e1 constituido por tres grupos:<\/p>\r\n\r\n<ol style=\"text-align: justify;\">\r\n\t<li class=\"rtejustify\">Grupo de Ling\u00fc\u00edstica Aplicada<\/li>\r\n\t<li class=\"rtejustify\">Grupo de Ling\u00fc\u00edstica Computacional<\/li>\r\n\t<li class=\"rtejustify\">Grupo Administrativo<\/li>\r\n<\/ol>\r\n<p style=\"text-align: justify;\">Los grupos de <strong><em>Ling\u00fc\u00edstica Aplicada <\/em><\/strong>y de<strong><em> Ling\u00fc\u00edstica Computacional<\/em> <\/strong>ejecutan proyectos de investigaci\u00f3n, en su mayor\u00eda descriptivos de un aspecto ling\u00fc\u00edstico en el habla popular y en el habla culta, especialmente en los comunicadores y en los escolares cubanos. Luego, a partir de esos estudios, se realizan diccionarios, glosarios, metodolog\u00edas, libros, aplicaciones inform\u00e1ticas, etc., cuyo objetivo principal es remediar las insuficiencias encontradas. Adem\u00e1s, el segundo grupo provee al primero de las herramientas computacionales para efectuar con mayor efectividad y menor esfuerzo sus investigaciones. Por su parte, el <strong><em>Grupo Administrativo<\/em><\/strong> se dedica a garantizar la infraestructura investigativa del Centro.<\/p>\r\n<p style=\"text-align: justify;\">Se cuenta adem\u00e1s con un Consejo Cient\u00edfico, presidido por el Director y al cual pertenece un Acad\u00e9mico Titular de M\u00e9rito de la Academia de Ciencias de Cuba, el cual es Doctor en Ciencias Filol\u00f3gicas. Dicho Consejo sirve como instrumento de control de la calidad de los resultados que se obtienen en las investigaciones.<\/p>\r\n<p style=\"text-align: justify;\">Todo esto se puede apreciar en el siguiente <strong>organigrama:<\/strong><\/p>\r\n<a href=\"http:\/\/www.cla.cu\/clanuevo\/wp-content\/uploads\/2016\/05\/Structure.png\"><img class=\"alignnone wp-image-226 size-medium\" src=\"http:\/\/www.cla.cu\/clanuevo\/wp-content\/uploads\/2016\/05\/Structure-300x161.png\" alt=\"\" width=\"300\" height=\"161\" \/><\/a>\r\n\r\n<\/div>\r\n<\/div>","protected":false},"excerpt":{"rendered":"<p>El Centro de Ling\u00fc\u00edstica Aplicada est\u00e1 constituido por tres grupos: Grupo de Ling\u00fc\u00edstica Aplicada Grupo de Ling\u00fc\u00edstica Computacional Grupo Administrativo Los grupos de Ling\u00fc\u00edstica Aplicada y de Ling\u00fc\u00edstica Computacional ejecutan proyectos de investigaci\u00f3n, en su mayor\u00eda descriptivos de un aspecto <a href=\"https:\/\/www.cla.cu\/es\/estructura\/\" class=\"read-more\">Seguir leyendo &#8230;<\/a><\/p>\n","protected":false},"author":1,"featured_media":0,"parent":0,"menu_order":0,"comment_status":"closed","ping_status":"closed","template":"","meta":[],"_links":{"self":[{"href":"https:\/\/www.cla.cu\/es\/wp-json\/wp\/v2\/pages\/205"}],"collection":[{"href":"https:\/\/www.cla.cu\/es\/wp-json\/wp\/v2\/pages"}],"about":[{"href":"https:\/\/www.cla.cu\/es\/wp-json\/wp\/v2\/types\/page"}],"author":[{"embeddable":true,"href":"https:\/\/www.cla.cu\/es\/wp-json\/wp\/v2\/users\/1"}],"replies":[{"embeddable":true,"href":"https:\/\/www.cla.cu\/es\/wp-json\/wp\/v2\/comments?post=205"}],"version-history":[{"count":15,"href":"https:\/\/www.cla.cu\/es\/wp-json\/wp\/v2\/pages\/205\/revisions"}],"predecessor-version":[{"id":1289,"href":"https:\/\/www.cla.cu\/es\/wp-json\/wp\/v2\/pages\/205\/revisions\/1289"}],"wp:attachment":[{"href":"https:\/\/www.cla.cu\/es\/wp-json\/wp\/v2\/media?parent=205"}],"curies":[{"name":"wp","href":"https:\/\/api.w.org\/{rel}","templated":true}]}}