{"id":202,"date":"2016-05-26T20:11:27","date_gmt":"2016-05-26T20:11:27","guid":{"rendered":"http:\/\/localhost\/wordpress\/?page_id=202"},"modified":"2016-10-11T14:02:05","modified_gmt":"2016-10-11T14:02:05","slug":"mision-y-objetivos","status":"publish","type":"page","link":"https:\/\/www.cla.cu\/es\/mision-y-objetivos\/","title":{"rendered":"Misi\u00f3n y objetivos"},"content":{"rendered":"<div class=\"art-PostContent\">\r\n<div class=\"art-article\">\r\n<p style=\"text-align: justify;\">El CLA se ha dedicado desde su fundaci\u00f3n a desarrollar investigaciones ling\u00fc\u00edsticas sobre el espa\u00f1ol de Cuba y a brindar servicios en esa especialidad. Su <strong>misi\u00f3n<\/strong> principal en estos momentos es contribuir a elevar la cultura del idioma del pueblo, especialmente de los escolares, a trav\u00e9s de investigaciones aplicadas de alto rigor cient\u00edfico.<\/p>\r\n<p style=\"text-align: justify;\">El <strong>objeto<\/strong> es realizar estudios especializados e interdisciplinarios sobre la lengua materna, que permitan conocer mejor sus caracter\u00edsticas y tendencias, con el fin de crear herramientas cient\u00edficas que contribuyan a elevar la cultura del idioma y al enriquecimiento de valores espirituales y culturales en nuestra poblaci\u00f3n.<\/p>\r\n<p style=\"text-align: justify;\">Se definen entre sus objetivos y actividades fundamentales:<\/p>\r\n\r\n<ol>\r\n\t<li style=\"text-align: justify;\">Desarrollar investigaciones sobre la lengua materna encaminadas a su descripci\u00f3n, mejor conocimiento y uso.<\/li>\r\n\t<li style=\"text-align: justify;\">Elaborar y desarrollar convenios con otras instituciones tanto cubanas como extranjeras dedicadas a estudios ling\u00fc\u00edsticos, especialmente en Ling\u00fc\u00edstica Aplicada.<\/li>\r\n\t<li style=\"text-align: justify;\">Fomentar el intercambio y la colaboraci\u00f3n cient\u00edfica internacional entre instituciones de todas partes, en especial del Caribe, para contribuir as\u00ed a la unidad e identidad cultural de esta zona geogr\u00e1fica.<\/li>\r\n\t<li style=\"text-align: justify;\">Prestar servicios cient\u00edfico-t\u00e9cnicos en la esfera ling\u00fc\u00edstica, espec\u00edficamente en Ling\u00fc\u00edstica Aplicada, Fon\u00e9tica, Fonolog\u00eda, Lexicolog\u00eda, Lexicograf\u00eda, Morfosintaxis, Textoling\u00fc\u00edstica, Ling\u00fc\u00edstica Computacional, Ense\u00f1anza del Idioma Espa\u00f1ol para Extranjeros y otras especialidades relacionadas con el estudio del idioma.<\/li>\r\n\t<li style=\"text-align: justify;\">Realizar acciones de comercializaci\u00f3n de productos (libros, metodolog\u00edas, diccionarios, glosarios, programas y sistemas inform\u00e1ticos, etc.)<\/li>\r\n\t<li style=\"text-align: justify;\">Promover y desarrollar estudios de postgrado especializados en Ling\u00fc\u00edstica Aplicada.<\/li>\r\n\t<li style=\"text-align: justify;\">Impulsar el desarrollo de la Ling\u00fc\u00edstica Computacional en Cuba.<\/li>\r\n\t<li style=\"text-align: justify;\">Contribuir a la formaci\u00f3n de especialistas y t\u00e9cnicos capaces de enfrentar estudios ling\u00fc\u00edsticos.<\/li>\r\n\t<li style=\"text-align: justify;\">Promover el intercambio cient\u00edfico entre especialistas mediante eventos, talleres, cursos y otras actividades.<\/li>\r\n\t<li style=\"text-align: justify;\">Impulsar el mejor modo de expresi\u00f3n en los medios de comunicaci\u00f3n masiva hasta convertirlos en patrones del buen decir, como resultado de las investigaciones de Ling\u00fc\u00edstica Aplicada.<\/li>\r\n<\/ol>\r\n<\/div>\r\n<\/div>","protected":false},"excerpt":{"rendered":"<p>El CLA se ha dedicado desde su fundaci\u00f3n a desarrollar investigaciones ling\u00fc\u00edsticas sobre el espa\u00f1ol de Cuba y a brindar servicios en esa especialidad. Su misi\u00f3n principal en estos momentos es contribuir a elevar la cultura del idioma del pueblo, <a href=\"https:\/\/www.cla.cu\/es\/mision-y-objetivos\/\" class=\"read-more\">Seguir leyendo &#8230;<\/a><\/p>\n","protected":false},"author":1,"featured_media":0,"parent":0,"menu_order":0,"comment_status":"closed","ping_status":"closed","template":"","meta":[],"_links":{"self":[{"href":"https:\/\/www.cla.cu\/es\/wp-json\/wp\/v2\/pages\/202"}],"collection":[{"href":"https:\/\/www.cla.cu\/es\/wp-json\/wp\/v2\/pages"}],"about":[{"href":"https:\/\/www.cla.cu\/es\/wp-json\/wp\/v2\/types\/page"}],"author":[{"embeddable":true,"href":"https:\/\/www.cla.cu\/es\/wp-json\/wp\/v2\/users\/1"}],"replies":[{"embeddable":true,"href":"https:\/\/www.cla.cu\/es\/wp-json\/wp\/v2\/comments?post=202"}],"version-history":[{"count":4,"href":"https:\/\/www.cla.cu\/es\/wp-json\/wp\/v2\/pages\/202\/revisions"}],"predecessor-version":[{"id":825,"href":"https:\/\/www.cla.cu\/es\/wp-json\/wp\/v2\/pages\/202\/revisions\/825"}],"wp:attachment":[{"href":"https:\/\/www.cla.cu\/es\/wp-json\/wp\/v2\/media?parent=202"}],"curies":[{"name":"wp","href":"https:\/\/api.w.org\/{rel}","templated":true}]}}