{"id":1178,"date":"2016-11-25T19:12:32","date_gmt":"2016-11-25T19:12:32","guid":{"rendered":"http:\/\/localhost\/wordpress\/?page_id=1178"},"modified":"2019-07-02T16:32:21","modified_gmt":"2019-07-02T16:32:21","slug":"otorgan-doctorado-honoris-causa-a-relevante-investigadora-del-centro-de-linguistica-aplicada","status":"publish","type":"page","link":"https:\/\/www.cla.cu\/es\/otorgan-doctorado-honoris-causa-a-relevante-investigadora-del-centro-de-linguistica-aplicada\/","title":{"rendered":"Otorgan Doctorado Honoris Causa a relevante investigadora del Centro de Ling\u00fc\u00edstica Aplicada"},"content":{"rendered":"<p style=\"text-align: justify;\"><a href=\"http:\/\/www.cla.cu\/clanuevo\/wp-content\/uploads\/2016\/06\/Honoris.jpg\"><img class=\"alignleft wp-image-780 size-medium\" src=\"http:\/\/www.cla.cu\/clanuevo\/wp-content\/uploads\/2016\/06\/Honoris-300x226.jpg\" alt=\"Honoris\" width=\"300\" height=\"226\" \/><\/a>La Rectora de la Universidad de Oriente (UO), Dra. Zaida Vald\u00e9s Estrada, a propuesta de la Facultad de Ciencias Sociales y Human\u00edsticas, otorg\u00f3 el 18 de octubre del 2006 el <strong>T\u00edtulo de Doctora Honoris Causa en Ciencias Sociales<\/strong> a la Investigadora Titular <strong>Elo\u00edna Miyares Berm\u00fadez<\/strong> en reconocimiento a sus relevantes m\u00e9ritos como profesora de varias generaciones e investigadora de prestigio.<\/p>\r\n<p style=\"text-align: justify;\">Resaltan en el curr\u00edculum de la <strong>Dra. Elo\u00edna Miyares Berm\u00fadez<\/strong> los siguientes aportes y reconocimientos: <strong>profesora y conferencista<\/strong> de innumerables cursos de postgrado, talleres, congresos; <strong>autora de metodolog\u00edas<\/strong> para perfeccionar la pronunciaci\u00f3n en estudiantes secundarios y preuniversitarios; <strong>direcci\u00f3n<\/strong> del estudio del vocabulario del escolar cubano; <strong>direcci\u00f3n cient\u00edfica<\/strong> de los <strong>primeros diccionarios escolares de Cuba<\/strong>; creadora de una novedosa forma de generalizar los resultados investigativos, las <strong>Caravanas Cient\u00edficas Nacionales<\/strong>; creadora de los <strong>Simposios Internacionales de Comunicaci\u00f3n Social<\/strong>; etc. Sus reconocimientos m\u00e1s importantes son: Premio Nacional de Pedagog\u00eda, la Orden \u201cCarlos J. Finlay\u201d, Orden \u201cFrank Pa\u00eds Garc\u00eda\u201d, la Orden \u201cL\u00e1zaro Pe\u00f1a\u201d de primer grado, la Medalla por la Cultura Nacional, Premio Nacional de la Academia de Ciencias de Cuba (ACC).<\/p>\r\n<p style=\"text-align: justify;\">Al decir de la propia educadora:<\/p>\r\n<p style=\"text-align: justify;\">\u201cEl centro que dirig\u00ed durante mucho tiempo (CLA) siempre ha desarrollado su trabajo teniendo en cuenta la ense\u00f1anza. Antes de ser alumna de la Universidad de Oriente siempre me gust\u00f3 la ense\u00f1anza, por eso fui alumna ayudante de Redacci\u00f3n y Composici\u00f3n; tuve muy buenas relaciones con todos los profesores de esa instituci\u00f3n. Mis profesores siempre admiraron en m\u00ed el hecho de que estuviese estudiando con mis ocho hijos peque\u00f1os y de que a\u00fan as\u00ed fuera el primer expediente de un aula en la que iniciamos treinta y ocho alumnos y terminamos s\u00f3lo cinco. Por otro lado, los trabajos que hice en el Centro de Ling\u00fc\u00edstica Aplicada, una vez que me gradu\u00e9, eran muy conocidos en la UO, lo que demostraba mis conocimientos aprendidos all\u00ed. Tuve profesores muy buenos, como Francisco Prats Puig, Adolfina Coss\u00edo, Mercedes Cathcart y esa formaci\u00f3n hizo que la calidad de mi trabajo trascendiera las fronteras de Cuba. Luego viaj\u00e9, impart\u00ed conferencias en las universidades de Gotemburgo (Suecia), Orizaba y Colima (M\u00e9xico), Tarragona y Barcelona (Espa\u00f1a), entre otras muchas. Particip\u00e9 en eventos cient\u00edficos en Cuba y en el extranjero y me hice especialista en todos los niveles de la lengua. A m\u00ed me encanta la Ling\u00fc\u00edstica y todo lo que con ella tenga\u00a0 que ver, pero tambi\u00e9n me gusta la ense\u00f1anza, por eso casi todas las obras en las que he trabajado son \u00fatiles para los profesores y maestros del idioma espa\u00f1ol\u201d.<strong>(Octubre de 2006).<\/strong><\/p>\r\n<p style=\"text-align: justify;\"><a href=\"http:\/\/www.cla.cu\/clanuevo\/wp-content\/uploads\/2016\/11\/elo-honoris-causa-1.jpg\"><img class=\"alignnone wp-image-1179\" src=\".\/clanuevo\/wp-content\/uploads\/2016\/11\/elo-honoris-causa-1-232x300.jpg\" alt=\"elo-honoris-causa-1\" width=\"295\" height=\"382\" \/><\/a><\/p>\r\n<p style=\"text-align: justify;\"><a href=\"http:\/\/www.cla.cu\/clanuevo\/wp-content\/uploads\/2016\/11\/elo-honoris-causa-2.jpg\"><img class=\"alignnone wp-image-1180 size-medium\" src=\"http:\/\/www.cla.cu\/clanuevo\/wp-content\/uploads\/2016\/11\/elo-honoris-causa-2-300x246.jpg\" alt=\"elo-honoris-causa-2\" width=\"300\" height=\"246\" \/><\/a><\/p>\r\n<p style=\"text-align: justify;\"><a href=\"http:\/\/www.cla.cu\/clanuevo\/wp-content\/uploads\/2016\/11\/elo-honoris-causa-3.jpg\"><img class=\"alignnone wp-image-1181\" src=\".\/clanuevo\/wp-content\/uploads\/2016\/11\/elo-honoris-causa-3-300x225.jpg\" alt=\"elo-honoris-causa-3\" width=\"301\" height=\"226\" \/><\/a><\/p>\r\n<p style=\"text-align: justify;\"><a href=\"http:\/\/www.cla.cu\/clanuevo\/wp-content\/uploads\/2016\/11\/elo-honoris-causa-4.jpg\"><img class=\"alignnone wp-image-1182\" src=\".\/clanuevo\/wp-content\/uploads\/2016\/11\/elo-honoris-causa-4-300x225.jpg\" alt=\"elo-honoris-causa-4\" width=\"302\" height=\"227\" \/><\/a><\/p>\r\n<p style=\"text-align: justify;\"><a href=\"http:\/\/www.cla.cu\/clanuevo\/wp-content\/uploads\/2016\/11\/elo-honoris-causa-6.jpg\"><img class=\"alignnone wp-image-1183\" src=\".\/clanuevo\/wp-content\/uploads\/2016\/11\/elo-honoris-causa-6-273x300.jpg\" alt=\"elo-honoris-causa-6\" width=\"305\" height=\"335\" \/><\/a><\/p>\r\n<p style=\"text-align: justify;\"><a href=\"http:\/\/www.cla.cu\/clanuevo\/wp-content\/uploads\/2016\/11\/elo-honoris-causa61.jpg\"><img class=\"alignnone wp-image-1184\" src=\".\/clanuevo\/wp-content\/uploads\/2016\/11\/elo-honoris-causa61-300x173.jpg\" alt=\"elo-honoris-causa61\" width=\"305\" height=\"176\" \/><\/a><\/p>\r\n<p style=\"text-align: justify;\"><a href=\"http:\/\/www.cla.cu\/clanuevo\/wp-content\/uploads\/2016\/11\/elo-honoris-causa-93.jpg\"><img class=\"alignnone wp-image-1185\" src=\"http:\/\/www.cla.cu\/clanuevo\/wp-content\/uploads\/2016\/11\/elo-honoris-causa-93-236x300.jpg\" alt=\"\" width=\"306\" height=\"389\" \/><\/a><\/p>","protected":false},"excerpt":{"rendered":"<p>La Rectora de la Universidad de Oriente (UO), Dra. Zaida Vald\u00e9s Estrada, a propuesta de la Facultad de Ciencias Sociales y Human\u00edsticas, otorg\u00f3 el 18 de octubre del 2006 el T\u00edtulo de Doctora Honoris Causa en Ciencias Sociales a la <a href=\"https:\/\/www.cla.cu\/es\/otorgan-doctorado-honoris-causa-a-relevante-investigadora-del-centro-de-linguistica-aplicada\/\" class=\"read-more\">Seguir leyendo &#8230;<\/a><\/p>\n","protected":false},"author":1,"featured_media":0,"parent":0,"menu_order":0,"comment_status":"closed","ping_status":"closed","template":"","meta":[],"_links":{"self":[{"href":"https:\/\/www.cla.cu\/es\/wp-json\/wp\/v2\/pages\/1178"}],"collection":[{"href":"https:\/\/www.cla.cu\/es\/wp-json\/wp\/v2\/pages"}],"about":[{"href":"https:\/\/www.cla.cu\/es\/wp-json\/wp\/v2\/types\/page"}],"author":[{"embeddable":true,"href":"https:\/\/www.cla.cu\/es\/wp-json\/wp\/v2\/users\/1"}],"replies":[{"embeddable":true,"href":"https:\/\/www.cla.cu\/es\/wp-json\/wp\/v2\/comments?post=1178"}],"version-history":[{"count":6,"href":"https:\/\/www.cla.cu\/es\/wp-json\/wp\/v2\/pages\/1178\/revisions"}],"predecessor-version":[{"id":1672,"href":"https:\/\/www.cla.cu\/es\/wp-json\/wp\/v2\/pages\/1178\/revisions\/1672"}],"wp:attachment":[{"href":"https:\/\/www.cla.cu\/es\/wp-json\/wp\/v2\/media?parent=1178"}],"curies":[{"name":"wp","href":"https:\/\/api.w.org\/{rel}","templated":true}]}}