{"id":1175,"date":"2016-11-25T19:04:51","date_gmt":"2016-11-25T19:04:51","guid":{"rendered":"http:\/\/localhost\/wordpress\/?page_id=1175"},"modified":"2016-11-28T15:54:16","modified_gmt":"2016-11-28T15:54:16","slug":"participan-investigadoras-del-centro-de-linguistica-aplicada-en-semana-academica-en-mexico","status":"publish","type":"page","link":"https:\/\/www.cla.cu\/es\/participan-investigadoras-del-centro-de-linguistica-aplicada-en-semana-academica-en-mexico\/","title":{"rendered":"Participan investigadoras del Centro de Ling\u00fc\u00edstica Aplicada en Semana Acad\u00e9mica en M\u00e9xico"},"content":{"rendered":"<div class=\"art-PostContent\">\r\n<div class=\"art-article\">\r\n<p style=\"text-align: justify;\">Las destacadas investigadoras Elo\u00edna Miyares Berm\u00fadez y Nancy Cristina \u00c1lamo Su\u00e1rez fueron invitadas en\u00a0 2007 a participar en la <strong>Semana Acad\u00e9mica y Cultural<\/strong> de la Facultad de Colima, M\u00e9xico.<\/p>\r\n<p style=\"text-align: justify;\">En este importante evento ambas investigadoras impartieron conferencias magistrales sobre la actividad cubana a favor del mejoramiento ortogr\u00e1fico de los estudiantes cubanos a partir de la orientaci\u00f3n de m\u00e9todos para prevenir y erradicar las faltas de ortograf\u00eda, adem\u00e1s de\u00a0 un <strong>Curso-Taller acerca de la Vacuna Ortogr\u00e1fica VAL-Cuba<\/strong>, de la autor\u00eda del Dr. Vitelio Ruiz Hern\u00e1ndez y la propia Investigadora Titular Elo\u00edna Miyares Berm\u00fadez. Estas invitaciones avalan el lugar ganado por Cuba en el campo de las investigaciones ling\u00fc\u00edsticas y pedag\u00f3gicas y han servido para reafirmar los lazos cient\u00edficos entre instituciones cubanas y mexicanas. <strong>(Mayo del 2007)<\/strong><\/p>\r\n\r\n<\/div>\r\n<\/div>","protected":false},"excerpt":{"rendered":"<p>Las destacadas investigadoras Elo\u00edna Miyares Berm\u00fadez y Nancy Cristina \u00c1lamo Su\u00e1rez fueron invitadas en\u00a0 2007 a participar en la Semana Acad\u00e9mica y Cultural de la Facultad de Colima, M\u00e9xico. En este importante evento ambas investigadoras impartieron conferencias magistrales sobre la <a href=\"https:\/\/www.cla.cu\/es\/participan-investigadoras-del-centro-de-linguistica-aplicada-en-semana-academica-en-mexico\/\" class=\"read-more\">Seguir leyendo &#8230;<\/a><\/p>\n","protected":false},"author":1,"featured_media":0,"parent":0,"menu_order":0,"comment_status":"closed","ping_status":"closed","template":"","meta":[],"_links":{"self":[{"href":"https:\/\/www.cla.cu\/es\/wp-json\/wp\/v2\/pages\/1175"}],"collection":[{"href":"https:\/\/www.cla.cu\/es\/wp-json\/wp\/v2\/pages"}],"about":[{"href":"https:\/\/www.cla.cu\/es\/wp-json\/wp\/v2\/types\/page"}],"author":[{"embeddable":true,"href":"https:\/\/www.cla.cu\/es\/wp-json\/wp\/v2\/users\/1"}],"replies":[{"embeddable":true,"href":"https:\/\/www.cla.cu\/es\/wp-json\/wp\/v2\/comments?post=1175"}],"version-history":[{"count":2,"href":"https:\/\/www.cla.cu\/es\/wp-json\/wp\/v2\/pages\/1175\/revisions"}],"predecessor-version":[{"id":1211,"href":"https:\/\/www.cla.cu\/es\/wp-json\/wp\/v2\/pages\/1175\/revisions\/1211"}],"wp:attachment":[{"href":"https:\/\/www.cla.cu\/es\/wp-json\/wp\/v2\/media?parent=1175"}],"curies":[{"name":"wp","href":"https:\/\/api.w.org\/{rel}","templated":true}]}}