{"id":1171,"date":"2016-11-25T19:02:37","date_gmt":"2016-11-25T19:02:37","guid":{"rendered":"http:\/\/localhost\/wordpress\/?page_id=1171"},"modified":"2019-07-02T16:22:56","modified_gmt":"2019-07-02T16:22:56","slug":"director-del-centro-de-linguistica-aplicada-imparte-curso-de-maestria-en-francia","status":"publish","type":"page","link":"https:\/\/www.cla.cu\/es\/director-del-centro-de-linguistica-aplicada-imparte-curso-de-maestria-en-francia\/","title":{"rendered":"Director del Centro de Ling\u00fc\u00edstica Aplicada imparte Curso de Maestr\u00eda en Francia"},"content":{"rendered":"<p style=\"text-align: justify;\"><a href=\"http:\/\/www.cla.cu\/clanuevo\/wp-content\/uploads\/2016\/06\/Maestri-P.png\"><img class=\"alignleft wp-image-775 \" src=\"http:\/\/www.cla.cu\/clanuevo\/wp-content\/uploads\/2016\/06\/Maestri-P-300x215.png\" alt=\"Maestri-P\" width=\"265\" height=\"190\" \/><\/a>El Dr. Leonel Ruiz Miyares fue invitado en el a\u00f1o 2009 a impartir un ciclo de conferencias en el marco del curso de Maestr\u00eda sobre Procesamiento de Lenguaje Natural en la Universidad de France-Comte, Besancon, Francia.<\/p>\r\n<p style=\"text-align: justify;\">Este ciclo de conferencias se desarroll\u00f3 del 12 de febrero al 9 de mayo del mencionado a\u00f1o y la invitaci\u00f3n al Doctor Ruiz Miyares constituy\u00f3 un reconocimiento al trabajo realizado en Cuba en pro de esta especialidad, espec\u00edficamente a la labor del Centro de Ling\u00fc\u00edstica Aplicada, instituci\u00f3n pionera en este sentido, adem\u00e1s de ampliar el universo de relaciones profesionales y de intercambios cient\u00edficos con colegas de otras naciones. <strong>(Febrero - mayo del 2009)<\/strong><\/p>\r\n<p style=\"text-align: justify;\"><a href=\"http:\/\/www.cla.cu\/clanuevo\/wp-content\/uploads\/2016\/11\/maestria1.jpg\"><img class=\"alignnone wp-image-1172\" src=\"http:\/\/www.cla.cu\/clanuevo\/wp-content\/uploads\/2016\/11\/maestria1-300x225.jpg\" alt=\"\" width=\"261\" height=\"196\" \/><\/a><\/p>\r\n<p style=\"text-align: justify;\"><a href=\"http:\/\/www.cla.cu\/clanuevo\/wp-content\/uploads\/2016\/11\/maestria3.jpg\"><img class=\"alignnone wp-image-1173\" src=\"http:\/\/www.cla.cu\/clanuevo\/wp-content\/uploads\/2016\/11\/maestria3-300x225.jpg\" alt=\"\" width=\"267\" height=\"200\" \/><\/a><\/p>","protected":false},"excerpt":{"rendered":"<p>El Dr. Leonel Ruiz Miyares fue invitado en el a\u00f1o 2009 a impartir un ciclo de conferencias en el marco del curso de Maestr\u00eda sobre Procesamiento de Lenguaje Natural en la Universidad de France-Comte, Besancon, Francia. Este ciclo de conferencias <a href=\"https:\/\/www.cla.cu\/es\/director-del-centro-de-linguistica-aplicada-imparte-curso-de-maestria-en-francia\/\" class=\"read-more\">Seguir leyendo &#8230;<\/a><\/p>\n","protected":false},"author":1,"featured_media":0,"parent":0,"menu_order":0,"comment_status":"closed","ping_status":"closed","template":"","meta":[],"_links":{"self":[{"href":"https:\/\/www.cla.cu\/es\/wp-json\/wp\/v2\/pages\/1171"}],"collection":[{"href":"https:\/\/www.cla.cu\/es\/wp-json\/wp\/v2\/pages"}],"about":[{"href":"https:\/\/www.cla.cu\/es\/wp-json\/wp\/v2\/types\/page"}],"author":[{"embeddable":true,"href":"https:\/\/www.cla.cu\/es\/wp-json\/wp\/v2\/users\/1"}],"replies":[{"embeddable":true,"href":"https:\/\/www.cla.cu\/es\/wp-json\/wp\/v2\/comments?post=1171"}],"version-history":[{"count":4,"href":"https:\/\/www.cla.cu\/es\/wp-json\/wp\/v2\/pages\/1171\/revisions"}],"predecessor-version":[{"id":1669,"href":"https:\/\/www.cla.cu\/es\/wp-json\/wp\/v2\/pages\/1171\/revisions\/1669"}],"wp:attachment":[{"href":"https:\/\/www.cla.cu\/es\/wp-json\/wp\/v2\/media?parent=1171"}],"curies":[{"name":"wp","href":"https:\/\/api.w.org\/{rel}","templated":true}]}}