{"id":1156,"date":"2016-11-25T18:37:50","date_gmt":"2016-11-25T18:37:50","guid":{"rendered":"http:\/\/localhost\/wordpress\/?page_id=1156"},"modified":"2019-07-02T16:11:52","modified_gmt":"2019-07-02T16:11:52","slug":"visitan-profesores-vascos-el-centro-de-linguistica-aplicada","status":"publish","type":"page","link":"https:\/\/www.cla.cu\/es\/visitan-profesores-vascos-el-centro-de-linguistica-aplicada\/","title":{"rendered":"Visitan profesores vascos el Centro de Ling\u00fc\u00edstica Aplicada"},"content":{"rendered":"<p style=\"text-align: justify;\"><a href=\"http:\/\/www.cla.cu\/clanuevo\/wp-content\/uploads\/2016\/06\/Visita-X-1.jpg\"><img class=\"alignleft wp-image-801 \" src=\"http:\/\/www.cla.cu\/clanuevo\/wp-content\/uploads\/2016\/06\/Visita-X-1-300x227.jpg\" alt=\"Visita-X\" width=\"258\" height=\"195\" \/><\/a>Los doctores Xabier Artola y Xabier Arregi, profesores e investigadores de la Universidad del Pa\u00eds Vasco, visitaron entre febrero y marzo del 2010 el Centro de Ling\u00fc\u00edstica Aplicada (CLA) de Santiago de Cuba.<\/p>\r\n<p style=\"text-align: justify;\">La Universidad del Pa\u00eds Vasco desde hace varios a\u00f1os mantiene v\u00ednculos cient\u00edficos con el CLA, frutos de los cuales se obtuvo la versi\u00f3n electr\u00f3nica del Diccionario B\u00e1sico Escolar.<\/p>\r\n<p style=\"text-align: justify;\">Durante la visita de ambos especialistas se labor\u00f3 en la preparaci\u00f3n de la Base de Datos L\u00e9xica del Espa\u00f1ol de Cuba y en la confecci\u00f3n de nuevos proyectos de colaboraci\u00f3n. <strong>(Marzo del 2010)<\/strong><\/p>\r\n<p style=\"text-align: justify;\"><a href=\"http:\/\/www.cla.cu\/clanuevo\/wp-content\/uploads\/2016\/11\/xabier-arregi.jpg\"><img class=\"alignnone wp-image-1157 \" src=\"http:\/\/www.cla.cu\/clanuevo\/wp-content\/uploads\/2016\/11\/xabier-arregi-300x291.jpg\" alt=\"xabier-arregi\" width=\"256\" height=\"248\" \/><\/a><\/p>\r\n<p style=\"text-align: justify;\"><a href=\"http:\/\/www.cla.cu\/clanuevo\/wp-content\/uploads\/2016\/11\/xabier-cla-2010-1.jpg\"><img class=\"alignnone wp-image-1158 \" src=\"http:\/\/www.cla.cu\/clanuevo\/wp-content\/uploads\/2016\/11\/xabier-cla-2010-1-300x225.jpg\" alt=\"xabier-cla-2010-1\" width=\"255\" height=\"191\" \/><\/a><\/p>","protected":false},"excerpt":{"rendered":"<p>Los doctores Xabier Artola y Xabier Arregi, profesores e investigadores de la Universidad del Pa\u00eds Vasco, visitaron entre febrero y marzo del 2010 el Centro de Ling\u00fc\u00edstica Aplicada (CLA) de Santiago de Cuba. La Universidad del Pa\u00eds Vasco desde hace <a href=\"https:\/\/www.cla.cu\/es\/visitan-profesores-vascos-el-centro-de-linguistica-aplicada\/\" class=\"read-more\">Seguir leyendo &#8230;<\/a><\/p>\n","protected":false},"author":1,"featured_media":0,"parent":0,"menu_order":0,"comment_status":"closed","ping_status":"closed","template":"","meta":[],"_links":{"self":[{"href":"https:\/\/www.cla.cu\/es\/wp-json\/wp\/v2\/pages\/1156"}],"collection":[{"href":"https:\/\/www.cla.cu\/es\/wp-json\/wp\/v2\/pages"}],"about":[{"href":"https:\/\/www.cla.cu\/es\/wp-json\/wp\/v2\/types\/page"}],"author":[{"embeddable":true,"href":"https:\/\/www.cla.cu\/es\/wp-json\/wp\/v2\/users\/1"}],"replies":[{"embeddable":true,"href":"https:\/\/www.cla.cu\/es\/wp-json\/wp\/v2\/comments?post=1156"}],"version-history":[{"count":4,"href":"https:\/\/www.cla.cu\/es\/wp-json\/wp\/v2\/pages\/1156\/revisions"}],"predecessor-version":[{"id":1665,"href":"https:\/\/www.cla.cu\/es\/wp-json\/wp\/v2\/pages\/1156\/revisions\/1665"}],"wp:attachment":[{"href":"https:\/\/www.cla.cu\/es\/wp-json\/wp\/v2\/media?parent=1156"}],"curies":[{"name":"wp","href":"https:\/\/api.w.org\/{rel}","templated":true}]}}