{"id":1152,"date":"2016-11-25T13:40:44","date_gmt":"2016-11-25T13:40:44","guid":{"rendered":"http:\/\/localhost\/wordpress\/?page_id=1152"},"modified":"2019-07-02T16:08:14","modified_gmt":"2019-07-02T16:08:14","slug":"visita-viceministra-de-ciencia-el-centro-de-linguistica-aplicada","status":"publish","type":"page","link":"https:\/\/www.cla.cu\/es\/visita-viceministra-de-ciencia-el-centro-de-linguistica-aplicada\/","title":{"rendered":"Visita viceministra de Ciencia el Centro de Ling\u00fc\u00edstica Aplicada"},"content":{"rendered":"<p style=\"text-align: justify;\"><strong><a href=\"http:\/\/www.cla.cu\/clanuevo\/wp-content\/uploads\/2016\/11\/Vicem.png\"><img class=\"alignleft wp-image-1153\" src=\"http:\/\/www.cla.cu\/clanuevo\/wp-content\/uploads\/2016\/11\/Vicem-300x225.png\" alt=\"\" width=\"248\" height=\"186\" \/><\/a><\/strong>El Centro de Ling\u00fc\u00edstica Aplicada (CLA) recibi\u00f3 en el mes de abril del 2010 la visita de la viceministra de Ciencia, Tecnolog\u00eda y Medio Ambiente, Dra. Lina Dom\u00ednguez.<\/p>\r\n<p style=\"text-align: justify;\">Durante el encuentro con la direcci\u00f3n e investigadores del CLA, la viceministra evalu\u00f3 la marcha de los proyectos de esta instituci\u00f3n cient\u00edfica, los preparativos del XII Simposio Internacional de Comunicaci\u00f3n Social, evento de alta connotaci\u00f3n nacional e internacional, a celebrarse en enero del 2011 y convers\u00f3 con los j\u00f3venes investigadores de reciente incorporaci\u00f3n a la instituci\u00f3n.<\/p>\r\n<p style=\"text-align: justify;\">Finalmente, la viceministra Lina Dom\u00ednguez, recibi\u00f3 como obsequio un ejemplar de la reciente tercera edicion del Diccionario B\u00e1sico Escolar, confeccionado por lexic\u00f3grafos de este centro acad\u00e9mico. <strong>(Abril del 2010)<\/strong><\/p>\r\n<strong> <a href=\"http:\/\/www.cla.cu\/clanuevo\/wp-content\/uploads\/2016\/11\/viceministra-1.jpg\"><img class=\"alignnone wp-image-1154 size-medium\" src=\".\/clanuevo\/wp-content\/uploads\/2016\/11\/viceministra-1-300x225.jpg\" alt=\"viceministra-1\" width=\"300\" height=\"225\" \/><\/a><\/strong>","protected":false},"excerpt":{"rendered":"<p>El Centro de Ling\u00fc\u00edstica Aplicada (CLA) recibi\u00f3 en el mes de abril del 2010 la visita de la viceministra de Ciencia, Tecnolog\u00eda y Medio Ambiente, Dra. Lina Dom\u00ednguez. Durante el encuentro con la direcci\u00f3n e investigadores del CLA, la viceministra <a href=\"https:\/\/www.cla.cu\/es\/visita-viceministra-de-ciencia-el-centro-de-linguistica-aplicada\/\" class=\"read-more\">Seguir leyendo &#8230;<\/a><\/p>\n","protected":false},"author":1,"featured_media":0,"parent":0,"menu_order":0,"comment_status":"closed","ping_status":"closed","template":"","meta":[],"_links":{"self":[{"href":"https:\/\/www.cla.cu\/es\/wp-json\/wp\/v2\/pages\/1152"}],"collection":[{"href":"https:\/\/www.cla.cu\/es\/wp-json\/wp\/v2\/pages"}],"about":[{"href":"https:\/\/www.cla.cu\/es\/wp-json\/wp\/v2\/types\/page"}],"author":[{"embeddable":true,"href":"https:\/\/www.cla.cu\/es\/wp-json\/wp\/v2\/users\/1"}],"replies":[{"embeddable":true,"href":"https:\/\/www.cla.cu\/es\/wp-json\/wp\/v2\/comments?post=1152"}],"version-history":[{"count":4,"href":"https:\/\/www.cla.cu\/es\/wp-json\/wp\/v2\/pages\/1152\/revisions"}],"predecessor-version":[{"id":1663,"href":"https:\/\/www.cla.cu\/es\/wp-json\/wp\/v2\/pages\/1152\/revisions\/1663"}],"wp:attachment":[{"href":"https:\/\/www.cla.cu\/es\/wp-json\/wp\/v2\/media?parent=1152"}],"curies":[{"name":"wp","href":"https:\/\/api.w.org\/{rel}","templated":true}]}}