{"id":1149,"date":"2016-11-25T13:28:38","date_gmt":"2016-11-25T13:28:38","guid":{"rendered":"http:\/\/localhost\/wordpress\/?page_id=1149"},"modified":"2019-07-02T15:54:26","modified_gmt":"2019-07-02T15:54:26","slug":"otorgan-condecoracion-heroe-del-trabajo-de-la-republica-de-cuba-a-fundadores-del-centro-de-linguistica-aplicada","status":"publish","type":"page","link":"https:\/\/www.cla.cu\/es\/otorgan-condecoracion-heroe-del-trabajo-de-la-republica-de-cuba-a-fundadores-del-centro-de-linguistica-aplicada\/","title":{"rendered":"Otorgan condecoraci\u00f3n \u00abH\u00e9roe del Trabajo\u00bb de la Rep\u00fablica de Cuba a fundadores del Centro de Ling\u00fc\u00edstica Aplicada"},"content":{"rendered":"<p style=\"text-align: justify;\"><a href=\"http:\/\/www.cla.cu\/clanuevo\/wp-content\/uploads\/2016\/06\/HerE-V-1.png\"><img class=\"alignleft wp-image-799 size-medium\" src=\"http:\/\/www.cla.cu\/clanuevo\/wp-content\/uploads\/2016\/06\/HerE-V-1-300x259.png\" alt=\"HerE-V\" width=\"300\" height=\"259\" \/><\/a>Los Investigadores Titulares del Centro de Ling\u00fc\u00edstica Aplicada, <strong>Elo\u00edna Miyares Berm\u00fadez<\/strong> y <strong>Julio Vitelio Ruiz Hern\u00e1ndez<\/strong>, recibieron en el 2010 la condecoraci\u00f3n de <strong>\"H\u00e9roe del Trabajo\"<\/strong>, una de las m\u00e1s altas distinciones que otorga el Estado Cubano.\u00a0Este t\u00edtulo constituye un est\u00edmulo muy merecido para ambos trabajadores, por la ampl\u00edsima labor desarrollada a favor del uso correcto del idioma en Cuba.<\/p>\r\n<p style=\"text-align: justify;\">A esta octogenaria pareja la ha unido intereses\u00a0 comunes en la profesi\u00f3n y cuenta\u00a0 entre sus experiencias sus <strong>estudios en la Escuela Normal para Maestros<\/strong>, la <strong>fundaci\u00f3n del Centro de Ling\u00fc\u00edstica Aplicada<\/strong> en 1971 y el haber impartido cursos cient\u00edficos a profesionales de las m\u00e1s diversas ramas. De sus muchas investigaciones en conjunto destacan el \u00a0<strong>Estudio del L\u00e9xico Activo-Funcional del Escolar Cubano<\/strong>, premiado en 1997 por la Academia de Ciencias de Cuba, la <strong>Vacuna Ortogr\u00e1fica VAL-Cuba<\/strong>, el <strong>Diccionario Escolar Ilustrado<\/strong>\u00a0y el <strong>Diccionario B\u00e1sico Escolar<\/strong>. Estos y otros importantes resultados investigativos, avalan sobradamente la entrega del galard\u00f3n a estas personalidades de la ciencia y cultura cubanas. <strong>(Mayo del 2010)<\/strong><\/p>\r\n<p style=\"text-align: justify;\"><\/p>","protected":false},"excerpt":{"rendered":"<p>Los Investigadores Titulares del Centro de Ling\u00fc\u00edstica Aplicada, Elo\u00edna Miyares Berm\u00fadez y Julio Vitelio Ruiz Hern\u00e1ndez, recibieron en el 2010 la condecoraci\u00f3n de \u00abH\u00e9roe del Trabajo\u00bb, una de las m\u00e1s altas distinciones que otorga el Estado Cubano.\u00a0Este t\u00edtulo constituye un <a href=\"https:\/\/www.cla.cu\/es\/otorgan-condecoracion-heroe-del-trabajo-de-la-republica-de-cuba-a-fundadores-del-centro-de-linguistica-aplicada\/\" class=\"read-more\">Seguir leyendo &#8230;<\/a><\/p>\n","protected":false},"author":1,"featured_media":0,"parent":0,"menu_order":0,"comment_status":"closed","ping_status":"closed","template":"","meta":[],"_links":{"self":[{"href":"https:\/\/www.cla.cu\/es\/wp-json\/wp\/v2\/pages\/1149"}],"collection":[{"href":"https:\/\/www.cla.cu\/es\/wp-json\/wp\/v2\/pages"}],"about":[{"href":"https:\/\/www.cla.cu\/es\/wp-json\/wp\/v2\/types\/page"}],"author":[{"embeddable":true,"href":"https:\/\/www.cla.cu\/es\/wp-json\/wp\/v2\/users\/1"}],"replies":[{"embeddable":true,"href":"https:\/\/www.cla.cu\/es\/wp-json\/wp\/v2\/comments?post=1149"}],"version-history":[{"count":4,"href":"https:\/\/www.cla.cu\/es\/wp-json\/wp\/v2\/pages\/1149\/revisions"}],"predecessor-version":[{"id":1660,"href":"https:\/\/www.cla.cu\/es\/wp-json\/wp\/v2\/pages\/1149\/revisions\/1660"}],"wp:attachment":[{"href":"https:\/\/www.cla.cu\/es\/wp-json\/wp\/v2\/media?parent=1149"}],"curies":[{"name":"wp","href":"https:\/\/api.w.org\/{rel}","templated":true}]}}