{"id":1142,"date":"2016-11-25T13:24:03","date_gmt":"2016-11-25T13:24:03","guid":{"rendered":"http:\/\/localhost\/wordpress\/?page_id=1142"},"modified":"2019-07-02T16:01:10","modified_gmt":"2019-07-02T16:01:10","slug":"el-cla-presente-en-congreso-internacional-euralex-2010","status":"publish","type":"page","link":"https:\/\/www.cla.cu\/es\/el-cla-presente-en-congreso-internacional-euralex-2010\/","title":{"rendered":"El CLA presente en congreso internacional EURALEX-2010"},"content":{"rendered":"<p style=\"text-align: justify;\"><a href=\"http:\/\/www.cla.cu\/clanuevo\/wp-content\/uploads\/2016\/11\/Euralex.png\"><img class=\"alignleft wp-image-1143\" src=\"http:\/\/www.cla.cu\/clanuevo\/wp-content\/uploads\/2016\/11\/Euralex-300x225.png\" alt=\"\" width=\"184\" height=\"138\" \/><\/a>El Centro de Ling\u00fc\u00edstica Aplicada y la Universidad del Pa\u00eds Vasco desde hace varios a\u00f1os mantienen v\u00ednculos cient\u00edficos. Gracias a esa colaboraci\u00f3n se present\u00f3 en el <strong>XIV Congreso Internacional de Lexicograf\u00eda (EURALEX-2010)<\/strong> el trabajo titulado <strong>La segunda y tercera ediciones del Diccionario B\u00e1sico Escolar<\/strong> de los autores Elo\u00edna Miyares Berm\u00fadez, Xabier Artola Zubillaga, I\u00f1aki Alegr\u00eda Loinaz, Xabier Arregi Iparragirre, Leonel Ruiz Miyares, Cristina \u00c1lamo Su\u00e1rez y Celia P\u00e9rez Marqu\u00e9s.<\/p>\r\n<p style=\"text-align: justify;\">El congreso se celebr\u00f3 en la ciudad holandesa de Leeuwarden y en representaci\u00f3n de los autores expusieron el trabajo en el mencionado evento los doctores Xabier Artola Zubillaga y Leonel Ruiz Miyares. <strong>(Julio del 2010)<\/strong><\/p>\r\n<p style=\"text-align: justify;\"><a href=\"http:\/\/www.cla.cu\/clanuevo\/wp-content\/uploads\/2016\/11\/euralex-2010-2.jpg\"><img class=\"alignnone wp-image-1144 size-medium\" src=\".\/clanuevo\/wp-content\/uploads\/2016\/11\/euralex-2010-2-300x225.jpg\" alt=\"euralex-2010-2\" width=\"300\" height=\"225\" \/><\/a><\/p>\r\n<p style=\"text-align: justify;\"><a href=\"http:\/\/www.cla.cu\/clanuevo\/wp-content\/uploads\/2016\/11\/euralex-2010-3.jpg\"><img class=\"alignnone wp-image-1145 size-medium\" src=\".\/clanuevo\/wp-content\/uploads\/2016\/11\/euralex-2010-3-300x225.jpg\" alt=\"euralex-2010-3\" width=\"300\" height=\"225\" \/><\/a><\/p>\r\n<p style=\"text-align: justify;\">\u00a0<a href=\"http:\/\/www.cla.cu\/clanuevo\/wp-content\/uploads\/2016\/11\/euralex-2010-4.jpg\"><img class=\"alignnone wp-image-1146 size-medium\" src=\".\/clanuevo\/wp-content\/uploads\/2016\/11\/euralex-2010-4-300x225.jpg\" alt=\"euralex-2010-4\" width=\"300\" height=\"225\" \/><\/a><\/p>\r\n<p style=\"text-align: justify;\">\u00a0<a href=\"http:\/\/www.cla.cu\/clanuevo\/wp-content\/uploads\/2016\/11\/euralex-2010-5.jpg\"><img class=\"alignnone wp-image-1147 size-medium\" src=\".\/clanuevo\/wp-content\/uploads\/2016\/11\/euralex-2010-5-300x225.jpg\" alt=\"euralex-2010-5\" width=\"300\" height=\"225\" \/><\/a><\/p>","protected":false},"excerpt":{"rendered":"<p>El Centro de Ling\u00fc\u00edstica Aplicada y la Universidad del Pa\u00eds Vasco desde hace varios a\u00f1os mantienen v\u00ednculos cient\u00edficos. Gracias a esa colaboraci\u00f3n se present\u00f3 en el XIV Congreso Internacional de Lexicograf\u00eda (EURALEX-2010) el trabajo titulado La segunda y tercera ediciones <a href=\"https:\/\/www.cla.cu\/es\/el-cla-presente-en-congreso-internacional-euralex-2010\/\" class=\"read-more\">Seguir leyendo &#8230;<\/a><\/p>\n","protected":false},"author":1,"featured_media":0,"parent":0,"menu_order":0,"comment_status":"closed","ping_status":"closed","template":"","meta":[],"_links":{"self":[{"href":"https:\/\/www.cla.cu\/es\/wp-json\/wp\/v2\/pages\/1142"}],"collection":[{"href":"https:\/\/www.cla.cu\/es\/wp-json\/wp\/v2\/pages"}],"about":[{"href":"https:\/\/www.cla.cu\/es\/wp-json\/wp\/v2\/types\/page"}],"author":[{"embeddable":true,"href":"https:\/\/www.cla.cu\/es\/wp-json\/wp\/v2\/users\/1"}],"replies":[{"embeddable":true,"href":"https:\/\/www.cla.cu\/es\/wp-json\/wp\/v2\/comments?post=1142"}],"version-history":[{"count":3,"href":"https:\/\/www.cla.cu\/es\/wp-json\/wp\/v2\/pages\/1142\/revisions"}],"predecessor-version":[{"id":1661,"href":"https:\/\/www.cla.cu\/es\/wp-json\/wp\/v2\/pages\/1142\/revisions\/1661"}],"wp:attachment":[{"href":"https:\/\/www.cla.cu\/es\/wp-json\/wp\/v2\/media?parent=1142"}],"curies":[{"name":"wp","href":"https:\/\/api.w.org\/{rel}","templated":true}]}}