{"id":1136,"date":"2016-11-24T20:39:25","date_gmt":"2016-11-24T20:39:25","guid":{"rendered":"http:\/\/localhost\/wordpress\/?page_id=1136"},"modified":"2019-07-02T15:53:13","modified_gmt":"2019-07-02T15:53:13","slug":"presentacion-de-dos-nuevos-libros-del-centro-de-linguistica-aplicada","status":"publish","type":"page","link":"https:\/\/www.cla.cu\/es\/presentacion-de-dos-nuevos-libros-del-centro-de-linguistica-aplicada\/","title":{"rendered":"Presentaci\u00f3n de dos nuevos libros del Centro de Ling\u00fc\u00edstica Aplicada"},"content":{"rendered":"<p style=\"text-align: justify;\"><a href=\"http:\/\/www.cla.cu\/clanuevo\/wp-content\/uploads\/2016\/11\/Portadas-Libros.png\"><img class=\"alignleft wp-image-1138 size-medium\" src=\"http:\/\/www.cla.cu\/clanuevo\/wp-content\/uploads\/2016\/11\/Portadas-Libros-300x287.png\" alt=\"Portadas-Libros\" width=\"300\" height=\"287\" \/><\/a>El Centro de Ling\u00fc\u00edstica Aplicada present\u00f3 en octubre de 2011 dos nuevos t\u00edtulos, teniendo como escenario el municipio santiaguero de Songo-La Maya. El primero de estos libros se titula <strong>Desarrollo l\u00e9xico en escolares de primaria. Ejercicios para su perfeccionamiento<\/strong>, e incluye, adem\u00e1s de un estudio l\u00e9xico-estad\u00edstico de textos escritos por escolares de primaria del municipio Guam\u00e1, provincia Santiago de Cuba, un compendio de ejercicios did\u00e1cticos para el perfeccionamiento de la competencia ling\u00fc\u00edstica de dichos escolares. Su autora, la Dra. en\u00a0 Ciencias Filol\u00f3gicas Celia Mar\u00eda P\u00e9rez Marqu\u00e9s, estuvo al mando de un equipo conformado, entre otros, por la MSc. \u00a0Mileidis Quintana Polanco y el Dr. en Ciencias T\u00e9cnicas Leonel Ruiz Miyares.<\/p>\r\n<p style=\"text-align: justify;\">Los resultados del an\u00e1lisis cuantitativo y cualitativo de los textos avalan el impacto de la aplicaci\u00f3n de las nuevas tecnolog\u00edas en ese nivel de ense\u00f1anza. Esta obra es una muestra del desarrollo alcanzado por los estudios ling\u00fc\u00edsticos en Cuba, especialmente en la esfera estad\u00edstica, y de la utilidad de la tecnolog\u00eda computacional para este tipo de investigaci\u00f3n que, por dem\u00e1s, se hizo por primera vez en el municipio de Guam\u00e1, \u00e1rea perteneciente al Plan Turquino.<\/p>\r\n<p style=\"text-align: justify;\">Por otra parte la obra <strong>Prefijos y sufijos. Ejercicios pr\u00e1cticos<\/strong>, \u00a0de la Lic. Nancy Cristina \u00c1lamo Su\u00e1rez, intenta contribuir a la soluci\u00f3n del problema que representa la ense\u00f1anza y el conocimiento de la lengua materna en los escolares cubanos del nivel de secundaria b\u00e1sica. Para ello, incluye una serie de ejercicios did\u00e1cticos que constituyen en s\u00ed mismos una propuesta variada, amena e instructiva. Estos ejercicios, que responden a diversos aspectos de la derivaci\u00f3n l\u00e9xica, se presentan en forma de juegos y conducen al aumento del vocabulario y los conocimientos de los educandos sobre la lengua espa\u00f1ola. El enriquecedor proceso de la derivaci\u00f3n puede ejercitarse con este libro caracterizado por sus valores educativos y psicodid\u00e1cticos, que va, como toda obra de este tipo, de lo general a lo particular, por lo que es asequible, tanto a estudiantes de alto rendimiento acad\u00e9mico como a los de menor desarrollo intelectual. Adem\u00e1s de ocuparse en espec\u00edfico del proceso de derivaci\u00f3n en la conformaci\u00f3n de palabras, el libro integra los distintos componentes de la lengua, cuya variedad permite desarrollar la agilidad mental, y ampliar los conocimientos y la informaci\u00f3n sobre el contenido de diversas materias. Estos ejercicios se crearon sobre la base de un corpus de t\u00e9rminos derivados extra\u00eddos del conjunto de textos escolares. <strong>(Octubre del 2011)<\/strong><\/p>\r\n<p style=\"text-align: justify;\"><a href=\"http:\/\/www.cla.cu\/clanuevo\/wp-content\/uploads\/2016\/11\/lanzamiento-libros-11.jpg\"><img class=\"alignnone wp-image-1137 size-full\" src=\"http:\/\/www.cla.cu\/clanuevo\/wp-content\/uploads\/2016\/11\/lanzamiento-libros-11.jpg\" alt=\"lanzamiento-libros-11\" width=\"263\" height=\"200\" \/><\/a><\/p>","protected":false},"excerpt":{"rendered":"<p>El Centro de Ling\u00fc\u00edstica Aplicada present\u00f3 en octubre de 2011 dos nuevos t\u00edtulos, teniendo como escenario el municipio santiaguero de Songo-La Maya. El primero de estos libros se titula Desarrollo l\u00e9xico en escolares de primaria. Ejercicios para su perfeccionamiento, e <a href=\"https:\/\/www.cla.cu\/es\/presentacion-de-dos-nuevos-libros-del-centro-de-linguistica-aplicada\/\" class=\"read-more\">Seguir leyendo &#8230;<\/a><\/p>\n","protected":false},"author":1,"featured_media":0,"parent":0,"menu_order":0,"comment_status":"closed","ping_status":"closed","template":"","meta":[],"_links":{"self":[{"href":"https:\/\/www.cla.cu\/es\/wp-json\/wp\/v2\/pages\/1136"}],"collection":[{"href":"https:\/\/www.cla.cu\/es\/wp-json\/wp\/v2\/pages"}],"about":[{"href":"https:\/\/www.cla.cu\/es\/wp-json\/wp\/v2\/types\/page"}],"author":[{"embeddable":true,"href":"https:\/\/www.cla.cu\/es\/wp-json\/wp\/v2\/users\/1"}],"replies":[{"embeddable":true,"href":"https:\/\/www.cla.cu\/es\/wp-json\/wp\/v2\/comments?post=1136"}],"version-history":[{"count":4,"href":"https:\/\/www.cla.cu\/es\/wp-json\/wp\/v2\/pages\/1136\/revisions"}],"predecessor-version":[{"id":1659,"href":"https:\/\/www.cla.cu\/es\/wp-json\/wp\/v2\/pages\/1136\/revisions\/1659"}],"wp:attachment":[{"href":"https:\/\/www.cla.cu\/es\/wp-json\/wp\/v2\/media?parent=1136"}],"curies":[{"name":"wp","href":"https:\/\/api.w.org\/{rel}","templated":true}]}}