{"id":1125,"date":"2016-11-24T20:36:48","date_gmt":"2016-11-24T20:36:48","guid":{"rendered":"http:\/\/localhost\/wordpress\/?page_id=1125"},"modified":"2019-07-19T14:24:58","modified_gmt":"2019-07-19T14:24:58","slug":"realiza-el-centro-de-linguistica-aplicada-actividades-escolares-en-favor-del-idioma","status":"publish","type":"page","link":"https:\/\/www.cla.cu\/es\/realiza-el-centro-de-linguistica-aplicada-actividades-escolares-en-favor-del-idioma\/","title":{"rendered":"Realiza el Centro de Ling\u00fc\u00edstica Aplicada actividades escolares en favor del idioma"},"content":{"rendered":"<p style=\"text-align: justify;\"><a href=\"http:\/\/www.cla.cu\/clanuevo\/wp-content\/uploads\/2016\/11\/Maraton.png\"><img class=\"alignleft wp-image-1126 size-medium\" src=\".\/clanuevo\/wp-content\/uploads\/2016\/11\/Maraton-300x225.png\" alt=\"Maraton\" width=\"300\" height=\"225\" \/><\/a>El <strong>Marat\u00f3n del Diccionario<\/strong> y los <strong>Concursos de Ortograf\u00eda<\/strong>, son labores que auspicia el Centro de Ling\u00fc\u00edstica aplicada en estrecha colaboraci\u00f3n con el Ministerio de Educaci\u00f3n, para lograr fomentar el correcto uso de nuestra lengua entre los escolares de primaria. El Marat\u00f3n tiene como principal objetivo que los alumnos logren la habilidad de buscar con rapidez en el diccionario, pues en la b\u00fasqueda individual se mide el tiempo con un cron\u00f3metro digital para precisar el nivel de rapidez.<\/p>\r\n<p style=\"text-align: justify;\">Los Concursos de Ortograf\u00eda, por otra parte, tienen como elemento novedoso la introducci\u00f3n en ellos de la computaci\u00f3n, pues al alumno se le hace un dictado que escribe en la computadora y que aparece de inmediato en una gran pantalla donde se ven los resultados, lo cual es muy estimulante para el p\u00fablico asistente. Estas actividades se realizan en saludo al 23 de abril, fecha en la que se celebra el d\u00eda del idioma espa\u00f1ol. <strong>(Abril del 2011)<\/strong><\/p>\r\n<p style=\"text-align: justify;\">\u00a0<a href=\"http:\/\/www.cla.cu\/clanuevo\/wp-content\/uploads\/2016\/11\/maraton-diccionario-1.jpg\"><img class=\"alignnone wp-image-1127 size-medium\" src=\".\/clanuevo\/wp-content\/uploads\/2016\/11\/maraton-diccionario-1-300x207.jpg\" alt=\"maraton-diccionario-1\" width=\"300\" height=\"207\" \/><\/a><\/p>\r\n<p style=\"text-align: justify;\"><img class=\"alignnone size-medium wp-image-1128\" src=\".\/clanuevo\/wp-content\/uploads\/2016\/11\/maraton-diccionario-2-300x225.jpg\" alt=\"maraton-diccionario-2\" width=\"300\" height=\"225\" \/><\/p>\r\n<p style=\"text-align: justify;\"><a href=\"http:\/\/www.cla.cu\/clanuevo\/wp-content\/uploads\/2016\/11\/maraton-diccionario-3.jpg\"><img class=\"alignnone wp-image-1129\" src=\".\/clanuevo\/wp-content\/uploads\/2016\/11\/maraton-diccionario-3-300x225.jpg\" alt=\"maraton-diccionario-3\" width=\"305\" height=\"229\" \/><\/a><\/p>\r\n<p style=\"text-align: justify;\"><a href=\"http:\/\/www.cla.cu\/clanuevo\/wp-content\/uploads\/2016\/11\/maraton-diccionario-4.jpg\"><img class=\"alignnone wp-image-1130 size-medium\" src=\".\/clanuevo\/wp-content\/uploads\/2016\/11\/maraton-diccionario-4-300x215.jpg\" alt=\"maraton-diccionario-4\" width=\"300\" height=\"215\" \/><\/a><\/p>\r\n<p style=\"text-align: justify;\"><a href=\"http:\/\/www.cla.cu\/clanuevo\/wp-content\/uploads\/2016\/11\/maraton-diccionario-5.jpg\"><img class=\"alignnone wp-image-1131 size-medium\" src=\".\/clanuevo\/wp-content\/uploads\/2016\/11\/maraton-diccionario-5-300x212.jpg\" alt=\"maraton-diccionario-5\" width=\"300\" height=\"212\" \/><\/a><\/p>\r\n<p style=\"text-align: justify;\"><a href=\"http:\/\/www.cla.cu\/clanuevo\/wp-content\/uploads\/2016\/11\/maraton-diccionario-6.jpg\"><img class=\"alignnone wp-image-1132 size-medium\" src=\".\/clanuevo\/wp-content\/uploads\/2016\/11\/maraton-diccionario-6-300x176.jpg\" alt=\"maraton-diccionario-6\" width=\"300\" height=\"176\" \/><\/a><\/p>","protected":false},"excerpt":{"rendered":"<p>El Marat\u00f3n del Diccionario y los Concursos de Ortograf\u00eda, son labores que auspicia el Centro de Ling\u00fc\u00edstica aplicada en estrecha colaboraci\u00f3n con el Ministerio de Educaci\u00f3n, para lograr fomentar el correcto uso de nuestra lengua entre los escolares de primaria. <a href=\"https:\/\/www.cla.cu\/es\/realiza-el-centro-de-linguistica-aplicada-actividades-escolares-en-favor-del-idioma\/\" class=\"read-more\">Seguir leyendo &#8230;<\/a><\/p>\n","protected":false},"author":1,"featured_media":0,"parent":0,"menu_order":0,"comment_status":"closed","ping_status":"closed","template":"","meta":[],"_links":{"self":[{"href":"https:\/\/www.cla.cu\/es\/wp-json\/wp\/v2\/pages\/1125"}],"collection":[{"href":"https:\/\/www.cla.cu\/es\/wp-json\/wp\/v2\/pages"}],"about":[{"href":"https:\/\/www.cla.cu\/es\/wp-json\/wp\/v2\/types\/page"}],"author":[{"embeddable":true,"href":"https:\/\/www.cla.cu\/es\/wp-json\/wp\/v2\/users\/1"}],"replies":[{"embeddable":true,"href":"https:\/\/www.cla.cu\/es\/wp-json\/wp\/v2\/comments?post=1125"}],"version-history":[{"count":3,"href":"https:\/\/www.cla.cu\/es\/wp-json\/wp\/v2\/pages\/1125\/revisions"}],"predecessor-version":[{"id":1692,"href":"https:\/\/www.cla.cu\/es\/wp-json\/wp\/v2\/pages\/1125\/revisions\/1692"}],"wp:attachment":[{"href":"https:\/\/www.cla.cu\/es\/wp-json\/wp\/v2\/media?parent=1125"}],"curies":[{"name":"wp","href":"https:\/\/api.w.org\/{rel}","templated":true}]}}