{"id":1119,"date":"2016-11-24T20:34:56","date_gmt":"2016-11-24T20:34:56","guid":{"rendered":"http:\/\/localhost\/wordpress\/?page_id=1119"},"modified":"2019-07-02T15:47:47","modified_gmt":"2019-07-02T15:47:47","slug":"director-del-centro-de-linguistica-aplicada-participa-en-defensa-doctoral-en-el-pais-vasco","status":"publish","type":"page","link":"https:\/\/www.cla.cu\/es\/director-del-centro-de-linguistica-aplicada-participa-en-defensa-doctoral-en-el-pais-vasco\/","title":{"rendered":"Director del Centro de Ling\u00fc\u00edstica Aplicada participa en defensa doctoral en el Pa\u00eds Vasco"},"content":{"rendered":"<p style=\"text-align: justify;\"><a href=\"http:\/\/www.cla.cu\/clanuevo\/wp-content\/uploads\/2016\/11\/tribunal-doctorado-2.jpg\"><img class=\"alignleft wp-image-1122 size-medium\" src=\"http:\/\/www.cla.cu\/clanuevo\/wp-content\/uploads\/2016\/11\/tribunal-doctorado-2-300x200.jpg\" alt=\"tribunal-doctorado-2\" width=\"300\" height=\"200\" \/><\/a>El Doctor en Ciencias T\u00e9cnicas Leonel Ruiz Miyares, Director del Centro de Ling\u00fc\u00edstica Aplicada fue invitado a formar parte de la membres\u00eda del tribunal de la tesis doctoral defendida por Nora Barroso Moreno, en la Universidad del Pa\u00eds Vasco,\u00a0 San Sebasti\u00e1n, Espa\u00f1a.<\/p>\r\n<p style=\"text-align: justify;\">Esta tesis tutorada por la Doctora Mirem Karmele L\u00f3pez de Ipi\u00f1a tiene por t\u00edtulo \"Aportaci\u00f3n a la gesti\u00f3n sem\u00e1ntica de audio en entornos complejos\".<\/p>\r\n<p style=\"text-align: justify;\">La invitaci\u00f3n constituye un reconocimiento al alto nivel logrado en nuestro pa\u00eds en la especialidad de Procesamiento del Lenguaje Natural (PLN) y particularmente un est\u00edmulo al Centro de Ling\u00fc\u00edstica Aplicada, que ha sido motor impulsor de esta l\u00ednea de investigaci\u00f3n. Esta es una de las \u00faltimas colaboraciones establecidas entre el Centro de Ling\u00fc\u00edstica Aplicada de Santiago de Cuba y la Universidad del Pa\u00eds Vasco, pues ambas instituciones han trabajado ya en importantes proyectos como el <em>Diccionario B\u00e1sico Escolar<\/em> y el entrenamiento de investigadores para la confecci\u00f3n y edici\u00f3n de diccionarios electr\u00f3nicos, entre otros. <strong>(Noviembre del 2011)<\/strong><\/p>\r\n<p style=\"text-align: justify;\"><strong><a href=\"http:\/\/www.cla.cu\/clanuevo\/wp-content\/uploads\/2016\/11\/IMG_0339-10x15-.jpg\"><img class=\"alignnone wp-image-1120 size-medium\" src=\"http:\/\/www.cla.cu\/clanuevo\/wp-content\/uploads\/2016\/11\/IMG_0339-10x15--300x244.jpg\" alt=\"IMG_0339 10x15\" width=\"300\" height=\"244\" \/><\/a><\/strong><\/p>\r\n<p style=\"text-align: justify;\"><a href=\"http:\/\/www.cla.cu\/clanuevo\/wp-content\/uploads\/2016\/11\/tribunal-doctorado-1.jpg\"><img class=\"alignnone wp-image-1121 size-medium\" src=\"http:\/\/www.cla.cu\/clanuevo\/wp-content\/uploads\/2016\/11\/tribunal-doctorado-1-300x200.jpg\" alt=\"tribunal-doctorado-1\" width=\"300\" height=\"200\" \/><\/a><\/p>\r\n<p style=\"text-align: justify;\"><a href=\"http:\/\/www.cla.cu\/clanuevo\/wp-content\/uploads\/2016\/11\/tribunal-doctorado-3.jpg\"><img class=\"alignnone wp-image-1123 size-medium\" src=\"http:\/\/www.cla.cu\/clanuevo\/wp-content\/uploads\/2016\/11\/tribunal-doctorado-3-300x200.jpg\" alt=\"tribunal-doctorado-3\" width=\"300\" height=\"200\" \/><\/a><\/p>","protected":false},"excerpt":{"rendered":"<p>El Doctor en Ciencias T\u00e9cnicas Leonel Ruiz Miyares, Director del Centro de Ling\u00fc\u00edstica Aplicada fue invitado a formar parte de la membres\u00eda del tribunal de la tesis doctoral defendida por Nora Barroso Moreno, en la Universidad del Pa\u00eds Vasco,\u00a0 San <a href=\"https:\/\/www.cla.cu\/es\/director-del-centro-de-linguistica-aplicada-participa-en-defensa-doctoral-en-el-pais-vasco\/\" class=\"read-more\">Seguir leyendo &#8230;<\/a><\/p>\n","protected":false},"author":1,"featured_media":0,"parent":0,"menu_order":0,"comment_status":"closed","ping_status":"closed","template":"","meta":[],"_links":{"self":[{"href":"https:\/\/www.cla.cu\/es\/wp-json\/wp\/v2\/pages\/1119"}],"collection":[{"href":"https:\/\/www.cla.cu\/es\/wp-json\/wp\/v2\/pages"}],"about":[{"href":"https:\/\/www.cla.cu\/es\/wp-json\/wp\/v2\/types\/page"}],"author":[{"embeddable":true,"href":"https:\/\/www.cla.cu\/es\/wp-json\/wp\/v2\/users\/1"}],"replies":[{"embeddable":true,"href":"https:\/\/www.cla.cu\/es\/wp-json\/wp\/v2\/comments?post=1119"}],"version-history":[{"count":3,"href":"https:\/\/www.cla.cu\/es\/wp-json\/wp\/v2\/pages\/1119\/revisions"}],"predecessor-version":[{"id":1657,"href":"https:\/\/www.cla.cu\/es\/wp-json\/wp\/v2\/pages\/1119\/revisions\/1657"}],"wp:attachment":[{"href":"https:\/\/www.cla.cu\/es\/wp-json\/wp\/v2\/media?parent=1119"}],"curies":[{"name":"wp","href":"https:\/\/api.w.org\/{rel}","templated":true}]}}