{"id":1115,"date":"2016-11-24T20:31:12","date_gmt":"2016-11-24T20:31:12","guid":{"rendered":"http:\/\/localhost\/wordpress\/?page_id=1115"},"modified":"2019-07-02T15:37:07","modified_gmt":"2019-07-02T15:37:07","slug":"director-del-centro-de-linguistica-aplicada-participa-en-importantes-eventos-de-fraseologia-y-lexicografia","status":"publish","type":"page","link":"https:\/\/www.cla.cu\/es\/director-del-centro-de-linguistica-aplicada-participa-en-importantes-eventos-de-fraseologia-y-lexicografia\/","title":{"rendered":"Director del Centro de Ling\u00fc\u00edstica Aplicada participa en importantes eventos de Fraseolog\u00eda y Lexicograf\u00eda"},"content":{"rendered":"<p style=\"text-align: justify;\"><a href=\"http:\/\/www.cla.cu\/clanuevo\/wp-content\/uploads\/2016\/11\/Brasilia.png\"><img class=\"alignleft wp-image-1116 size-medium\" src=\"http:\/\/www.cla.cu\/clanuevo\/wp-content\/uploads\/2016\/11\/Brasilia-300x258.png\" alt=\"Brasilia\" width=\"300\" height=\"258\" \/><\/a>El Dr. Leonel Ruiz Miyares fue invitado, en noviembre de 2011, a participar en una mesa redonda en el contexto del <strong>Segundo Congreso Internacional de Fraseolog\u00eda y Paremiolog\u00eda<\/strong> y en el <strong>Primer Congreso Brasile\u00f1o de Fraseolog\u00eda<\/strong> auspiciado por la Universidad de Brasilia, Brasil.<\/p>\r\n<p style=\"text-align: justify;\">Estos eventos se desarrollaron del 11 al 18 del mencionado mes y la invitaci\u00f3n a ellos de un investigador cubano posibilit\u00f3 el intercambio con otros pa\u00edses de nuestro continente de los resultados cient\u00edficos del Centro de Ling\u00fc\u00edstica Aplicada poniendo de manifiesto una vez m\u00e1s, el valor de esta instituci\u00f3n cubana en las especialidades de Fraseolog\u00eda y Lexicograf\u00eda hisp\u00e1nicas.<\/p>\r\n<p style=\"text-align: justify;\">No es esta la primera colaboraci\u00f3n cubano-brasile\u00f1a que se realiza en este sentido, pues en octubre de 2007 el propio Dr. Leonel Ruiz Miyares fue invitado a impartir una conferencia en el <strong>Primer Coloquio de Lexicograf\u00eda Pedag\u00f3gica<\/strong> que patrocin\u00f3 la Universidad Federal de Santa Catarina, Florian\u00f3polis, Brasil. <strong>(Noviembre del 2011)<\/strong><\/p>\r\n<p style=\"text-align: justify;\">\u00a0<a href=\"http:\/\/www.cla.cu\/clanuevo\/wp-content\/uploads\/2016\/11\/brasilia-2.jpg\"><img class=\"alignnone wp-image-1117 size-medium\" src=\"http:\/\/www.cla.cu\/clanuevo\/wp-content\/uploads\/2016\/11\/brasilia-2-300x218.jpg\" alt=\"brasilia-2\" width=\"300\" height=\"218\" \/><\/a><\/p>","protected":false},"excerpt":{"rendered":"<p>El Dr. Leonel Ruiz Miyares fue invitado, en noviembre de 2011, a participar en una mesa redonda en el contexto del Segundo Congreso Internacional de Fraseolog\u00eda y Paremiolog\u00eda y en el Primer Congreso Brasile\u00f1o de Fraseolog\u00eda auspiciado por la Universidad <a href=\"https:\/\/www.cla.cu\/es\/director-del-centro-de-linguistica-aplicada-participa-en-importantes-eventos-de-fraseologia-y-lexicografia\/\" class=\"read-more\">Seguir leyendo &#8230;<\/a><\/p>\n","protected":false},"author":1,"featured_media":0,"parent":0,"menu_order":0,"comment_status":"closed","ping_status":"closed","template":"","meta":[],"_links":{"self":[{"href":"https:\/\/www.cla.cu\/es\/wp-json\/wp\/v2\/pages\/1115"}],"collection":[{"href":"https:\/\/www.cla.cu\/es\/wp-json\/wp\/v2\/pages"}],"about":[{"href":"https:\/\/www.cla.cu\/es\/wp-json\/wp\/v2\/types\/page"}],"author":[{"embeddable":true,"href":"https:\/\/www.cla.cu\/es\/wp-json\/wp\/v2\/users\/1"}],"replies":[{"embeddable":true,"href":"https:\/\/www.cla.cu\/es\/wp-json\/wp\/v2\/comments?post=1115"}],"version-history":[{"count":3,"href":"https:\/\/www.cla.cu\/es\/wp-json\/wp\/v2\/pages\/1115\/revisions"}],"predecessor-version":[{"id":1656,"href":"https:\/\/www.cla.cu\/es\/wp-json\/wp\/v2\/pages\/1115\/revisions\/1656"}],"wp:attachment":[{"href":"https:\/\/www.cla.cu\/es\/wp-json\/wp\/v2\/media?parent=1115"}],"curies":[{"name":"wp","href":"https:\/\/api.w.org\/{rel}","templated":true}]}}