{"id":1109,"date":"2016-11-24T20:29:23","date_gmt":"2016-11-24T20:29:23","guid":{"rendered":"http:\/\/localhost\/wordpress\/?page_id=1109"},"modified":"2019-07-02T15:31:52","modified_gmt":"2019-07-02T15:31:52","slug":"imparte-conferencia-en-viena-director-del-cla","status":"publish","type":"page","link":"https:\/\/www.cla.cu\/es\/imparte-conferencia-en-viena-director-del-cla\/","title":{"rendered":"Imparte conferencia en Viena director del CLA"},"content":{"rendered":"<p style=\"text-align: justify;\"><strong><a href=\"http:\/\/www.cla.cu\/clanuevo\/wp-content\/uploads\/2016\/11\/0077.jpg\"><img class=\"alignnone wp-image-1110 size-medium\" src=\".\/clanuevo\/wp-content\/uploads\/2016\/11\/0077-300x225.jpg\" alt=\"0077\" width=\"300\" height=\"225\" \/><\/a><\/strong><\/p>\r\n<p style=\"text-align: justify;\">El director del CLA, Dr. Leonel Ruiz Miyares, imparti\u00f3 una conferencia en la <strong>Academia de Ciencias de Austria\u00a0<\/strong>sobre los diccionarios confeccionados en nuestra Instituci\u00f3n. El encuentro se realiz\u00f3 en el contexto de la visita que realizara el mencionado especialista al Semantic Technology Institute de la Universidad de Innsbruck (STI), Austria. El CLA y el STI poseen v\u00ednculos acad\u00e9micos desde hace varios a\u00f1os. <strong>(Febrero del 2012). <\/strong><\/p>\r\n<p style=\"text-align: justify;\"><strong><a href=\"http:\/\/www.cla.cu\/clanuevo\/wp-content\/uploads\/2016\/11\/0111.jpg\"><img class=\"alignnone wp-image-1111 size-medium\" src=\".\/clanuevo\/wp-content\/uploads\/2016\/11\/0111-300x225.jpg\" alt=\"0111\" width=\"300\" height=\"225\" \/><\/a><\/strong><\/p>","protected":false},"excerpt":{"rendered":"<p>El director del CLA, Dr. Leonel Ruiz Miyares, imparti\u00f3 una conferencia en la Academia de Ciencias de Austria\u00a0sobre los diccionarios confeccionados en nuestra Instituci\u00f3n. El encuentro se realiz\u00f3 en el contexto de la visita que realizara el mencionado especialista al <a href=\"https:\/\/www.cla.cu\/es\/imparte-conferencia-en-viena-director-del-cla\/\" class=\"read-more\">Seguir leyendo &#8230;<\/a><\/p>\n","protected":false},"author":1,"featured_media":0,"parent":0,"menu_order":0,"comment_status":"closed","ping_status":"closed","template":"","meta":[],"_links":{"self":[{"href":"https:\/\/www.cla.cu\/es\/wp-json\/wp\/v2\/pages\/1109"}],"collection":[{"href":"https:\/\/www.cla.cu\/es\/wp-json\/wp\/v2\/pages"}],"about":[{"href":"https:\/\/www.cla.cu\/es\/wp-json\/wp\/v2\/types\/page"}],"author":[{"embeddable":true,"href":"https:\/\/www.cla.cu\/es\/wp-json\/wp\/v2\/users\/1"}],"replies":[{"embeddable":true,"href":"https:\/\/www.cla.cu\/es\/wp-json\/wp\/v2\/comments?post=1109"}],"version-history":[{"count":3,"href":"https:\/\/www.cla.cu\/es\/wp-json\/wp\/v2\/pages\/1109\/revisions"}],"predecessor-version":[{"id":1655,"href":"https:\/\/www.cla.cu\/es\/wp-json\/wp\/v2\/pages\/1109\/revisions\/1655"}],"wp:attachment":[{"href":"https:\/\/www.cla.cu\/es\/wp-json\/wp\/v2\/media?parent=1109"}],"curies":[{"name":"wp","href":"https:\/\/api.w.org\/{rel}","templated":true}]}}