{"id":1104,"date":"2016-11-24T20:28:07","date_gmt":"2016-11-24T20:28:07","guid":{"rendered":"http:\/\/localhost\/wordpress\/?page_id=1104"},"modified":"2019-07-02T15:26:06","modified_gmt":"2019-07-02T15:26:06","slug":"jornada-ortografica-y-cultural-en-saludo-al-dia-del-idioma","status":"publish","type":"page","link":"https:\/\/www.cla.cu\/es\/jornada-ortografica-y-cultural-en-saludo-al-dia-del-idioma\/","title":{"rendered":"Jornada Ortogr\u00e1fica y Cultural en saludo al D\u00eda del Idioma"},"content":{"rendered":"<p style=\"text-align: justify;\"><img class=\"wp-image-1107  alignleft\" src=\"http:\/\/www.cla.cu\/clanuevo\/wp-content\/uploads\/2016\/11\/Imagen0112640x480-225x300.jpg\" alt=\"\" width=\"139\" height=\"185\" \/>En ocasi\u00f3n del <strong>D\u00eda del Idioma Espa\u00f1ol<\/strong>, se celebr\u00f3 el 23 de abril de 2012 una <strong>Jornada Ortogr\u00e1fica y Cultural<\/strong> organizada por el Centro de Ling\u00fc\u00edstica Aplicada que tuvo por sede el Seminternado \"Abel Santamar\u00eda Cuadrado\".\u00a0La celebraci\u00f3n tuvo como plato fuerte el tradicional concurso de ortograf\u00eda que se efect\u00faa cada a\u00f1o en esta fecha bajo la conducci\u00f3n de la Dra. Elo\u00edna Miyares Berm\u00fadez y el Dr. Vitelio Ruiz Hern\u00e1ndez; incluy\u00f3 la grabaci\u00f3n de nuevas emisiones del programa radial \"Saber andar\", escritos por los profesionales mencionados y transmitido semanalmente por las emisoras locales; y a\u00f1adi\u00f3 un abanico de expresiones culturales fusionadas en diversas actividades realizadas por los estudiantes, en las que demostraron sus conocimientos sobre los pa\u00edses de Nuestra Am\u00e9rica, en especial de los que conforman el bloque del ALBA (Alianza Bolivariana para Las Am\u00e9ricas). <strong>(Abril de 2012)<\/strong><\/p>\r\n<p style=\"text-align: justify;\">\u00a0<a href=\"http:\/\/www.cla.cu\/clanuevo\/wp-content\/uploads\/2016\/11\/Imagen0091640x480.jpg\"><img class=\"alignnone wp-image-1106 size-medium\" src=\"http:\/\/www.cla.cu\/clanuevo\/wp-content\/uploads\/2016\/11\/Imagen0091640x480-300x225.jpg\" alt=\"Imagen0091(640x480)\" width=\"300\" height=\"225\" \/><\/a><\/p>\r\n<p style=\"text-align: justify;\"><a href=\"http:\/\/www.cla.cu\/clanuevo\/wp-content\/uploads\/2016\/11\/Imagen0081640x480.jpg\"><img class=\"alignnone wp-image-1105 \" src=\"http:\/\/www.cla.cu\/clanuevo\/wp-content\/uploads\/2016\/11\/Imagen0081640x480-300x225.jpg\" alt=\"Imagen0081(640x480)\" width=\"305\" height=\"229\" \/><\/a><\/p>","protected":false},"excerpt":{"rendered":"<p>En ocasi\u00f3n del D\u00eda del Idioma Espa\u00f1ol, se celebr\u00f3 el 23 de abril de 2012 una Jornada Ortogr\u00e1fica y Cultural organizada por el Centro de Ling\u00fc\u00edstica Aplicada que tuvo por sede el Seminternado \u00abAbel Santamar\u00eda Cuadrado\u00bb.\u00a0La celebraci\u00f3n tuvo como plato <a href=\"https:\/\/www.cla.cu\/es\/jornada-ortografica-y-cultural-en-saludo-al-dia-del-idioma\/\" class=\"read-more\">Seguir leyendo &#8230;<\/a><\/p>\n","protected":false},"author":1,"featured_media":0,"parent":0,"menu_order":0,"comment_status":"closed","ping_status":"closed","template":"","meta":[],"_links":{"self":[{"href":"https:\/\/www.cla.cu\/es\/wp-json\/wp\/v2\/pages\/1104"}],"collection":[{"href":"https:\/\/www.cla.cu\/es\/wp-json\/wp\/v2\/pages"}],"about":[{"href":"https:\/\/www.cla.cu\/es\/wp-json\/wp\/v2\/types\/page"}],"author":[{"embeddable":true,"href":"https:\/\/www.cla.cu\/es\/wp-json\/wp\/v2\/users\/1"}],"replies":[{"embeddable":true,"href":"https:\/\/www.cla.cu\/es\/wp-json\/wp\/v2\/comments?post=1104"}],"version-history":[{"count":4,"href":"https:\/\/www.cla.cu\/es\/wp-json\/wp\/v2\/pages\/1104\/revisions"}],"predecessor-version":[{"id":1654,"href":"https:\/\/www.cla.cu\/es\/wp-json\/wp\/v2\/pages\/1104\/revisions\/1654"}],"wp:attachment":[{"href":"https:\/\/www.cla.cu\/es\/wp-json\/wp\/v2\/media?parent=1104"}],"curies":[{"name":"wp","href":"https:\/\/api.w.org\/{rel}","templated":true}]}}