{"id":1093,"date":"2016-11-24T20:26:13","date_gmt":"2016-11-24T20:26:13","guid":{"rendered":"http:\/\/localhost\/wordpress\/?page_id=1093"},"modified":"2019-07-02T13:44:25","modified_gmt":"2019-07-02T13:44:25","slug":"maraton-del-diccionario-2da-edicion","status":"publish","type":"page","link":"https:\/\/www.cla.cu\/es\/maraton-del-diccionario-2da-edicion\/","title":{"rendered":"Marat\u00f3n del Diccionario, 2da edici\u00f3n"},"content":{"rendered":"<p style=\"text-align: justify;\"><a href=\"http:\/\/www.cla.cu\/clanuevo\/wp-content\/uploads\/2016\/11\/8.jpg\"><img class=\"alignleft wp-image-1101 size-medium\" src=\".\/clanuevo\/wp-content\/uploads\/2016\/11\/8-300x224.jpg\" alt=\"8\" width=\"300\" height=\"224\" \/><\/a>En el contexto de las actividades organizadas por el CLA para festejar el <strong>D\u00eda del Idioma Espa\u00f1ol<\/strong>, se llev\u00f3 a cabo la <strong>segunda edici\u00f3n del Marat\u00f3n del Diccionario<\/strong> en el internado de primaria \u201cAbel Santamar\u00eda Cuadrado\u201d.<\/p>\r\n<p style=\"text-align: justify;\">Se trata de una competencia que tiene como principal finalidad medir la habilidad de los estudiantes para la b\u00fasqueda en el diccionario. Participaron 30 escuelas secundarias b\u00e1sicas del municipio Santiago de Cuba y se seleccionaron los seis mejores tiempos por medio de un cron\u00f3metro digital. Asistieron autoridades de Educaci\u00f3n del municipio y la provincia, y los resultados obtenidos han sido muy satisfactorios, lo que estimula a continuar con este empe\u00f1o el pr\u00f3ximo a\u00f1o con metas m\u00e1s ambiciosas. <strong>(Abril de 2012)<\/strong><\/p>\r\n<p style=\"text-align: justify;\"><a href=\"http:\/\/www.cla.cu\/clanuevo\/wp-content\/uploads\/2016\/11\/1m.jpg\"><img class=\"alignnone wp-image-1094 size-medium\" src=\".\/clanuevo\/wp-content\/uploads\/2016\/11\/1m-300x206.jpg\" alt=\"1m\" width=\"300\" height=\"206\" \/><\/a> <a href=\"http:\/\/www.cla.cu\/clanuevo\/wp-content\/uploads\/2016\/11\/2m.jpg\"><img class=\"alignnone wp-image-1095 size-medium\" src=\".\/clanuevo\/wp-content\/uploads\/2016\/11\/2m-300x216.jpg\" alt=\"2m\" width=\"300\" height=\"216\" \/><\/a> <a href=\"http:\/\/www.cla.cu\/clanuevo\/wp-content\/uploads\/2016\/11\/3m.jpg\"><img class=\"alignnone wp-image-1096 size-medium\" src=\".\/clanuevo\/wp-content\/uploads\/2016\/11\/3m-300x225.jpg\" alt=\"3m\" width=\"300\" height=\"225\" \/><\/a> <a href=\"http:\/\/www.cla.cu\/clanuevo\/wp-content\/uploads\/2016\/11\/4m.jpg\"><img class=\"alignnone wp-image-1097 size-medium\" src=\".\/clanuevo\/wp-content\/uploads\/2016\/11\/4m-300x225.jpg\" alt=\"4m\" width=\"300\" height=\"225\" \/><\/a> <a href=\"http:\/\/www.cla.cu\/clanuevo\/wp-content\/uploads\/2016\/11\/5m.jpg\"><img class=\"alignnone wp-image-1098 size-medium\" src=\".\/clanuevo\/wp-content\/uploads\/2016\/11\/5m-300x225.jpg\" alt=\"5m\" width=\"300\" height=\"225\" \/><\/a> <a href=\"http:\/\/www.cla.cu\/clanuevo\/wp-content\/uploads\/2016\/11\/6m.jpg\"><img class=\"alignnone wp-image-1099 size-medium\" src=\".\/clanuevo\/wp-content\/uploads\/2016\/11\/6m-300x248.jpg\" alt=\"6m\" width=\"300\" height=\"248\" \/><\/a> <a href=\"http:\/\/www.cla.cu\/clanuevo\/wp-content\/uploads\/2016\/11\/7m.jpg\"><img class=\"alignnone wp-image-1100 size-medium\" src=\".\/clanuevo\/wp-content\/uploads\/2016\/11\/7m-300x225.jpg\" alt=\"7m\" width=\"300\" height=\"225\" \/><\/a> \u00a0 \u00a0 \u00a0 \u00a0 \u00a0 \u00a0 \u00a0 \u00a0 \u00a0 <a href=\"http:\/\/www.cla.cu\/clanuevo\/wp-content\/uploads\/2016\/11\/8m.jpg\"><img class=\"alignnone wp-image-1102 size-medium\" src=\".\/clanuevo\/wp-content\/uploads\/2016\/11\/8m-300x224.jpg\" alt=\"8m\" width=\"300\" height=\"224\" \/><\/a><\/p>","protected":false},"excerpt":{"rendered":"<p>En el contexto de las actividades organizadas por el CLA para festejar el D\u00eda del Idioma Espa\u00f1ol, se llev\u00f3 a cabo la segunda edici\u00f3n del Marat\u00f3n del Diccionario en el internado de primaria \u201cAbel Santamar\u00eda Cuadrado\u201d. Se trata de una <a href=\"https:\/\/www.cla.cu\/es\/maraton-del-diccionario-2da-edicion\/\" class=\"read-more\">Seguir leyendo &#8230;<\/a><\/p>\n","protected":false},"author":1,"featured_media":0,"parent":0,"menu_order":0,"comment_status":"closed","ping_status":"closed","template":"","meta":[],"_links":{"self":[{"href":"https:\/\/www.cla.cu\/es\/wp-json\/wp\/v2\/pages\/1093"}],"collection":[{"href":"https:\/\/www.cla.cu\/es\/wp-json\/wp\/v2\/pages"}],"about":[{"href":"https:\/\/www.cla.cu\/es\/wp-json\/wp\/v2\/types\/page"}],"author":[{"embeddable":true,"href":"https:\/\/www.cla.cu\/es\/wp-json\/wp\/v2\/users\/1"}],"replies":[{"embeddable":true,"href":"https:\/\/www.cla.cu\/es\/wp-json\/wp\/v2\/comments?post=1093"}],"version-history":[{"count":3,"href":"https:\/\/www.cla.cu\/es\/wp-json\/wp\/v2\/pages\/1093\/revisions"}],"predecessor-version":[{"id":1652,"href":"https:\/\/www.cla.cu\/es\/wp-json\/wp\/v2\/pages\/1093\/revisions\/1652"}],"wp:attachment":[{"href":"https:\/\/www.cla.cu\/es\/wp-json\/wp\/v2\/media?parent=1093"}],"curies":[{"name":"wp","href":"https:\/\/api.w.org\/{rel}","templated":true}]}}