{"id":1084,"date":"2016-11-24T20:22:56","date_gmt":"2016-11-24T20:22:56","guid":{"rendered":"http:\/\/localhost\/wordpress\/?page_id=1084"},"modified":"2019-07-02T13:37:41","modified_gmt":"2019-07-02T13:37:41","slug":"se-jubila-la-investigadora-del-centro-de-linguistica-aplicada-lic-nancy-alamo-suarez","status":"publish","type":"page","link":"https:\/\/www.cla.cu\/es\/se-jubila-la-investigadora-del-centro-de-linguistica-aplicada-lic-nancy-alamo-suarez\/","title":{"rendered":"Se jubila la investigadora del Centro de Ling\u00fc\u00edstica Aplicada Lic. Nancy \u00c1lamo Su\u00e1rez"},"content":{"rendered":"<p style=\"text-align: justify;\"><a href=\"http:\/\/www.cla.cu\/clanuevo\/wp-content\/uploads\/2016\/11\/Portada.jpg\"><img class=\"alignleft wp-image-1091 size-medium\" src=\"http:\/\/www.cla.cu\/clanuevo\/wp-content\/uploads\/2016\/11\/Portada-290x300.jpg\" alt=\"Portada\" width=\"290\" height=\"300\" \/><\/a>Tras 37 fruct\u00edferos a\u00f1os (28 de ellos en el CLA) entregadas al magisterio y a la investigaci\u00f3n ling\u00fc\u00edstica, la Lic. Nancy \u00c1lamo Su\u00e1rez, trabajadora abnegada, ejemplar y entra\u00f1able para sus compa\u00f1eros de labor, se acogi\u00f3 merecidamente a la jubilaci\u00f3n.<\/p>\r\n<p style=\"text-align: justify;\">En emotivo acto de despedida, efectuado este 30 de abril con sus colegas y familiares m\u00e1s allegados, se reconocieron los logros de la profesional exquisita y los m\u00e9ritos de la educadora y formadora de nuevas generaciones y de la dirigente pol\u00edtica comprometida. Visiblemente conmovida por la demostraci\u00f3n de cari\u00f1o recibido, la homenajeada expres\u00f3 su resoluci\u00f3n de continuar apoyando actividades importantes de la instituci\u00f3n que le proporcion\u00f3 tantos valores cient\u00edficos y espirituales.<strong> (Abril de 2012)<\/strong><\/p>\r\n<p style=\"text-align: justify;\"><a href=\"http:\/\/www.cla.cu\/clanuevo\/wp-content\/uploads\/2016\/11\/1.jpg\"><img class=\"alignnone wp-image-1085 size-medium\" src=\"http:\/\/www.cla.cu\/clanuevo\/wp-content\/uploads\/2016\/11\/1-300x254.jpg\" alt=\"1\" width=\"300\" height=\"254\" \/><\/a> <a href=\"http:\/\/www.cla.cu\/clanuevo\/wp-content\/uploads\/2016\/11\/2.jpg\"><img class=\"alignnone wp-image-1086\" src=\".\/clanuevo\/wp-content\/uploads\/2016\/11\/2-271x300.jpg\" alt=\"2\" width=\"234\" height=\"259\" \/><\/a> <a href=\"http:\/\/www.cla.cu\/clanuevo\/wp-content\/uploads\/2016\/11\/3.jpg\"><img class=\"alignnone wp-image-1087 size-medium\" src=\"http:\/\/www.cla.cu\/clanuevo\/wp-content\/uploads\/2016\/11\/3-300x275.jpg\" alt=\"3\" width=\"300\" height=\"275\" \/><\/a> <a href=\"http:\/\/www.cla.cu\/clanuevo\/wp-content\/uploads\/2016\/11\/4.jpg\"><img class=\"alignnone wp-image-1088 size-medium\" src=\"http:\/\/www.cla.cu\/clanuevo\/wp-content\/uploads\/2016\/11\/4-300x216.jpg\" alt=\"4\" width=\"300\" height=\"216\" \/><\/a> <a href=\"http:\/\/www.cla.cu\/clanuevo\/wp-content\/uploads\/2016\/11\/5.jpg\"><img class=\"alignnone wp-image-1089 size-medium\" src=\"http:\/\/www.cla.cu\/clanuevo\/wp-content\/uploads\/2016\/11\/5-300x243.jpg\" alt=\"5\" width=\"300\" height=\"243\" \/><\/a> \u00a0 \u00a0 \u00a0 \u00a0 \u00a0 \u00a0 \u00a0 \u00a0 \u00a0 <img class=\"alignnone size-medium wp-image-1090\" src=\".\/clanuevo\/wp-content\/uploads\/2016\/11\/6-300x245.jpg\" alt=\"6\" width=\"300\" height=\"245\" \/><\/p>","protected":false},"excerpt":{"rendered":"<p>Tras 37 fruct\u00edferos a\u00f1os (28 de ellos en el CLA) entregadas al magisterio y a la investigaci\u00f3n ling\u00fc\u00edstica, la Lic. Nancy \u00c1lamo Su\u00e1rez, trabajadora abnegada, ejemplar y entra\u00f1able para sus compa\u00f1eros de labor, se acogi\u00f3 merecidamente a la jubilaci\u00f3n. En <a href=\"https:\/\/www.cla.cu\/es\/se-jubila-la-investigadora-del-centro-de-linguistica-aplicada-lic-nancy-alamo-suarez\/\" class=\"read-more\">Seguir leyendo &#8230;<\/a><\/p>\n","protected":false},"author":1,"featured_media":0,"parent":0,"menu_order":0,"comment_status":"closed","ping_status":"closed","template":"","meta":[],"_links":{"self":[{"href":"https:\/\/www.cla.cu\/es\/wp-json\/wp\/v2\/pages\/1084"}],"collection":[{"href":"https:\/\/www.cla.cu\/es\/wp-json\/wp\/v2\/pages"}],"about":[{"href":"https:\/\/www.cla.cu\/es\/wp-json\/wp\/v2\/types\/page"}],"author":[{"embeddable":true,"href":"https:\/\/www.cla.cu\/es\/wp-json\/wp\/v2\/users\/1"}],"replies":[{"embeddable":true,"href":"https:\/\/www.cla.cu\/es\/wp-json\/wp\/v2\/comments?post=1084"}],"version-history":[{"count":3,"href":"https:\/\/www.cla.cu\/es\/wp-json\/wp\/v2\/pages\/1084\/revisions"}],"predecessor-version":[{"id":1651,"href":"https:\/\/www.cla.cu\/es\/wp-json\/wp\/v2\/pages\/1084\/revisions\/1651"}],"wp:attachment":[{"href":"https:\/\/www.cla.cu\/es\/wp-json\/wp\/v2\/media?parent=1084"}],"curies":[{"name":"wp","href":"https:\/\/api.w.org\/{rel}","templated":true}]}}