{"id":1080,"date":"2016-11-24T19:25:18","date_gmt":"2016-11-24T19:25:18","guid":{"rendered":"http:\/\/localhost\/wordpress\/?page_id=1080"},"modified":"2019-06-27T20:15:43","modified_gmt":"2019-06-27T20:15:43","slug":"conclusion-de-proyecto-sobre-la-entonacion-santiaguera-ejecutado-por-el-cla-2","status":"publish","type":"page","link":"https:\/\/www.cla.cu\/es\/conclusion-de-proyecto-sobre-la-entonacion-santiaguera-ejecutado-por-el-cla-2\/","title":{"rendered":"Conclusi\u00f3n de proyecto sobre la entonaci\u00f3n santiaguera ejecutado por el CLA"},"content":{"rendered":"<p style=\"text-align: justify;\"><a href=\"http:\/\/www.cla.cu\/clanuevo\/wp-content\/uploads\/2016\/06\/Portada.jpg\"><img class=\"alignleft wp-image-762 size-medium\" src=\"http:\/\/www.cla.cu\/clanuevo\/wp-content\/uploads\/2016\/06\/Portada-300x164.jpg\" alt=\"Portada\" width=\"300\" height=\"164\" \/><\/a>Despu\u00e9s de siete a\u00f1os de ejecuci\u00f3n (2005-2012), el proyecto territorial de ciencia y t\u00e9cnica titulado \u201cLa entonaci\u00f3n en el habla culta de la ciudad de Santiago de Cuba\u201d, ejecutado por un amplio equipo de investigadores del Centro de Ling\u00fc\u00edstica\u00a0 Aplicada, bajo la direcci\u00f3n del Lic. Alex Mu\u00f1oz Alvarado, concluy\u00f3 en el mes de mayo de este a\u00f1o 2012 con sus objetivos cumplidos satisfactoriamente.<\/p>\r\n<p style=\"text-align: justify;\">La presentaci\u00f3n del informe final fue realizada por el jefe de proyecto el pasado 10 de mayo ante un grupo de expertos, que emitieron valoraciones muy positivas con respecto a los resultados alcanzados, consistentes en la caracterizaci\u00f3n de la entonaci\u00f3n en el habla culta santiaguera, la multimedia \u201cMELODESA: Perfil mel\u00f3dico del habla de Santiago de Cuba\u201d \u00a0y el texto de la tesis de doctorado pr\u00f3xima a defender \u00a0\u201cSistema y norma entonativos en el habla de Santiago de Cuba\u201d. <strong>(Mayo de 2012)<\/strong><\/p>\r\n<p style=\"text-align: justify;\"><a href=\"http:\/\/www.cla.cu\/clanuevo\/wp-content\/uploads\/2016\/11\/Melodesa640x480.jpg\"><img class=\"alignnone wp-image-1082 size-medium\" src=\"http:\/\/www.cla.cu\/clanuevo\/wp-content\/uploads\/2016\/11\/Melodesa640x480-225x300.jpg\" alt=\"Melodesa(640x480)\" width=\"225\" height=\"300\" \/><\/a><\/p>","protected":false},"excerpt":{"rendered":"<p>Despu\u00e9s de siete a\u00f1os de ejecuci\u00f3n (2005-2012), el proyecto territorial de ciencia y t\u00e9cnica titulado \u201cLa entonaci\u00f3n en el habla culta de la ciudad de Santiago de Cuba\u201d, ejecutado por un amplio equipo de investigadores del Centro de Ling\u00fc\u00edstica\u00a0 Aplicada, <a href=\"https:\/\/www.cla.cu\/es\/conclusion-de-proyecto-sobre-la-entonacion-santiaguera-ejecutado-por-el-cla-2\/\" class=\"read-more\">Seguir leyendo &#8230;<\/a><\/p>\n","protected":false},"author":1,"featured_media":0,"parent":0,"menu_order":0,"comment_status":"closed","ping_status":"closed","template":"","meta":[],"_links":{"self":[{"href":"https:\/\/www.cla.cu\/es\/wp-json\/wp\/v2\/pages\/1080"}],"collection":[{"href":"https:\/\/www.cla.cu\/es\/wp-json\/wp\/v2\/pages"}],"about":[{"href":"https:\/\/www.cla.cu\/es\/wp-json\/wp\/v2\/types\/page"}],"author":[{"embeddable":true,"href":"https:\/\/www.cla.cu\/es\/wp-json\/wp\/v2\/users\/1"}],"replies":[{"embeddable":true,"href":"https:\/\/www.cla.cu\/es\/wp-json\/wp\/v2\/comments?post=1080"}],"version-history":[{"count":3,"href":"https:\/\/www.cla.cu\/es\/wp-json\/wp\/v2\/pages\/1080\/revisions"}],"predecessor-version":[{"id":1647,"href":"https:\/\/www.cla.cu\/es\/wp-json\/wp\/v2\/pages\/1080\/revisions\/1647"}],"wp:attachment":[{"href":"https:\/\/www.cla.cu\/es\/wp-json\/wp\/v2\/media?parent=1080"}],"curies":[{"name":"wp","href":"https:\/\/api.w.org\/{rel}","templated":true}]}}