{"id":1078,"date":"2016-11-24T19:21:29","date_gmt":"2016-11-24T19:21:29","guid":{"rendered":"http:\/\/localhost\/wordpress\/?page_id=1078"},"modified":"2016-11-28T14:44:44","modified_gmt":"2016-11-28T14:44:44","slug":"centro-de-linguistica-aplicada-institucion-auspiciadora-de-la-academia-de-ciencias-de-cuba-2","status":"publish","type":"page","link":"https:\/\/www.cla.cu\/es\/centro-de-linguistica-aplicada-institucion-auspiciadora-de-la-academia-de-ciencias-de-cuba-2\/","title":{"rendered":"Centro de Ling\u00fc\u00edstica Aplicada, instituci\u00f3n auspiciadora de la Academia de Ciencias de Cuba"},"content":{"rendered":"<div class=\"art-PostContent\">\r\n<div class=\"art-article\">\r\n<p style=\"text-align: justify;\">El Dr. Vitelio Ruiz Hern\u00e1ndez, director fundador del Centro de Ling\u00fc\u00edstica Aplicada y Acad\u00e9mico de M\u00e9rito, recibi\u00f3 de manos del presidente de la Academia de Ciencias de Cuba (ACC), Dr. Ismael Clark Arxer, el diploma que acredita a nuestro Centro de Ling\u00fc\u00edstica Aplicada como instituci\u00f3n auspiciadota de la ACC.<\/p>\r\n<p style=\"text-align: justify;\">Ser acreedor de ese est\u00edmulo es un serio compromiso, pues se reconoce el prestigio de nuestro Centro y nos compromete a laborar conjuntamente con la ACC hacia objetivos comunes por el desarrollo de la ciencia cubana.<\/p>\r\n<p style=\"text-align: justify;\">Junto al Dr. Ruiz Hern\u00e1ndez tambi\u00e9n recibi\u00f3 el diploma el Dr. Leonel Ruiz Miyares, director de nuestra entidad. <strong>(Junio del 2012)<\/strong><\/p>\r\n\r\n<\/div>\r\n<\/div>","protected":false},"excerpt":{"rendered":"<p>El Dr. Vitelio Ruiz Hern\u00e1ndez, director fundador del Centro de Ling\u00fc\u00edstica Aplicada y Acad\u00e9mico de M\u00e9rito, recibi\u00f3 de manos del presidente de la Academia de Ciencias de Cuba (ACC), Dr. Ismael Clark Arxer, el diploma que acredita a nuestro Centro <a href=\"https:\/\/www.cla.cu\/es\/centro-de-linguistica-aplicada-institucion-auspiciadora-de-la-academia-de-ciencias-de-cuba-2\/\" class=\"read-more\">Seguir leyendo &#8230;<\/a><\/p>\n","protected":false},"author":1,"featured_media":0,"parent":0,"menu_order":0,"comment_status":"closed","ping_status":"closed","template":"","meta":[],"_links":{"self":[{"href":"https:\/\/www.cla.cu\/es\/wp-json\/wp\/v2\/pages\/1078"}],"collection":[{"href":"https:\/\/www.cla.cu\/es\/wp-json\/wp\/v2\/pages"}],"about":[{"href":"https:\/\/www.cla.cu\/es\/wp-json\/wp\/v2\/types\/page"}],"author":[{"embeddable":true,"href":"https:\/\/www.cla.cu\/es\/wp-json\/wp\/v2\/users\/1"}],"replies":[{"embeddable":true,"href":"https:\/\/www.cla.cu\/es\/wp-json\/wp\/v2\/comments?post=1078"}],"version-history":[{"count":2,"href":"https:\/\/www.cla.cu\/es\/wp-json\/wp\/v2\/pages\/1078\/revisions"}],"predecessor-version":[{"id":1191,"href":"https:\/\/www.cla.cu\/es\/wp-json\/wp\/v2\/pages\/1078\/revisions\/1191"}],"wp:attachment":[{"href":"https:\/\/www.cla.cu\/es\/wp-json\/wp\/v2\/media?parent=1078"}],"curies":[{"name":"wp","href":"https:\/\/api.w.org\/{rel}","templated":true}]}}