{"id":877,"date":"2016-10-24T13:03:17","date_gmt":"2016-10-24T13:03:17","guid":{"rendered":"http:\/\/localhost\/wordpress\/?page_id=877"},"modified":"2018-09-25T20:16:38","modified_gmt":"2018-09-25T20:16:38","slug":"diccionario-ortografico-del-espanol","status":"publish","type":"page","link":"https:\/\/www.cla.cu\/en\/diccionario-ortografico-del-espanol\/","title":{"rendered":"Spanish Spelling Dictionary"},"content":{"rendered":"<p style=\"text-align: justify;\"><strong><a href=\"http:\/\/www.cla.cu\/clanuevo\/wp-content\/uploads\/2016\/06\/cubierta-diccionario-ortografico_0.jpg\"><img class=\"alignleft wp-image-695 size-full\" src=\"http:\/\/www.cla.cu\/clanuevo\/wp-content\/uploads\/2016\/06\/cubierta-diccionario-ortografico_0.jpg\" alt=\"\" width=\"75\" height=\"120\" \/><\/a>Summary<\/strong>: This dictionary is based on the <em>Functional Active Vocabulary of Cuban Schoolchildren<\/em>. This is a reference book for students, teachers and people in general. It addresses spelling, usage of regular and irregular verbs, and other grammatical issues of interest. The dictionary contains major English spelling rules.\u00a0In the dictionary, the morphemes that make up words are highlighted. It was printed in Italy in 1999 and reprinted in 2001. The first and second print runs soon sold out due to the book\u2019s favourable reception from professors, teachers and people in general. Two scientific articles on this book have been published. The dictionary was compiled in collaboration with Spanish language scholars from the Genoa section of the Institute of Computational Linguistics of Pisa, Italy. (<a href=\"http:\/\/www.ge.ilc.cnr.it\/page.php?ID=dic-cubano&amp;lingua=it\" target=\"_blank\">http:\/\/www.ge.ilc.cnr.it\/page.php?ID=dic-cubano&amp;lingua=it<\/a>).<\/p>\r\n<p style=\"text-align: justify;\"><strong>Project and coordination:<\/strong> Luc\u00eda Marconi, <a href=\".\/clanuevo\/eloina-miyares-bermudez\/\" target=\"_blank\">Elo\u00edna Miyares Berm\u00fadez<\/a>, Daniela Ratti and\u00a0Claudia Rolando<\/p>\r\n<p style=\"text-align: justify;\"><strong>Lexicographic team:<\/strong> Luc\u00eda Marconi, Elo\u00edna Miyares Berm\u00fadez, Daniela Ratti, Claudia Rolando and <a href=\".\/clanuevo\/leonel-ruiz-miyares\/\" target=\"_blank\">Leonel Ruiz Miyares<\/a><\/p>","protected":false},"excerpt":{"rendered":"<p>Summary: This dictionary is based on the Functional Active Vocabulary of Cuban Schoolchildren. This is a reference book for students, teachers and people in general. It addresses spelling, usage of regular and irregular verbs, and other grammatical issues of interest. <a href=\"https:\/\/www.cla.cu\/en\/diccionario-ortografico-del-espanol\/\" class=\"read-more\">Seguir leyendo &#8230;<\/a><\/p>\n","protected":false},"author":1,"featured_media":0,"parent":0,"menu_order":0,"comment_status":"closed","ping_status":"closed","template":"","meta":[],"_links":{"self":[{"href":"https:\/\/www.cla.cu\/en\/wp-json\/wp\/v2\/pages\/877"}],"collection":[{"href":"https:\/\/www.cla.cu\/en\/wp-json\/wp\/v2\/pages"}],"about":[{"href":"https:\/\/www.cla.cu\/en\/wp-json\/wp\/v2\/types\/page"}],"author":[{"embeddable":true,"href":"https:\/\/www.cla.cu\/en\/wp-json\/wp\/v2\/users\/1"}],"replies":[{"embeddable":true,"href":"https:\/\/www.cla.cu\/en\/wp-json\/wp\/v2\/comments?post=877"}],"version-history":[{"count":5,"href":"https:\/\/www.cla.cu\/en\/wp-json\/wp\/v2\/pages\/877\/revisions"}],"predecessor-version":[{"id":1309,"href":"https:\/\/www.cla.cu\/en\/wp-json\/wp\/v2\/pages\/877\/revisions\/1309"}],"wp:attachment":[{"href":"https:\/\/www.cla.cu\/en\/wp-json\/wp\/v2\/media?parent=877"}],"curies":[{"name":"wp","href":"https:\/\/api.w.org\/{rel}","templated":true}]}}