{"id":871,"date":"2016-10-24T12:59:41","date_gmt":"2016-10-24T12:59:41","guid":{"rendered":"http:\/\/localhost\/wordpress\/?page_id=871"},"modified":"2018-09-25T20:28:56","modified_gmt":"2018-09-25T20:28:56","slug":"diccionario-escolar-ilustrado","status":"publish","type":"page","link":"https:\/\/www.cla.cu\/en\/diccionario-escolar-ilustrado\/","title":{"rendered":"Illustrated School Dictionary"},"content":{"rendered":"<p style=\"text-align: justify;\"><strong><a href=\"http:\/\/www.cla.cu\/clanuevo\/wp-content\/uploads\/2016\/06\/cubierta-diccionario-escolar-ilustrado_0.jpg\"><img class=\"alignleft wp-image-697 size-full\" src=\"http:\/\/www.cla.cu\/clanuevo\/wp-content\/uploads\/2016\/06\/cubierta-diccionario-escolar-ilustrado_0.jpg\" alt=\"\" width=\"82\" height=\"120\" \/><\/a>Summary<\/strong>: This dictionary is compiled on the basis of the study entitled <em>Functional Active Vocabulary of Cuban Schoolchildren<\/em> (corpus: 700,000 words from 7,000 compositions from across Cuba). The dictionary is aimed at familiarizing second and fourth grade children with the use of this necessary and important pedagogical tool to develop their vocabulary. In entries, the letters that can make spelling tricky are highlighted in red to help students assimilate correct spelling patterns through visual perception.The dictionary comprises about 2,000 entries with simple definitions, which are easy to understand by children. It includes over 500 colour illustrations to help students learn the meaning of each word. The dictionary was published in 1998 by the Editorial Oriente of Santiago de Cuba and Ediciones Libertarias of Madrid, Spain. In 1998, the dictionary won an <strong>Outstanding Work<\/strong> award at the <strong>12th National Science and Technology Symposium<\/strong>. Five scientific articles on the dictionary have been published in various journals.<\/p>\r\n<p style=\"text-align: justify;\"><strong>Director<\/strong>: <a href=\".\/clanuevo\/eloina-miyares-bermudez\/\" target=\"_blank\">Elo\u00edna Miyares Berm\u00fadez<\/a><\/p>\r\n<p style=\"text-align: justify;\"><strong>General coordinator: <\/strong><a href=\".\/clanuevo\/julio-vitelio-ruiz-hernandez\/\" target=\"_blank\">Julio Vitelio Ruiz Hern\u00e1ndez<\/a><\/p>\r\n<p style=\"text-align: justify;\"><strong>Lexicographic team: <\/strong><a href=\".\/clanuevo\/eloina-miyares-bermudez\/\" target=\"_blank\">Elo\u00edna Miyares Berm\u00fadez<\/a>, <a href=\".\/clanuevo\/nancy-cristina-alamo-suarez\/\" target=\"_blank\">Nancy \u00c1lamo Su\u00e1rez<\/a>, Celia P\u00e9rez Marqu\u00e9s and Katia Gonz\u00e1lez Heredia<\/p>\r\n<p style=\"text-align: justify;\"><strong>Computational linguistics<\/strong>: <a href=\".\/clanuevo\/leonel-ruiz-miyares\/\" target=\"_blank\">Leonel Ruiz Miyares<\/a> and Celia \u00c1lvarez Moreno<\/p>","protected":false},"excerpt":{"rendered":"<p>Summary: This dictionary is compiled on the basis of the study entitled Functional Active Vocabulary of Cuban Schoolchildren (corpus: 700,000 words from 7,000 compositions from across Cuba). The dictionary is aimed at familiarizing second and fourth grade children with the <a href=\"https:\/\/www.cla.cu\/en\/diccionario-escolar-ilustrado\/\" class=\"read-more\">Seguir leyendo &#8230;<\/a><\/p>\n","protected":false},"author":1,"featured_media":0,"parent":0,"menu_order":0,"comment_status":"closed","ping_status":"closed","template":"","meta":[],"_links":{"self":[{"href":"https:\/\/www.cla.cu\/en\/wp-json\/wp\/v2\/pages\/871"}],"collection":[{"href":"https:\/\/www.cla.cu\/en\/wp-json\/wp\/v2\/pages"}],"about":[{"href":"https:\/\/www.cla.cu\/en\/wp-json\/wp\/v2\/types\/page"}],"author":[{"embeddable":true,"href":"https:\/\/www.cla.cu\/en\/wp-json\/wp\/v2\/users\/1"}],"replies":[{"embeddable":true,"href":"https:\/\/www.cla.cu\/en\/wp-json\/wp\/v2\/comments?post=871"}],"version-history":[{"count":3,"href":"https:\/\/www.cla.cu\/en\/wp-json\/wp\/v2\/pages\/871\/revisions"}],"predecessor-version":[{"id":1310,"href":"https:\/\/www.cla.cu\/en\/wp-json\/wp\/v2\/pages\/871\/revisions\/1310"}],"wp:attachment":[{"href":"https:\/\/www.cla.cu\/en\/wp-json\/wp\/v2\/media?parent=871"}],"curies":[{"name":"wp","href":"https:\/\/api.w.org\/{rel}","templated":true}]}}