{"id":300,"date":"2016-06-13T15:49:08","date_gmt":"2016-06-13T15:49:08","guid":{"rendered":"http:\/\/localhost\/wordpress\/?page_id=300"},"modified":"2023-10-11T15:02:26","modified_gmt":"2023-10-11T15:02:26","slug":"administracion","status":"publish","type":"page","link":"https:\/\/www.cla.cu\/en\/administracion\/","title":{"rendered":"Administraci\u00f3n"},"content":{"rendered":"<div class=\"art-Post\">\r\n<div class=\"art-Post-body\">\r\n<div class=\"art-Post-inner\">\r\n<div class=\"art-PostMetadataHeader\">\r\n<h2 class=\"art-PostHeaderIcon-wrapper\"><span class=\"art-PostHeader\"><a href=\".\/clanuevo\/leonel-ruiz-miyares\/\">Leonel Ruiz Miyares<\/a><\/span><\/h2>\r\n<\/div>\r\n<div class=\"art-PostContent\">\r\n<div class=\"art-article\">\r\n<div class=\"field field-type-filefield field-field-foto\">\r\n<div class=\"field-items\">\r\n<div class=\"field-item odd\"><a href=\"http:\/\/www.cla.cu\/clanuevo\/wp-content\/uploads\/2016\/06\/Leonel1_0.jpg\"><img class=\"alignnone wp-image-731\" src=\"http:\/\/www.cla.cu\/clanuevo\/wp-content\/uploads\/2016\/06\/Leonel1_0.jpg\" alt=\"\" width=\"137\" height=\"139\" \/><\/a><\/div>\r\n<\/div>\r\n<\/div>\r\n<div class=\"field field-type-text field-field-email\">\r\n<div class=\"field-label\">Correo electr\u00f3nico:<\/div>\r\n<div class=\"field-items\">\r\n<div class=\"field-item odd\">\r\n\r\n<a href=\"mailto:leonel@lingapli.ciges.inf.cu\">leonel@lingapli.ciges.inf.cu<\/a>\r\n\r\n<\/div>\r\n<\/div>\r\n<\/div>\r\n<div class=\"field field-type-text field-field-occupy\">\r\n<div class=\"field-items\">\r\n<div class=\"field-item odd\">\r\n<div class=\"field-label-inline-first\">Cargo:<\/div>\r\nDirector\r\n\r\n<\/div>\r\n<\/div>\r\n<\/div>\r\n<div class=\"field field-type-text field-field-titulo-anno\">\r\n<div class=\"field-label\">T\u00edtulos:<\/div>\r\n<div class=\"field-items\">\r\n<div class=\"field-item odd\">\r\n<ul>\r\n\t<li class=\"rtejustify\">- Ingeniero en M\u00e1quinas Computadoras Electr\u00f3nicas, 1986.<\/li>\r\n\t<li class=\"rtejustify\">- Doctor en Ciencias T\u00e9cnicas, 2001.<\/li>\r\n\t<li class=\"rtejustify\">- Investigador Titular, 2005.<\/li>\r\n<\/ul>\r\n<\/div>\r\n<\/div>\r\n<\/div>\r\n<\/div>\r\n<\/div>\r\n<div class=\"cleared\">\r\n<h2 class=\"art-PostHeaderIcon-wrapper\"><span class=\"art-PostHeader\"><a href=\".\/clanuevo\/angel-maqueira-arocha\/\">Angel Maqueira Arocha<\/a><\/span><\/h2>\r\n<div class=\"art-Post-body\">\r\n<div class=\"art-Post-inner\">\r\n<div class=\"art-PostContent\">\r\n<div class=\"art-article\">\r\n<div class=\"field field-type-filefield field-field-foto\">\r\n<div class=\"field-items\">\r\n<div class=\"field-item odd\"><a href=\"http:\/\/www.cla.cu\/clanuevo\/wp-content\/uploads\/2016\/06\/Ang_0.png\"><img class=\"alignnone wp-image-726\" src=\"http:\/\/www.cla.cu\/clanuevo\/wp-content\/uploads\/2016\/06\/Ang_0.png\" alt=\"\" width=\"145\" height=\"120\" \/><\/a><\/div>\r\n<\/div>\r\n<\/div>\r\n<div class=\"field field-type-text field-field-email\">\r\n<div class=\"field-label\">Correo electr\u00f3nico:<\/div>\r\n<div class=\"field-items\">\r\n<div class=\"field-item odd\">\r\n\r\n<a href=\"mailto:angel@cla.ciges.inf.cu\">angel@cla.ciges.inf.cu<\/a>\r\n\r\n<\/div>\r\n<\/div>\r\n<\/div>\r\n<div class=\"field field-type-text field-field-occupy\">\r\n<div class=\"field-items\">\r\n<div class=\"cleared\">\r\n<div class=\"field-label-inline-first\">Cargo:<\/div>\r\nAdministrador\r\n\r\n<header class=\"entry-header\">\r\n<h1 class=\"entry-title\"><sup><a href=\"http:\/\/www.cla.cu\/clanuevo\/2019\/05\/29\/dareleina-tellez-gorguet\/\">Dareleina T\u00e9llez Gorg\u00fcet<\/a><\/sup><\/h1>\r\n<a href=\"http:\/\/www.cla.cu\/clanuevo\/wp-content\/uploads\/2016\/06\/DSC_1699.jpg\"><img class=\"alignnone wp-image-1532\" src=\"http:\/\/www.cla.cu\/clanuevo\/wp-content\/uploads\/2016\/06\/DSC_1699-214x300.jpg\" alt=\"DSC_1699\" width=\"140\" height=\"196\" \/><\/a>\r\n\r\n<\/header>\r\n<div class=\"entry-content\">\r\n<div class=\"field field-type-text field-field-email\">\r\n<div class=\"field-label\">Correo electr\u00f3nico:<\/div>\r\n<div class=\"field-items\">\r\n<div class=\"field-item odd\">\r\n\r\n<a href=\"mailto:dareleina@cla.ciges.inf.cu\">dareleina@cla.ciges.inf.cu<\/a>\r\n\r\n<\/div>\r\n<\/div>\r\n<\/div>\r\n<div class=\"field field-type-text field-field-occupy\">\r\n<div class=\"field-items\">\r\n<div class=\"field-item odd\">\r\n<div class=\"field-label-inline-first\">Cargo:<\/div>\r\nT\u00e9cnico A en Gesti\u00f3n de Recursos Humanos\r\n\r\n<\/div>\r\n<\/div>\r\n<\/div>\r\n<\/div>\r\n<h2 class=\"art-PostHeaderIcon-wrapper\"><span class=\"art-PostHeader\"><a href=\".\/clanuevo\/fidelia-pozo-pozo\/\">Fidelia Pozo Pozo<\/a><\/span><\/h2>\r\n<div class=\"art-Post-body\">\r\n<div class=\"art-Post-inner\">\r\n<div class=\"art-PostContent\">\r\n<div class=\"art-article\">\r\n<div class=\"field field-type-filefield field-field-foto\">\r\n<div class=\"field-items\">\r\n<div class=\"field-item odd\"><a href=\"http:\/\/www.cla.cu\/clanuevo\/wp-content\/uploads\/2016\/06\/Fidelia1_0.jpg\"><img class=\"alignnone wp-image-729\" src=\"http:\/\/www.cla.cu\/clanuevo\/wp-content\/uploads\/2016\/06\/Fidelia1_0.jpg\" alt=\"\" width=\"160\" height=\"138\" \/><\/a><\/div>\r\n<\/div>\r\n<\/div>\r\n<div class=\"field field-type-text field-field-email\">\r\n<div class=\"field-label\">Correo electr\u00f3nico:<\/div>\r\n<div class=\"field-items\">\r\n<div class=\"field-item odd\">\r\n\r\n<a href=\"mailto:fidelia@cla.ciges.inf.cu\">fidelia@cla.ciges.inf.cu<\/a>\r\n\r\n<\/div>\r\n<\/div>\r\n<\/div>\r\n<div class=\"field field-type-text field-field-occupy\">\r\n<div class=\"field-items\">\r\n<div class=\"cleared\">\r\n<div class=\"field-label-inline-first\">Cargo:<\/div>\r\nEspecialista econ\u00f3mica\r\n<div class=\"art-Post-body\">\r\n<div class=\"art-Post-inner\">\r\n<div class=\"art-PostMetadataHeader\">\r\n<h2 class=\"art-PostHeaderIcon-wrapper\"><span class=\"art-PostHeader\"><a href=\"http:\/\/www.cla.cu\/clanuevo\/2019\/05\/29\/adriana-vinas-dominguez\/\">Adriana Vi\u00f1as Dom\u00ednguez<\/a><\/span><\/h2>\r\n<a href=\"http:\/\/www.cla.cu\/clanuevo\/wp-content\/uploads\/2016\/06\/DSC_1698.jpg\"><img class=\"alignnone wp-image-1531\" src=\"http:\/\/www.cla.cu\/clanuevo\/wp-content\/uploads\/2016\/06\/DSC_1698-214x300.jpg\" alt=\"DSC_1698\" width=\"134\" height=\"188\" \/><\/a>\r\n\r\n<\/div>\r\n<div class=\"art-PostContent\">\r\n<div class=\"art-article\">\r\n<div class=\"field field-type-text field-field-email\">\r\n<div class=\"field-label\">Correo electr\u00f3nico:<\/div>\r\n<div class=\"field-items\">\r\n<div class=\"field-item odd\">\r\n\r\n<a href=\"mailto:adriana@cla.ciges.inf.cu\">adriana@cla.ciges.inf.cu<\/a>\r\n\r\n<\/div>\r\n<\/div>\r\n<\/div>\r\n<div class=\"field field-type-text field-field-occupy\">\r\n<div class=\"field-items\">\r\n<div class=\"field-item odd\">\r\n<div class=\"field-label-inline-first\">Cargo:<\/div>\r\nSecretaria ejecutiva\r\n<div class=\"art-Post-body\">\r\n<div class=\"art-Post-inner\">\r\n<div class=\"art-PostMetadataHeader\">\r\n<h2 class=\"art-PostHeaderIcon-wrapper\"><span class=\"art-PostHeader\"><a title=\"Caridad Rosabal Estrada\" href=\".\/clanuevo\/caridad-rosabal-estrada\/\">Caridad Rosabal Estrada<\/a><\/span><\/h2>\r\n<\/div>\r\n<div class=\"art-PostContent\">\r\n<div class=\"art-article\">\r\n<div class=\"field field-type-filefield field-field-foto\">\r\n<div class=\"field-items\">\r\n<div class=\"field-item odd\"><a href=\"http:\/\/www.cla.cu\/clanuevo\/wp-content\/uploads\/2016\/06\/Cary_1.png\"><img class=\"alignnone wp-image-727 size-full\" src=\"http:\/\/www.cla.cu\/clanuevo\/wp-content\/uploads\/2016\/06\/Cary_1.png\" alt=\"\" width=\"175\" height=\"200\" \/><\/a><\/div>\r\n<\/div>\r\n<\/div>\r\n<div class=\"field field-type-text field-field-occupy\">\r\n<div class=\"field-items\">\r\n<div class=\"field-item odd\">\r\n<div class=\"field-label-inline-first\">Cargo:<\/div>\r\nAuxiliar General de Servicios\r\n\r\n<\/div>\r\n<\/div>\r\n<\/div>\r\n<\/div>\r\n<\/div>\r\n<\/div>\r\n<\/div>\r\n<\/div>\r\n<\/div>\r\n<\/div>\r\n<\/div>\r\n<\/div>\r\n<\/div>\r\n<\/div>\r\n<\/div>\r\n<\/div>\r\n<\/div>\r\n<\/div>\r\n<\/div>\r\n<\/div>\r\n<\/div>\r\n<\/div>\r\n<\/div>\r\n<\/div>\r\n<\/div>\r\n<\/div>\r\n<\/div>\r\n<\/div>\r\n<\/div>\r\n<\/div>\r\n<\/div>\r\n<\/div>","protected":false},"excerpt":{"rendered":"<p>Leonel Ruiz Miyares Correo electr\u00f3nico: leonel@lingapli.ciges.inf.cu Cargo: Director T\u00edtulos: &#8211; Ingeniero en M\u00e1quinas Computadoras Electr\u00f3nicas, 1986. &#8211; Doctor en Ciencias T\u00e9cnicas, 2001. &#8211; Investigador Titular, 2005. Angel Maqueira Arocha Correo electr\u00f3nico: angel@cla.ciges.inf.cu Cargo: Administrador Dareleina T\u00e9llez Gorg\u00fcet Correo electr\u00f3nico: dareleina@cla.ciges.inf.cu <a href=\"https:\/\/www.cla.cu\/en\/administracion\/\" class=\"read-more\">Seguir leyendo &#8230;<\/a><\/p>\n","protected":false},"author":1,"featured_media":0,"parent":0,"menu_order":0,"comment_status":"closed","ping_status":"closed","template":"","meta":[],"_links":{"self":[{"href":"https:\/\/www.cla.cu\/en\/wp-json\/wp\/v2\/pages\/300"}],"collection":[{"href":"https:\/\/www.cla.cu\/en\/wp-json\/wp\/v2\/pages"}],"about":[{"href":"https:\/\/www.cla.cu\/en\/wp-json\/wp\/v2\/types\/page"}],"author":[{"embeddable":true,"href":"https:\/\/www.cla.cu\/en\/wp-json\/wp\/v2\/users\/1"}],"replies":[{"embeddable":true,"href":"https:\/\/www.cla.cu\/en\/wp-json\/wp\/v2\/comments?post=300"}],"version-history":[{"count":14,"href":"https:\/\/www.cla.cu\/en\/wp-json\/wp\/v2\/pages\/300\/revisions"}],"predecessor-version":[{"id":1769,"href":"https:\/\/www.cla.cu\/en\/wp-json\/wp\/v2\/pages\/300\/revisions\/1769"}],"wp:attachment":[{"href":"https:\/\/www.cla.cu\/en\/wp-json\/wp\/v2\/media?parent=300"}],"curies":[{"name":"wp","href":"https:\/\/api.w.org\/{rel}","templated":true}]}}