{"id":231,"date":"2016-06-03T13:30:21","date_gmt":"2016-06-03T13:30:21","guid":{"rendered":"http:\/\/localhost\/wordpress\/?page_id=231"},"modified":"2018-09-26T16:07:41","modified_gmt":"2018-09-26T16:07:41","slug":"proyectos-actuales","status":"publish","type":"page","link":"https:\/\/www.cla.cu\/en\/proyectos-actuales\/","title":{"rendered":"Current Projects"},"content":{"rendered":"<h2><strong>\u00a0<\/strong><\/h2>\r\n<h2><strong><a href=\"http:\/\/www.cla.cu\/clanuevo\/2018\/06\/27\/sitios-web-del-centro-de-linguistica-aplicada\/\">Sitios web del Centro de Ling\u00fc\u00edstica Aplicada<\/a><\/strong><\/h2>\r\n<p style=\"text-align: justify;\">Categor\u00eda: Proyecto institucional<\/p>\r\n<p style=\"text-align: justify;\">Fecha de terminaci\u00f3n: Diciembre del 2019<\/p>\r\n<p style=\"text-align: justify;\">Resultados y su utilidad: Confecci\u00f3n de los dos sitios web del CLA, seg\u00fan las \u00faltimas t\u00e9cnicas web y actualizarlos en sus contenidos. De esa forma se garantizar\u00e1 la calidad de los mismos y su visibilidad nacional e internacional.<\/p>\r\n\r\n<h2><strong><a href=\"http:\/\/www.cla.cu\/clanuevo\/2018\/06\/27\/caravana-cientifica-municipal-de-linguistica-para-generalizar-en-santiago-de-cuba-los-resultados-del-centro-de-linguistica-aplicada\/\">Caravana cient\u00edfica municipal de ling\u00fc\u00edstica para generalizar en Santiago de Cuba los resultados del Centro de Ling\u00fc\u00edstica Aplicada<\/a><\/strong><\/h2>\r\n<p style=\"text-align: justify;\">Categor\u00eda: Proyecto institucional<\/p>\r\n<p style=\"text-align: justify;\">Fecha de terminaci\u00f3n: Diciembre del 2021<\/p>\r\n<p style=\"text-align: justify;\">Resultados y su utilidad: Continuidad de la generalizaci\u00f3n de resultados cient\u00edficos del CLA en todos los centros estudiantiles del municipio de Santiago de Cuba.<\/p>\r\n\r\n<h2><a href=\"http:\/\/www.cla.cu\/clanuevo\/2018\/06\/27\/implementacion-y-validacion-de-un-curso-ele-niveles-a1-a2\/\"><strong>Implementaci<\/strong><strong>\u00f3n y validaci\u00f3n de un curso ELE <\/strong><strong>(niveles A1-A2)<\/strong><\/a><\/h2>\r\n<p style=\"text-align: justify;\">Categor\u00eda: Proyecto institucional<\/p>\r\n<p style=\"text-align: justify;\">Fecha de terminaci\u00f3n: Diciembre del 2018<\/p>\r\n<p style=\"text-align: justify;\">Resultados y su utilidad: Perfeccionamiento del contenido de los materiales did\u00e1cticos de ELE obtenidos en el proyecto anterior \u00abElaboraci\u00f3n de un curso de espa\u00f1ol como lengua extranjera (ELE) adaptado al contexto cubano (niveles A1 y A2)\u00bb, grabaciones de audio y video relacionadas con los temas de las unidades did\u00e1cticas para la pr\u00e1ctica de la pronunciaci\u00f3n y el mejoramiento de la expresi\u00f3n oral, ampliaci\u00f3n de las ilustraciones e im\u00e1genes para una mayor comprensi\u00f3n de las tareas propuestas en el <em>Libro del alumno<\/em>, incremento de nuevos ejercicios en el cuaderno correspondiente. Todo ello permitir\u00e1 una mayor calidad en el proceso de ense\u00f1anza y aprendizaje del espa\u00f1ol como lengua extranjera y profundizar en el conocimiento de la variante ling\u00fc\u00edstica del espa\u00f1ol de Cuba y de la cultura cubana.<\/p>\r\n\r\n<h2 style=\"text-align: justify;\"><strong><a href=\"http:\/\/www.cla.cu\/clanuevo\/2018\/06\/27\/el-idiolecto-poetico-de-nicolas-guillen\/\">El idiolecto po\u00e9tico de Nicol\u00e1s Guill\u00e9n<\/a><\/strong><\/h2>\r\n<p style=\"text-align: justify;\"><strong>Categor\u00eda:<\/strong> Proyecto institucional<\/p>\r\n<p style=\"text-align: justify;\"><strong>Fecha de terminaci\u00f3n:<\/strong> Diciembre de 2019<\/p>\r\n<p style=\"text-align: justify;\"><strong>Resultados y su utilidad:<\/strong> Se prev\u00e9n como resultados la determinaci\u00f3n del idiolecto po\u00e9tico de Nicol\u00e1s Guill\u00e9n, sus caracter\u00edsticas y uso mediante la evaluaci\u00f3n de la frecuencia del vocabulario empleado por el autor a partir de un programa computacional (ETIPROCT); el an\u00e1lisis ling\u00fc\u00edstico-literario de la obra del poeta, con el objetivo de reconocer la influencia de otros autores precursores cubanos, relacion\u00e1ndolos con su idiolecto; y la elaboraci\u00f3n de una obra cient\u00edfica, consistente en un texto instructivo destinado a profesores y alumnos de las facultades de humanidades en todas las universidades del pa\u00eds, en la cual se presente el idiolecto de Nicol\u00e1s Guill\u00e9n, su descripci\u00f3n y an\u00e1lisis. Ello redundar\u00e1 en un mejor conocimiento por parte de los investigadores literarios, ling\u00fcistas, profesores, escritores y poetas de los aspectos relativos a la personalidad, estilo y caracter\u00edsticas ling\u00fc\u00edsticas de la obra de Nicol\u00e1s Guill\u00e9n, como uno de los m\u00e1ximos exponentes de nuestra cultura nacional.<\/p>\r\n<p style=\"text-align: justify;\"><strong>Autores:<\/strong> <a href=\".\/clanuevo\/leonel-ruiz-miyares\/\">Leonel Ruiz Miyares<\/a>, <a href=\".\/clanuevo\/alex-munoz-alvarado\/\">Alex Mu\u00f1oz Alvarado<\/a>, <a href=\".\/clanuevo\/maria-rosa-alvarez-silva\/\">Maria Rosa Alvarez Silva<\/a> y <a href=\".\/clanuevo\/rolando-urrutia-cleger\/\">Rolando Urrutia Cleger<\/a><\/p>\r\n\r\n<h2 style=\"text-align: justify;\"><strong><a href=\"http:\/\/www.cla.cu\/clanuevo\/2018\/06\/27\/cultura-del-lenguaje-a-traves-de-dos-programas-educativos-de-los-medios-de-comunicacion-saber-andar-y-surtidor-de-cultura\/\">Cultura del lenguaje a trav\u00e9s de dos programas educativos de los medios de comunicaci\u00f3n: Saber andar y Surtidor de cultura<\/a><\/strong><\/h2>\r\n<p style=\"text-align: justify;\"><strong>Categor\u00eda:<\/strong> Proyecto institucional<\/p>\r\n<p style=\"text-align: justify;\"><strong>Fecha de terminaci\u00f3n:<\/strong> Diciembre de 2018<\/p>\r\n<p style=\"text-align: justify;\"><strong>Resultados y su utilidad:<\/strong> Los resultados esperados son noventa emisiones del programa radial <em>Saber andar <\/em>y treinta emisiones del programa televisivo <em>Surtidor de cultura<\/em>. La funci\u00f3n educativa de estos programas y su valor para la formaci\u00f3n de la cultura general integral que necesita nuestro pueblo, particularmente de la cultura idiom\u00e1tica en los escolares, son prop\u00f3sitos del proyecto a fin de garantizar la permanencia de <em>Saber andar<\/em> y <em>Surtidor de cultura<\/em> en la radio y la televisi\u00f3n, respectivamente, como v\u00edas de divulgaci\u00f3n de la norma prescriptiva actual del espa\u00f1ol, consensuada por las academias de la lengua, en conjunci\u00f3n arm\u00f3nica con la identidad ling\u00fc\u00edstica de la variante cubana del espa\u00f1ol, y como veh\u00edculos de conocimientos generales de todas las ramas del saber.<\/p>\r\n<p style=\"text-align: justify;\"><strong>Autores:<\/strong> <a href=\".\/clanuevo\/leonel-ruiz-miyares\/\">Leonel Ruiz Miyares<\/a>, <a href=\".\/clanuevo\/alex-munoz-alvarado\/\">Alex Mu\u00f1oz Alvarado<\/a> y <a href=\".\/clanuevo\/daileen-jackson-rodriguez\/\">Daileen Jackson Rodr\u00edguez<\/a><\/p>\r\n\r\n<h2 style=\"text-align: justify;\"><strong><a href=\"http:\/\/www.cla.cu\/clanuevo\/2018\/06\/27\/corpus-del-espanol-de-cuba-cecu-1995-2014\/\">Corpus del espa\u00f1ol de Cuba (CECu: 1995-2014)<\/a><\/strong><\/h2>\r\n<p style=\"text-align: justify;\"><strong>Categor\u00eda:<\/strong> Tarea de colaboraci\u00f3n con el Instituto de Literatura y Ling\u00fc\u00edstica \u201cJos\u00e9 Antonio Portuondo\u201d y la empresa DATyS.<\/p>\r\n<p style=\"text-align: justify;\"><strong>Fecha de terminaci\u00f3n:<\/strong> Diciembre de 2018<\/p>\r\n<p style=\"text-align: justify;\"><strong>Resultados y su utilidad:<\/strong> a) Obtenci\u00f3n del corpus del espa\u00f1ol de Cuba. b) Profundizar en la sintaxis y gram\u00e1tica del espa\u00f1ol de Cuba. c) Conocer el l\u00e9xico del espa\u00f1ol de Cuba. d) Saber con mayor precisi\u00f3n las caracter\u00edsticas de la variante cubana del espa\u00f1ol en diferentes regiones del pa\u00eds. e) Verificar el uso de una palabra espec\u00edfica de la variante cubana del espa\u00f1ol. f) Redactar ejemplos para diccionarios cubanos. g) Realizar entrenamientos de sistemas computacionales de Procesamiento de Lenguaje Natural o Ling\u00fc\u00edstica Computacional, etc.<\/p>\r\n<p style=\"text-align: justify;\"><strong>Autores:<\/strong> <em><a href=\".\/clanuevo\/leonel-ruiz-miyares\/\">Leonel Ruiz Miyares<\/a>, <a href=\".\/clanuevo\/alex-munoz-alvarado\/\">Alex Mu\u00f1oz Alvarado<\/a>, <a href=\".\/clanuevo\/mileidis-quintana-polanco\/\">Mileidis Quintana Polanco<\/a>, <a href=\".\/clanuevo\/daileen-jackson-rodriguez\/\">Daileen Jackson Rodr\u00edguez<\/a>,<\/em> <a href=\".\/clanuevo\/javier-tamayo-lozada\/\">Javier Tamayo Lozada<\/a> y <a href=\".\/clanuevo\/rolando-urrutia-cleger\/\">Rolando Urrutia Cleger<\/a><\/p>\r\n<p style=\"text-align: justify;\"><\/p>","protected":false},"excerpt":{"rendered":"<p>\u00a0 Sitios web del Centro de Ling\u00fc\u00edstica Aplicada Categor\u00eda: Proyecto institucional Fecha de terminaci\u00f3n: Diciembre del 2019 Resultados y su utilidad: Confecci\u00f3n de los dos sitios web del CLA, seg\u00fan las \u00faltimas t\u00e9cnicas web y actualizarlos en sus contenidos. De <a href=\"https:\/\/www.cla.cu\/en\/proyectos-actuales\/\" class=\"read-more\">Seguir leyendo &#8230;<\/a><\/p>\n","protected":false},"author":1,"featured_media":0,"parent":0,"menu_order":0,"comment_status":"closed","ping_status":"closed","template":"","meta":[],"_links":{"self":[{"href":"https:\/\/www.cla.cu\/en\/wp-json\/wp\/v2\/pages\/231"}],"collection":[{"href":"https:\/\/www.cla.cu\/en\/wp-json\/wp\/v2\/pages"}],"about":[{"href":"https:\/\/www.cla.cu\/en\/wp-json\/wp\/v2\/types\/page"}],"author":[{"embeddable":true,"href":"https:\/\/www.cla.cu\/en\/wp-json\/wp\/v2\/users\/1"}],"replies":[{"embeddable":true,"href":"https:\/\/www.cla.cu\/en\/wp-json\/wp\/v2\/comments?post=231"}],"version-history":[{"count":24,"href":"https:\/\/www.cla.cu\/en\/wp-json\/wp\/v2\/pages\/231\/revisions"}],"predecessor-version":[{"id":1336,"href":"https:\/\/www.cla.cu\/en\/wp-json\/wp\/v2\/pages\/231\/revisions\/1336"}],"wp:attachment":[{"href":"https:\/\/www.cla.cu\/en\/wp-json\/wp\/v2\/media?parent=231"}],"curies":[{"name":"wp","href":"https:\/\/api.w.org\/{rel}","templated":true}]}}