{"id":996,"date":"2016-11-02T12:55:14","date_gmt":"2016-11-02T12:55:14","guid":{"rendered":"http:\/\/localhost\/wordpress\/?page_id=996"},"modified":"2016-11-02T12:55:14","modified_gmt":"2016-11-02T12:55:14","slug":"estudio-de-la-presencia-de-errores-ortograficos-en-alumnos-de-6to-9no-y-12-grados","status":"publish","type":"page","link":"https:\/\/www.cla.cu\/clanuevo\/es\/estudio-de-la-presencia-de-errores-ortograficos-en-alumnos-de-6to-9no-y-12-grados\/","title":{"rendered":"Estudio de la presencia de errores ortogr\u00e1ficos en alumnos de 6to, 9no. y 12 grados"},"content":{"rendered":"<p style=\"text-align: justify;\">Categor\u00eda: Proyecto asociado a programa<\/p>\r\n<p style=\"text-align: justify;\">Fecha de terminaci\u00f3n: Diciembre de 2015<\/p>\r\n<p style=\"text-align: justify;\">Resultados y su utilidad: a) Los alumnos de 12mo. grado poseen el mejor coeficiente de error ortogr\u00e1fico. b) Los estudiantes de 9no. grado son los que m\u00e1s problemas ortogr\u00e1ficos presentan, aunque su coeficiente de error ortogr\u00e1fico sea ligeramente inferior al de 6to. grado. c) Los maestros y profesores deben trabajar con mayor \u00e9nfasis en la correcta acentuaci\u00f3n de las palabras y en el uso correcto del correlato grafem\u00e1tico &lt;s, c, x, z&gt; del fonema \/s\/. d) Al observar en este estudio los grandes problemas que tienen los alumnos con la acentuaci\u00f3n, se podr\u00eda considerar en un futuro incluir dentro de la clasificaci\u00f3n de los tipos de errores ortogr\u00e1ficos, el tipo de error denominado <em>Acentuaci\u00f3n incorrecta<\/em> y as\u00ed distinguirlo del tipo de error <em>Cambio de grafema<\/em>. e) En todos los grados las hembras tuvieron mejor ortograf\u00eda que los varones. f) Esta investigaci\u00f3n refuerza la importancia de la sistematicidad en el estudio de la ortograf\u00eda en todos los niveles de ense\u00f1anza y en la esfera familiar.<\/p>","protected":false},"excerpt":{"rendered":"<p>Categor\u00eda: Proyecto asociado a programa Fecha de terminaci\u00f3n: Diciembre de 2015 Resultados y su utilidad: a) Los alumnos de 12mo. grado poseen el mejor coeficiente de error ortogr\u00e1fico. b) Los estudiantes de 9no. grado son los que m\u00e1s problemas ortogr\u00e1ficos <a href=\"https:\/\/www.cla.cu\/clanuevo\/es\/estudio-de-la-presencia-de-errores-ortograficos-en-alumnos-de-6to-9no-y-12-grados\/\" class=\"read-more\">Seguir leyendo &#8230;<\/a><\/p>\n","protected":false},"author":1,"featured_media":0,"parent":0,"menu_order":0,"comment_status":"closed","ping_status":"closed","template":"","meta":[],"_links":{"self":[{"href":"https:\/\/www.cla.cu\/clanuevo\/es\/wp-json\/wp\/v2\/pages\/996"}],"collection":[{"href":"https:\/\/www.cla.cu\/clanuevo\/es\/wp-json\/wp\/v2\/pages"}],"about":[{"href":"https:\/\/www.cla.cu\/clanuevo\/es\/wp-json\/wp\/v2\/types\/page"}],"author":[{"embeddable":true,"href":"https:\/\/www.cla.cu\/clanuevo\/es\/wp-json\/wp\/v2\/users\/1"}],"replies":[{"embeddable":true,"href":"https:\/\/www.cla.cu\/clanuevo\/es\/wp-json\/wp\/v2\/comments?post=996"}],"version-history":[{"count":1,"href":"https:\/\/www.cla.cu\/clanuevo\/es\/wp-json\/wp\/v2\/pages\/996\/revisions"}],"predecessor-version":[{"id":997,"href":"https:\/\/www.cla.cu\/clanuevo\/es\/wp-json\/wp\/v2\/pages\/996\/revisions\/997"}],"wp:attachment":[{"href":"https:\/\/www.cla.cu\/clanuevo\/es\/wp-json\/wp\/v2\/media?parent=996"}],"curies":[{"name":"wp","href":"https:\/\/api.w.org\/{rel}","templated":true}]}}