{"id":992,"date":"2016-11-02T12:53:22","date_gmt":"2016-11-02T12:53:22","guid":{"rendered":"http:\/\/localhost\/wordpress\/?page_id=992"},"modified":"2016-11-02T12:53:22","modified_gmt":"2016-11-02T12:53:22","slug":"remanentes-linguisticos-africanos-en-el-espanol-de-la-ciudad-de-santiago-de-cuba","status":"publish","type":"page","link":"https:\/\/www.cla.cu\/clanuevo\/es\/remanentes-linguisticos-africanos-en-el-espanol-de-la-ciudad-de-santiago-de-cuba\/","title":{"rendered":"Remanentes ling\u00fc\u00edsticos africanos en el espa\u00f1ol de la ciudad de Santiago de Cuba"},"content":{"rendered":"<p style=\"text-align: justify;\">Categor\u00eda: Proyecto institucional<\/p>\r\n<p style=\"text-align: justify;\">Fecha de terminaci\u00f3n: Julio de 2015<\/p>\r\n<p style=\"text-align: justify;\">Resultados y su utilidad: Los resultados alcanzados son la determinaci\u00f3n del contexto socio-hist\u00f3rico cultural de la zona escogida, el estudio del l\u00e9xico de origen africano tomando en cuenta las variables extraling\u00fc\u00edsticas que afectan a los informantes y un glosario de remanentes ling\u00fc\u00edsticos africanos vigentes en el espa\u00f1ol hablado en la ciudad de Santiago de Cuba. La introducci\u00f3n de estos resultados mediante cursos de pregrado y posgrado en los centros de ense\u00f1anza superior contribuir\u00e1 a un mayor conocimiento de la lengua materna, como elemento de cultura, y a afianzar el sentimiento de identidad. Ser\u00e1 de utilidad para estudiantes y profesores de facultades de Humanidades de los centros de educaci\u00f3n superior y tambi\u00e9n para investigadores de ciencias sociales y human\u00edsticas.<\/p>","protected":false},"excerpt":{"rendered":"<p>Categor\u00eda: Proyecto institucional Fecha de terminaci\u00f3n: Julio de 2015 Resultados y su utilidad: Los resultados alcanzados son la determinaci\u00f3n del contexto socio-hist\u00f3rico cultural de la zona escogida, el estudio del l\u00e9xico de origen africano tomando en cuenta las variables extraling\u00fc\u00edsticas <a href=\"https:\/\/www.cla.cu\/clanuevo\/es\/remanentes-linguisticos-africanos-en-el-espanol-de-la-ciudad-de-santiago-de-cuba\/\" class=\"read-more\">Seguir leyendo &#8230;<\/a><\/p>\n","protected":false},"author":1,"featured_media":0,"parent":0,"menu_order":0,"comment_status":"closed","ping_status":"closed","template":"","meta":[],"_links":{"self":[{"href":"https:\/\/www.cla.cu\/clanuevo\/es\/wp-json\/wp\/v2\/pages\/992"}],"collection":[{"href":"https:\/\/www.cla.cu\/clanuevo\/es\/wp-json\/wp\/v2\/pages"}],"about":[{"href":"https:\/\/www.cla.cu\/clanuevo\/es\/wp-json\/wp\/v2\/types\/page"}],"author":[{"embeddable":true,"href":"https:\/\/www.cla.cu\/clanuevo\/es\/wp-json\/wp\/v2\/users\/1"}],"replies":[{"embeddable":true,"href":"https:\/\/www.cla.cu\/clanuevo\/es\/wp-json\/wp\/v2\/comments?post=992"}],"version-history":[{"count":1,"href":"https:\/\/www.cla.cu\/clanuevo\/es\/wp-json\/wp\/v2\/pages\/992\/revisions"}],"predecessor-version":[{"id":993,"href":"https:\/\/www.cla.cu\/clanuevo\/es\/wp-json\/wp\/v2\/pages\/992\/revisions\/993"}],"wp:attachment":[{"href":"https:\/\/www.cla.cu\/clanuevo\/es\/wp-json\/wp\/v2\/media?parent=992"}],"curies":[{"name":"wp","href":"https:\/\/api.w.org\/{rel}","templated":true}]}}