{"id":990,"date":"2016-11-02T12:23:04","date_gmt":"2016-11-02T12:23:04","guid":{"rendered":"http:\/\/localhost\/wordpress\/?page_id=990"},"modified":"2016-11-02T12:23:04","modified_gmt":"2016-11-02T12:23:04","slug":"diccionario-auditivo-para-invidentes","status":"publish","type":"page","link":"https:\/\/www.cla.cu\/clanuevo\/es\/diccionario-auditivo-para-invidentes\/","title":{"rendered":"Diccionario auditivo para invidentes"},"content":{"rendered":"<p style=\"text-align: justify;\">Categor\u00eda: Proyecto institucional<\/p>\r\n<p style=\"text-align: justify;\">Fecha de terminaci\u00f3n: Diciembre de 2015<\/p>\r\n<p style=\"text-align: justify;\">Resultados y su utilidad: El resultado consisti\u00f3 en una aplicaci\u00f3n inform\u00e1tica que permite a ciegos y d\u00e9biles visuales consultar un diccionario did\u00e1ctico de 10 522 entradas, cuyo contenido se ofrece mediante la reproducci\u00f3n oral en voces de profesionales de la locuci\u00f3n, permitiendo escuchar el significado de diferentes palabras con solo escribirlas. La introducci\u00f3n de este resultado en todas las filiales provinciales de la Asociaci\u00f3n Nacional del Ciego (ANCI) mediante una caravana cient\u00edfica que llevar\u00e1 a cabo el CLA por todo el pa\u00eds contribuir\u00e1 a un mayor conocimiento de la lengua materna por parte de las personas con deficiencias visuales y, por consiguiente, a su superaci\u00f3n cultural. Ya est\u00e1 listo el instalador de la aplicaci\u00f3n, que comenz\u00f3 a distribuirse en centros de la provincia Santiago de Cuba: Direcci\u00f3n Provincial de la ANCI (Santiago de Cuba), Escuela Pedag\u00f3gica de Versalles, Escuela Especial de Ciegos y Baja Visi\u00f3n Antonio Fern\u00e1ndez Le\u00f3n, Biblioteca Provincial Elvira Cape.<\/p>","protected":false},"excerpt":{"rendered":"<p>Categor\u00eda: Proyecto institucional Fecha de terminaci\u00f3n: Diciembre de 2015 Resultados y su utilidad: El resultado consisti\u00f3 en una aplicaci\u00f3n inform\u00e1tica que permite a ciegos y d\u00e9biles visuales consultar un diccionario did\u00e1ctico de 10 522 entradas, cuyo contenido se ofrece mediante <a href=\"https:\/\/www.cla.cu\/clanuevo\/es\/diccionario-auditivo-para-invidentes\/\" class=\"read-more\">Seguir leyendo &#8230;<\/a><\/p>\n","protected":false},"author":1,"featured_media":0,"parent":0,"menu_order":0,"comment_status":"closed","ping_status":"closed","template":"","meta":[],"_links":{"self":[{"href":"https:\/\/www.cla.cu\/clanuevo\/es\/wp-json\/wp\/v2\/pages\/990"}],"collection":[{"href":"https:\/\/www.cla.cu\/clanuevo\/es\/wp-json\/wp\/v2\/pages"}],"about":[{"href":"https:\/\/www.cla.cu\/clanuevo\/es\/wp-json\/wp\/v2\/types\/page"}],"author":[{"embeddable":true,"href":"https:\/\/www.cla.cu\/clanuevo\/es\/wp-json\/wp\/v2\/users\/1"}],"replies":[{"embeddable":true,"href":"https:\/\/www.cla.cu\/clanuevo\/es\/wp-json\/wp\/v2\/comments?post=990"}],"version-history":[{"count":1,"href":"https:\/\/www.cla.cu\/clanuevo\/es\/wp-json\/wp\/v2\/pages\/990\/revisions"}],"predecessor-version":[{"id":991,"href":"https:\/\/www.cla.cu\/clanuevo\/es\/wp-json\/wp\/v2\/pages\/990\/revisions\/991"}],"wp:attachment":[{"href":"https:\/\/www.cla.cu\/clanuevo\/es\/wp-json\/wp\/v2\/media?parent=990"}],"curies":[{"name":"wp","href":"https:\/\/api.w.org\/{rel}","templated":true}]}}