{"id":969,"date":"2016-11-01T19:52:30","date_gmt":"2016-11-01T19:52:30","guid":{"rendered":"http:\/\/localhost\/wordpress\/?page_id=969"},"modified":"2019-06-27T20:14:40","modified_gmt":"2019-06-27T20:14:40","slug":"participan-5-investigadores-del-cla-en-evento-de-la-universidad-pedagogica-santiaguera","status":"publish","type":"page","link":"https:\/\/www.cla.cu\/clanuevo\/es\/participan-5-investigadores-del-cla-en-evento-de-la-universidad-pedagogica-santiaguera\/","title":{"rendered":"Participan 5 investigadores del CLA en evento de la Universidad Pedag\u00f3gica santiaguera"},"content":{"rendered":"<p style=\"text-align: justify;\"><a href=\"http:\/\/www.cla.cu\/clanuevo\/wp-content\/uploads\/2016\/11\/DSCN3424.jpg\"><img class=\"alignleft wp-image-971 size-medium\" src=\"http:\/\/www.cla.cu\/clanuevo\/wp-content\/uploads\/2016\/11\/DSCN3424-300x222.jpg\" alt=\"DSCN3424\" width=\"300\" height=\"222\" \/><\/a>La Dra. Celia P\u00e9rez Marqu\u00e9s, la MSc. Mileidis Quintana Polanco, la Lic. Yamilka P\u00e9rez Joa, la Lic. Daileen Jackson Rodr\u00edguez y el Ing. Bladimir Cuello La O participaron en el <strong>VIII Taller Provincial \"Lengua y Comunicaci\u00f3n\", LENCOM 2013,<\/strong> evento auspiciado por la Universidad de Ciencias Pedag\u00f3gicas \"Frank Pa\u00eds Garc\u00eda\" de Santiago de Cuba y celebrado en su sede del 25 al 26 de abril del 2013.<\/p>\r\n<p style=\"text-align: justify;\">Con la presencia de prestigiosos profesores de dicha instituci\u00f3n y la conferencia inaugural titulada \"Evaluador Multiling\u00fce de Textos: EVAMTEX\" presentada por el MSc. Daniel Castro Castro, de la empresa DATyS, el evento se caracteriz\u00f3 por el fruct\u00edfero intercambio entre investigadores. Hay que resaltar que en el proyecto EVAMTEX, el Centro de Ling\u00fc\u00edstica Aplicada tuvo una importante participaci\u00f3n.<\/p>\r\n<p style=\"text-align: justify;\">La presentaci\u00f3n de diversos trabajos tanto ling\u00fc\u00edsticos como de corte comunicativo fue el principal motivo para propiciar el entendimiento y la discusi\u00f3n cient\u00edfica entre los presentes.<\/p>\r\n<p style=\"text-align: justify;\">La direcci\u00f3n del evento destac\u00f3 la presencia de los investigadores del CLA, quienes se comprometieron a participar en su pr\u00f3xima edici\u00f3n. <strong>(Mayo del 2013).<\/strong><\/p>\r\n<a href=\"http:\/\/www.cla.cu\/clanuevo\/wp-content\/uploads\/2016\/11\/DSCN3430.jpg\"><img class=\"alignnone wp-image-972\" src=\".\/clanuevo\/wp-content\/uploads\/2016\/11\/DSCN3430-300x282.jpg\" alt=\"DSCN3430\" width=\"224\" height=\"211\" \/><\/a> <a href=\"http:\/\/www.cla.cu\/clanuevo\/wp-content\/uploads\/2016\/11\/DSCN3418.jpg\"><img class=\"alignnone wp-image-970\" src=\".\/clanuevo\/wp-content\/uploads\/2016\/11\/DSCN3418-300x207.jpg\" alt=\"DSCN3418\" width=\"305\" height=\"210\" \/><\/a>","protected":false},"excerpt":{"rendered":"<p>La Dra. Celia P\u00e9rez Marqu\u00e9s, la MSc. Mileidis Quintana Polanco, la Lic. Yamilka P\u00e9rez Joa, la Lic. Daileen Jackson Rodr\u00edguez y el Ing. Bladimir Cuello La O participaron en el VIII Taller Provincial \u00abLengua y Comunicaci\u00f3n\u00bb, LENCOM 2013, evento auspiciado <a href=\"https:\/\/www.cla.cu\/clanuevo\/es\/participan-5-investigadores-del-cla-en-evento-de-la-universidad-pedagogica-santiaguera\/\" class=\"read-more\">Seguir leyendo &#8230;<\/a><\/p>\n","protected":false},"author":1,"featured_media":0,"parent":0,"menu_order":0,"comment_status":"closed","ping_status":"closed","template":"","meta":[],"_links":{"self":[{"href":"https:\/\/www.cla.cu\/clanuevo\/es\/wp-json\/wp\/v2\/pages\/969"}],"collection":[{"href":"https:\/\/www.cla.cu\/clanuevo\/es\/wp-json\/wp\/v2\/pages"}],"about":[{"href":"https:\/\/www.cla.cu\/clanuevo\/es\/wp-json\/wp\/v2\/types\/page"}],"author":[{"embeddable":true,"href":"https:\/\/www.cla.cu\/clanuevo\/es\/wp-json\/wp\/v2\/users\/1"}],"replies":[{"embeddable":true,"href":"https:\/\/www.cla.cu\/clanuevo\/es\/wp-json\/wp\/v2\/comments?post=969"}],"version-history":[{"count":2,"href":"https:\/\/www.cla.cu\/clanuevo\/es\/wp-json\/wp\/v2\/pages\/969\/revisions"}],"predecessor-version":[{"id":1646,"href":"https:\/\/www.cla.cu\/clanuevo\/es\/wp-json\/wp\/v2\/pages\/969\/revisions\/1646"}],"wp:attachment":[{"href":"https:\/\/www.cla.cu\/clanuevo\/es\/wp-json\/wp\/v2\/media?parent=969"}],"curies":[{"name":"wp","href":"https:\/\/api.w.org\/{rel}","templated":true}]}}