{"id":967,"date":"2016-11-01T19:49:45","date_gmt":"2016-11-01T19:49:45","guid":{"rendered":"http:\/\/localhost\/wordpress\/?page_id=967"},"modified":"2019-06-27T20:12:31","modified_gmt":"2019-06-27T20:12:31","slug":"investigador-del-cla-diserta-en-la-i-jornada-de-estudios-linguisticos-celebrada-en-la-habana-en-ocasion-de-los-30-anos-de-la-asociacion-de-linguistas-de-cuba","status":"publish","type":"page","link":"https:\/\/www.cla.cu\/clanuevo\/es\/investigador-del-cla-diserta-en-la-i-jornada-de-estudios-linguisticos-celebrada-en-la-habana-en-ocasion-de-los-30-anos-de-la-asociacion-de-linguistas-de-cuba\/","title":{"rendered":"Investigador del CLA diserta en la I Jornada de Estudios Ling\u00fc\u00edsticos, celebrada en La Habana, en ocasi\u00f3n de los 30 a\u00f1os de la Asociaci\u00f3n de Ling\u00fcistas de Cuba"},"content":{"rendered":"<div class=\"art-PostContent\">\r\n<div class=\"art-article\">\r\n<p style=\"text-align: justify;\">El investigador auxiliar <strong>Lic. Alex Mu\u00f1oz Alvarado<\/strong>, del Centro de Ling\u00fc\u00edstica Aplicada, por invitaci\u00f3n de la presidencia nacional de la Asociaci\u00f3n de Ling\u00fcistas de Cuba, disert\u00f3 el s\u00e1bado 25 de mayo ante miembros de la filial de La Habana y asistentes de otras partes del pa\u00eds, congregados en la sede del Instituto de Literatura y Ling\u00fc\u00edstica \u201cJos\u00e9 Antonio Portuondo\u201d, sito en la capital, en la <em>I Jornada de Estudios Ling\u00fc\u00edsticos<\/em>, organizada en saludo al XXX aniversario de la creaci\u00f3n del primer comit\u00e9 ejecutivo de la asociaci\u00f3n.<\/p>\r\n<p style=\"text-align: justify;\">El tema presentado por el conferencista fue <strong>La entonaci\u00f3n de Santiago de Cuba. Su fonolog\u00eda y su fon\u00e9tica<\/strong>, l\u00ednea investigativa en la que desarrolla actualmente su aspirantura al doctorado. La Jornada estuvo presidida por el ejecutivo de la asociaci\u00f3n, en particular por su vicepresidente, MSc. Felino Mart\u00ednez \u00c1lvarez, quien tuvo a su cargo las palabras de bienvenida, y su secretario de divulgaci\u00f3n, Dr. Osvaldo Balmaseda Neyra, que fungi\u00f3 como moderador de las presentaciones.<\/p>\r\n<p style=\"text-align: justify;\">Las otras dos conferencias del encuentro fueron dictadas por los reconocidos ling\u00fcistas Dr. Sergio Vald\u00e9s Bernal, investigador del Instituto de Literatura y Ling\u00fc\u00edstica hasta su jubilaci\u00f3n y profesor titular adjunto de la Universidad de La Habana, quien expuso el tema \"Lengua y naci\u00f3n\", y Dra. Marlen Dom\u00ednguez Hern\u00e1ndez, profesora de la Facultad de Artes y Letras de la Universidad de La Habana, que se refiri\u00f3 al trabajo de las academias de la Lengua Espa\u00f1ola y, en particular, de la Academia Cubana de la Lengua. <strong>(Mayo del 2013)<\/strong>.<\/p>\r\n\r\n<\/div>\r\n<\/div>","protected":false},"excerpt":{"rendered":"<p>El investigador auxiliar Lic. Alex Mu\u00f1oz Alvarado, del Centro de Ling\u00fc\u00edstica Aplicada, por invitaci\u00f3n de la presidencia nacional de la Asociaci\u00f3n de Ling\u00fcistas de Cuba, disert\u00f3 el s\u00e1bado 25 de mayo ante miembros de la filial de La Habana y <a href=\"https:\/\/www.cla.cu\/clanuevo\/es\/investigador-del-cla-diserta-en-la-i-jornada-de-estudios-linguisticos-celebrada-en-la-habana-en-ocasion-de-los-30-anos-de-la-asociacion-de-linguistas-de-cuba\/\" class=\"read-more\">Seguir leyendo &#8230;<\/a><\/p>\n","protected":false},"author":1,"featured_media":0,"parent":0,"menu_order":0,"comment_status":"closed","ping_status":"closed","template":"","meta":[],"_links":{"self":[{"href":"https:\/\/www.cla.cu\/clanuevo\/es\/wp-json\/wp\/v2\/pages\/967"}],"collection":[{"href":"https:\/\/www.cla.cu\/clanuevo\/es\/wp-json\/wp\/v2\/pages"}],"about":[{"href":"https:\/\/www.cla.cu\/clanuevo\/es\/wp-json\/wp\/v2\/types\/page"}],"author":[{"embeddable":true,"href":"https:\/\/www.cla.cu\/clanuevo\/es\/wp-json\/wp\/v2\/users\/1"}],"replies":[{"embeddable":true,"href":"https:\/\/www.cla.cu\/clanuevo\/es\/wp-json\/wp\/v2\/comments?post=967"}],"version-history":[{"count":2,"href":"https:\/\/www.cla.cu\/clanuevo\/es\/wp-json\/wp\/v2\/pages\/967\/revisions"}],"predecessor-version":[{"id":1645,"href":"https:\/\/www.cla.cu\/clanuevo\/es\/wp-json\/wp\/v2\/pages\/967\/revisions\/1645"}],"wp:attachment":[{"href":"https:\/\/www.cla.cu\/clanuevo\/es\/wp-json\/wp\/v2\/media?parent=967"}],"curies":[{"name":"wp","href":"https:\/\/api.w.org\/{rel}","templated":true}]}}