{"id":952,"date":"2016-11-01T19:33:17","date_gmt":"2016-11-01T19:33:17","guid":{"rendered":"http:\/\/localhost\/wordpress\/?page_id=952"},"modified":"2019-06-27T20:02:13","modified_gmt":"2019-06-27T20:02:13","slug":"distinguen-al-cla-con-el-reconocimiento-con-el-esfuerzo-de-todos-venceremos","status":"publish","type":"page","link":"https:\/\/www.cla.cu\/clanuevo\/es\/distinguen-al-cla-con-el-reconocimiento-con-el-esfuerzo-de-todos-venceremos\/","title":{"rendered":"Distinguen al CLA con el reconocimiento \u201cCon el esfuerzo de todos, \u00a1Venceremos!\u201d"},"content":{"rendered":"<div class=\"art-PostContent\">\r\n<div class=\"art-article\">\r\n<p style=\"text-align: justify;\">El Gobierno en la provincia de Santiago de Cuba distingui\u00f3 al CLA con el reconocimiento <strong>\u201cCon el esfuerzo de todos, \u00a1Venceremos!\u201d<\/strong> por los positivos resultados alcanzados en el 2013.<\/p>\r\n<p style=\"text-align: justify;\">En acto solemne realizado en el Centro de Convenciones \u201cHeredia\u201d, nuestra instituci\u00f3n, junto a otras de la provincia, recibi\u00f3 el galard\u00f3n, el cual nos compromete a trabajar con mayor tenacidad y dedicaci\u00f3n en beneficio de nuestra sociedad. <strong>(14 de julio del 2013)<\/strong><\/p>\r\n\r\n<\/div>\r\n<\/div>","protected":false},"excerpt":{"rendered":"<p>El Gobierno en la provincia de Santiago de Cuba distingui\u00f3 al CLA con el reconocimiento \u201cCon el esfuerzo de todos, \u00a1Venceremos!\u201d por los positivos resultados alcanzados en el 2013. En acto solemne realizado en el Centro de Convenciones \u201cHeredia\u201d, nuestra <a href=\"https:\/\/www.cla.cu\/clanuevo\/es\/distinguen-al-cla-con-el-reconocimiento-con-el-esfuerzo-de-todos-venceremos\/\" class=\"read-more\">Seguir leyendo &#8230;<\/a><\/p>\n","protected":false},"author":1,"featured_media":0,"parent":0,"menu_order":0,"comment_status":"closed","ping_status":"closed","template":"","meta":[],"_links":{"self":[{"href":"https:\/\/www.cla.cu\/clanuevo\/es\/wp-json\/wp\/v2\/pages\/952"}],"collection":[{"href":"https:\/\/www.cla.cu\/clanuevo\/es\/wp-json\/wp\/v2\/pages"}],"about":[{"href":"https:\/\/www.cla.cu\/clanuevo\/es\/wp-json\/wp\/v2\/types\/page"}],"author":[{"embeddable":true,"href":"https:\/\/www.cla.cu\/clanuevo\/es\/wp-json\/wp\/v2\/users\/1"}],"replies":[{"embeddable":true,"href":"https:\/\/www.cla.cu\/clanuevo\/es\/wp-json\/wp\/v2\/comments?post=952"}],"version-history":[{"count":2,"href":"https:\/\/www.cla.cu\/clanuevo\/es\/wp-json\/wp\/v2\/pages\/952\/revisions"}],"predecessor-version":[{"id":1638,"href":"https:\/\/www.cla.cu\/clanuevo\/es\/wp-json\/wp\/v2\/pages\/952\/revisions\/1638"}],"wp:attachment":[{"href":"https:\/\/www.cla.cu\/clanuevo\/es\/wp-json\/wp\/v2\/media?parent=952"}],"curies":[{"name":"wp","href":"https:\/\/api.w.org\/{rel}","templated":true}]}}