{"id":948,"date":"2016-11-01T19:27:27","date_gmt":"2016-11-01T19:27:27","guid":{"rendered":"http:\/\/localhost\/wordpress\/?page_id=948"},"modified":"2019-06-27T20:04:40","modified_gmt":"2019-06-27T20:04:40","slug":"emprende-el-centro-de-linguistica-aplicada-su-iv-caravana-cientifica-nacional","status":"publish","type":"page","link":"https:\/\/www.cla.cu\/clanuevo\/es\/emprende-el-centro-de-linguistica-aplicada-su-iv-caravana-cientifica-nacional\/","title":{"rendered":"Emprende el Centro de Ling\u00fc\u00edstica Aplicada su IV Caravana Cient\u00edfica Nacional"},"content":{"rendered":"<p style=\"text-align: justify;\"><a href=\"http:\/\/www.cla.cu\/clanuevo\/wp-content\/uploads\/2016\/06\/2.jpg\"><img class=\"alignleft wp-image-750 size-medium\" src=\"http:\/\/www.cla.cu\/clanuevo\/wp-content\/uploads\/2016\/06\/2-300x225.jpg\" alt=\"2\" width=\"300\" height=\"225\" \/><\/a>Una nueva edici\u00f3n del recorrido que ha realizado a lo largo del pa\u00eds el colectivo del CLA en 1993, 1995 y 2009 ya est\u00e1 en marcha bajo el t\u00edtulo de <strong>IV Caravana Cient\u00edfica Nacional<\/strong>. El objetivo, como en las ocasiones anteriores, es contribuir a la ense\u00f1anza y al mejor conocimiento de nuestra lengua materna con obras donde se recogen o aplican varios resultados cient\u00edficos de dicha instituci\u00f3n y que ser\u00e1n distribuidas en todas las provincias.<\/p>\r\n<p style=\"text-align: justify;\">El plato fuerte consiste en un <strong>DVD <\/strong>denominado\u00a0<strong>La ling\u00fc\u00edstica al servicio de la educaci\u00f3n<\/strong>, contentivo de cinco aplicaciones inform\u00e1ticas destinadas a distintos niveles educativos: <em>Diccionario escolar ilustrado<\/em> (versi\u00f3n electr\u00f3nica 1.0), <em>Diccionario b\u00e1sico escolar<\/em> (versi\u00f3n electr\u00f3nica 4.0), <em>Isla del saber<\/em> (juego did\u00e1ctico, versi\u00f3n 1.0), <em>Por la ruta del saber<\/em> (juego did\u00e1ctico, versi\u00f3n 1.0) y <em>MELODESA<\/em> (multimedia sobre las caracter\u00edsticas de la entonaci\u00f3n en Santiago de Cuba). La distribuci\u00f3n de esta colecci\u00f3n digital es gratuita.<\/p>\r\n<p style=\"text-align: justify;\">Se a\u00f1aden tres obras impresas que podr\u00e1n ser adquiridas a precios m\u00f3dicos: <em>Ortograf\u00eda. Ejercicios m\u00faltiples<\/em>, \u00fatil para todos los que aspiran a dominar la escritura correcta del espa\u00f1ol;\u00a0<em>Desarrollo l\u00e9xico en escolares de primaria<\/em>, dirigida a educadores de este nivel escolar y <em>Prefijos y sufijos<\/em>, para la ejercitaci\u00f3n de estos elementos morfol\u00f3gicos en primaria y secundaria b\u00e1sica.<\/p>\r\n<p style=\"text-align: justify;\">La campa\u00f1a de generalizaci\u00f3n de estos resultados \u2014impulsada por los fundadores y directores de varias de las obras que se distribuyen, Dra. Elo\u00edna Miyares Berm\u00fadez y Dr. Vitelio Ruiz Hern\u00e1ndez\u2014 ha comenzado por la propia urbe en que est\u00e1 situada la instituci\u00f3n ejecutora, nuestra querida Ciudad H\u00e9roe. El viernes 6 de diciembre, los autores Dr. Leonel Ruiz Miyares, Dra. Celia P\u00e9rez Marqu\u00e9s y Lic. Alex Mu\u00f1oz Alvarado, quienes forman parte del equipo de investigadores, inform\u00e1ticos y t\u00e9cnicos que han trabajado en la realizaci\u00f3n de tales obras, expusieron sobre la gestaci\u00f3n, el contenido y la utilidad de ellas ante un numeroso conjunto de profesores y estudiantes de la Universidad de Ciencias Pedag\u00f3gicas \u00abFrank Pa\u00eds Garc\u00eda\u00bb en el teatro de esta casa de altos estudios. El auditorio escuch\u00f3 con benepl\u00e1cito la presentaci\u00f3n, interactu\u00f3 con los autores y agradeci\u00f3 la entrega de las herramientas ling\u00fc\u00edstico-did\u00e1cticas ofrecidas.<\/p>\r\n<p style=\"text-align: justify;\">Desde esta ciudad, los caravanistas continuar\u00e1n su recorrido por el resto de las provincias cubanas. El cronograma del trayecto tiene programado concluir la <strong>IV Caravana<\/strong><strong>Cient\u00edfica Nacional<\/strong> en abril del 2015 en la provincia de Matanzas. <strong>(6 de diciembre de 2013).<\/strong><\/p>\r\n<a href=\"http:\/\/www.cla.cu\/clanuevo\/wp-content\/uploads\/2016\/06\/DSCF2845.jpg\"><img class=\"alignnone wp-image-346 size-medium\" src=\"http:\/\/www.cla.cu\/clanuevo\/wp-content\/uploads\/2016\/06\/DSCF2845-300x248.jpg\" alt=\"DSCF2845\" width=\"300\" height=\"248\" \/><\/a> <a href=\"http:\/\/www.cla.cu\/clanuevo\/wp-content\/uploads\/2016\/06\/DSCF2871.jpg\"><img class=\"alignnone wp-image-347 size-medium\" src=\"http:\/\/www.cla.cu\/clanuevo\/wp-content\/uploads\/2016\/06\/DSCF2871-300x225.jpg\" alt=\"DSCF2871\" width=\"300\" height=\"225\" \/><\/a> <a href=\"http:\/\/www.cla.cu\/clanuevo\/wp-content\/uploads\/2016\/06\/CIMG2944.jpg\"><img class=\"alignnone wp-image-338 size-medium\" src=\"http:\/\/www.cla.cu\/clanuevo\/wp-content\/uploads\/2016\/06\/CIMG2944-300x225.jpg\" alt=\"CIMG2944\" width=\"300\" height=\"225\" \/><\/a> <a href=\"http:\/\/www.cla.cu\/clanuevo\/wp-content\/uploads\/2016\/06\/CIMG2947.jpg\"><img class=\"alignnone wp-image-339 size-medium\" src=\"http:\/\/www.cla.cu\/clanuevo\/wp-content\/uploads\/2016\/06\/CIMG2947-300x225.jpg\" alt=\"CIMG2947\" width=\"300\" height=\"225\" \/><\/a> <a href=\"http:\/\/www.cla.cu\/clanuevo\/wp-content\/uploads\/2016\/06\/CIMG2839.jpg\"><img class=\"alignnone wp-image-337 size-medium\" src=\"http:\/\/www.cla.cu\/clanuevo\/wp-content\/uploads\/2016\/06\/CIMG2839-300x225.jpg\" alt=\"CIMG2839\" width=\"300\" height=\"225\" \/><\/a> <a href=\"http:\/\/www.cla.cu\/clanuevo\/wp-content\/uploads\/2016\/06\/CIMG2720.jpg\"><img class=\"alignnone wp-image-336 size-medium\" src=\"http:\/\/www.cla.cu\/clanuevo\/wp-content\/uploads\/2016\/06\/CIMG2720-300x225.jpg\" alt=\"CIMG2720\" width=\"300\" height=\"225\" \/><\/a> <a href=\"http:\/\/www.cla.cu\/clanuevo\/wp-content\/uploads\/2016\/06\/CIMG3004.jpg\"><img class=\"alignnone wp-image-340 size-medium\" src=\"http:\/\/www.cla.cu\/clanuevo\/wp-content\/uploads\/2016\/06\/CIMG3004-300x225.jpg\" alt=\"CIMG3004\" width=\"300\" height=\"225\" \/><\/a> <a href=\"http:\/\/www.cla.cu\/clanuevo\/wp-content\/uploads\/2016\/06\/DSCN3791.jpg\"><img class=\"alignnone wp-image-349 size-medium\" src=\"http:\/\/www.cla.cu\/clanuevo\/wp-content\/uploads\/2016\/06\/DSCN3791-300x225.jpg\" alt=\"DSCN3791\" width=\"300\" height=\"225\" \/><\/a> <a href=\"http:\/\/www.cla.cu\/clanuevo\/wp-content\/uploads\/2016\/06\/CIMG2660.jpg\"><img class=\"alignnone wp-image-335 size-medium\" src=\"http:\/\/www.cla.cu\/clanuevo\/wp-content\/uploads\/2016\/06\/CIMG2660-284x300.jpg\" alt=\"CIMG2660\" width=\"284\" height=\"300\" \/><\/a>","protected":false},"excerpt":{"rendered":"<p>Una nueva edici\u00f3n del recorrido que ha realizado a lo largo del pa\u00eds el colectivo del CLA en 1993, 1995 y 2009 ya est\u00e1 en marcha bajo el t\u00edtulo de IV Caravana Cient\u00edfica Nacional. El objetivo, como en las ocasiones <a href=\"https:\/\/www.cla.cu\/clanuevo\/es\/emprende-el-centro-de-linguistica-aplicada-su-iv-caravana-cientifica-nacional\/\" class=\"read-more\">Seguir leyendo &#8230;<\/a><\/p>\n","protected":false},"author":1,"featured_media":0,"parent":0,"menu_order":0,"comment_status":"closed","ping_status":"closed","template":"","meta":[],"_links":{"self":[{"href":"https:\/\/www.cla.cu\/clanuevo\/es\/wp-json\/wp\/v2\/pages\/948"}],"collection":[{"href":"https:\/\/www.cla.cu\/clanuevo\/es\/wp-json\/wp\/v2\/pages"}],"about":[{"href":"https:\/\/www.cla.cu\/clanuevo\/es\/wp-json\/wp\/v2\/types\/page"}],"author":[{"embeddable":true,"href":"https:\/\/www.cla.cu\/clanuevo\/es\/wp-json\/wp\/v2\/users\/1"}],"replies":[{"embeddable":true,"href":"https:\/\/www.cla.cu\/clanuevo\/es\/wp-json\/wp\/v2\/comments?post=948"}],"version-history":[{"count":2,"href":"https:\/\/www.cla.cu\/clanuevo\/es\/wp-json\/wp\/v2\/pages\/948\/revisions"}],"predecessor-version":[{"id":1640,"href":"https:\/\/www.cla.cu\/clanuevo\/es\/wp-json\/wp\/v2\/pages\/948\/revisions\/1640"}],"wp:attachment":[{"href":"https:\/\/www.cla.cu\/clanuevo\/es\/wp-json\/wp\/v2\/media?parent=948"}],"curies":[{"name":"wp","href":"https:\/\/api.w.org\/{rel}","templated":true}]}}